{"id":34342,"date":"2020-09-13T17:16:32","date_gmt":"2020-09-13T09:16:32","guid":{"rendered":"https:\/\/mairsturnstile.com\/product\/supermarket-acilir-kapi-turnike-mt311"},"modified":"2025-04-07T18:05:41","modified_gmt":"2025-04-07T10:05:41","slug":"supermarket-salincak-kapisi","status":"publish","type":"product","link":"https:\/\/mairsturnstile.com\/tr\/urun\/supermarket-salincak-kapisi","title":{"rendered":"S\u00dcPERMARKET A\u00c7ILIR KAPI TURN\u0130KE MT311"},"content":{"rendered":"        <!-- 3D Model html -->\r\n        <div class=\"bp_grand wrapper_25604\">   \r\n        <div class=\"bp_model_parent\">\r\n            <model-viewer class=\"model\" id=\"bp_model_id_25604\" src=\"http:\/\/mairsturnstile.com\/wp-content\/uploads\/2023\/07\/MT311.glb\" alt=\"MT311\" camera-controls  loading=\"auto\" auto-rotate                        >\r\n            <\/model-viewer>\r\n        \r\n            <!-- Button -->\r\n            <svg id=\"openBtn\" width=\"30px\" height=\"30px\" viewBox=\"0 0 16 16\" xmlns=\"http:\/\/www.w3.org\/2000\/svg\" fill=\"#f2f2f2\" class=\"bi bi-arrows-fullscreen model-icon\">\r\n                <path fill-rule=\"evenodd\" d=\"M5.828 10.172a.5.5 0 0 0-.707 0l-4.096 4.096V11.5a.5.5 0 0 0-1 0v3.975a.5.5 0 0 0 .5.5H4.5a.5.5 0 0 0 0-1H1.732l4.096-4.096a.5.5 0 0 0 0-.707zm4.344 0a.5.5 0 0 1 .707 0l4.096 4.096V11.5a.5.5 0 1 1 1 0v3.975a.5.5 0 0 1-.5.5H11.5a.5.5 0 0 1 0-1h2.768l-4.096-4.096a.5.5 0 0 1 0-.707zm0-4.344a.5.5 0 0 0 .707 0l4.096-4.096V4.5a.5.5 0 1 0 1 0V.525a.5.5 0 0 0-.5-.5H11.5a.5.5 0 0 0 0 1h2.768l-4.096 4.096a.5.5 0 0 0 0 .707zm-4.344 0a.5.5 0 0 1-.707 0L1.025 1.732V4.5a.5.5 0 0 1-1 0V.525a.5.5 0 0 1 .5-.5H4.5a.5.5 0 0 1 0 1H1.732l4.096 4.096a.5.5 0 0 1 0 .707z\"\/>\r\n            <\/svg>\r\n        \r\n            <svg id=\"closeBtn\" class=\"model-icon\" width=\"34px\" height=\"34px\" viewBox=\"0 0 24 24\" xmlns=\"http:\/\/www.w3.org\/2000\/svg\">\r\n                <path fill=\"none\" stroke=\"#f2f2f2\" stroke-width=\"2\" d=\"M7,7 L17,17 M7,17 L17,7\"\/>\r\n            <\/svg>\r\n        \r\n        <\/div>\r\n        <\/div> \r\n\r\n        <!-- Model Viewer Style -->\r\n        <style>\r\n            \r\n            .wrapper_25604 .bp_model_parent, #bp_model_id_25604 {\r\n                width: 1150px;\r\n                max-width: 100%;\r\n                                            }\r\n            #bp_model_id_25604 {\r\n                height:700px;\r\n                background-color: transparent;\r\n            }\r\n            .fullscreen #bp_model_id_25604{\r\n            height: 100%;\r\n            width: 100%;\r\n            }\r\n            .wrapper_25604 .bp_model_parent{\r\n                justify-content: start            }\r\n            model-viewer.model {\r\n                --poster-color: transparent;\r\n            }\r\n        <\/style>\r\n        \r\n        \n<h4>S\u00dcPERMARKET SWING GATE 2 y\u0131l garantilidir ve uzun s\u00fcreli bak\u0131m ve onar\u0131m deste\u011fine sahiptir.<\/h4>\n<p>OEM ve ODM hizmetleri sa\u011flayabiliriz. IC\/ID kart okuyucular\u0131, parmak izi taray\u0131c\u0131lar\u0131, QR kodu taray\u0131c\u0131lar\u0131, y\u00fcz tan\u0131ma kameralar\u0131 vb. gibi biyometrik cihazlar da sa\u011fl\u0131yoruz.<\/p>\n<p>S\u00fcpermarket sal\u0131ncak kap\u0131s\u0131, b\u00fcy\u00fck s\u00fcpermarketlerin ve insans\u0131z s\u00fcpermarketlerin giri\u015f ve \u00e7\u0131k\u0131\u015f\u0131 i\u00e7in \u00f6zel olarak kullan\u0131lan bir t\u00fcr k\u0131z\u0131l\u00f6tesi veya radar otomatik ind\u00fcksiyonlu silindirik sal\u0131ncak turnike kap\u0131s\u0131d\u0131r. S\u00fcpermarket sal\u0131ncak turnikesinin kanat \u00e7ubu\u011funun uzunlu\u011fu, s\u00fcpermarket giri\u015finin geni\u015fli\u011fine g\u00f6re \u00f6zelle\u015ftirilebilir. Tabii ki, bu s\u00fcpermarket d\u00f6ner kap\u0131s\u0131 ayn\u0131 zamanda depolar, giyim ma\u011fazalar\u0131, s\u00fcpermarketler, kuyumcular, al\u0131\u015fveri\u015f merkezleri, kozmetik ma\u011fazalar\u0131, kitap\u00e7\u0131lar vb. yerlerde de kullan\u0131labilir. S\u00fcpermarket d\u00f6ner kap\u0131s\u0131, manuel alg\u0131laman\u0131n olmamas\u0131, y\u00fcksek verimlilik, h\u0131zl\u0131, g\u00fcvenli ve iyi hizmet avantajlar\u0131na sahiptir.<\/p>\n<p>S\u00fcpermarketin a\u00e7\u0131l\u0131r kap\u0131s\u0131, ger\u00e7ek ihtiya\u00e7lar\u0131n\u0131za g\u00f6re kanal geni\u015fli\u011fine g\u00f6re \u00f6zelle\u015ftirilebilir. \u00d6rne\u011fin, yukar\u0131daki videoda m\u00fc\u015fterilerimiz ultra geni\u015f kanallara sahip s\u00fcpermarket sal\u0131ncak bariyer kap\u0131s\u0131n\u0131 \u00f6zelle\u015ftirdiler. Tabi ki s\u00fcpermarketlere uygun bir s\u00fcpermarket giri\u015f turnikesi sal\u0131ncak turnike kap\u0131m\u0131z daha bulunmaktad\u0131r. Bu s\u00fcpermarket sal\u0131ncak bariyer kap\u0131s\u0131n\u0131n sizin i\u00e7in uygun olmad\u0131\u011f\u0131n\u0131 d\u00fc\u015f\u00fcn\u00fcyorsan\u0131z, l\u00fctfen di\u011fer \u00fcr\u00fcnlerimizi kontrol edin: <a href=\"https:\/\/mairsturnstile.com\/product\/supermarket-entrance-turnstile\">S\u00fcpermarket Turnikeleri<\/a><\/p>\n<p>Ger\u00e7ek senaryonuza g\u00f6re birka\u00e7 dakika i\u00e7inde sizin i\u00e7in bir render da olu\u015fturabiliriz. Ayr\u0131ca ayr\u0131nt\u0131l\u0131 yerle\u015fim planlar\u0131 ve \u00e7izimlerin yan\u0131 s\u0131ra kurulum \u00e7izimleri de sa\u011fl\u0131yoruz.<\/p>\n\n        \t\n\t<style type=\"text\/css\">\n\t\t.slider-info-25611.bafg-slider-info .bafg-slider-title {\n\t\t\t\t\t\tfont-size: 22px;\n\t\t\t\t\t\t\n\t\t\t\n\t\t\t\t\t}\n\n\t\t.slider-info-25611.bafg-slider-info .bafg-slider-description {\n\t\t\t\n\t\t\t\n\t\t\t\t\t}\n\n\t\t.slider-info-25611.bafg-slider-info .bafg_slider_readmore_button {\n\t\t\t\n\t\t\t\n\t\t\t\n\t\t\t\n\t\t\t\n\t\t\ttext-align: center;\n\n\t\t\t\n\t\t\t\n\t\t\t\n\t\t\t\n\t\t\t\n\t\t\t\n\t\t\t\t\t}\n\n\t\t.slider-info-25611.bafg-slider-info .bafg_slider_readmore_button:hover {\n\n\t\t\t\n\t\t\t\n\t\t\t\t\t}\n\n\t<\/style>\n\t\n        <div class=\"bafg-twentytwenty-container slider-25611 \" bafg-orientation=\"horizontal\" bafg-default-offset=\"0.5\" bafg-before-label=\"Before\" bafg-after-label=\"After\" bafg-overlay=\"yes\" bafg-move-slider-on-hover=\"yes\" bafg-click-to-move=\"no\">\n              \n            <img decoding=\"async\" class=\"skip-lazy\" src=\"http:\/\/mairsturnstile.com\/wp-content\/uploads\/2023\/07\/supermarket-swing-gate_8.jpg\" alt=\"\" data-skip-lazy title=\"\">\n            <img decoding=\"async\" class=\"skip-lazy\" src=\"http:\/\/mairsturnstile.com\/wp-content\/uploads\/2023\/07\/supermarket-swing-gate_9.jpg\" alt=\"\" data-skip-lazy title=\"\">\n           \n        <\/div>\n\n        \t<div class=\"bafg-slider-info-wraper\">\n\t\t<div style=\"\" class=\"slider-info-25611 bafg-slider-info\">\n\t\t\t\t\t<\/div>\n\t<\/div>\n\t\n        <style type=\"text\/css\">\n            \n        <\/style>\n        \n<p>Birisi s\u00fcpermarkete girdi\u011finde s\u00fcpermarketin kanatl\u0131 kap\u0131s\u0131 otomatik olarak a\u00e7\u0131lacakt\u0131r. \u0130nsanlar s\u00fcpermarkete d\u00fczenli bir \u015fekilde girecekler. D\u0131\u015far\u0131 \u00e7\u0131kam\u0131yorlar. Tek taraftan ge\u00e7ebilirler. Baz\u0131 hastanelerin veya depolar\u0131n giri\u015f kap\u0131lar\u0131nda da kullan\u0131labilirler. Korkuluklu s\u00fcpermarket giri\u015f turnikesi, s\u00fcpermarkete giren insanlar\u0131n ak\u0131\u015f\u0131n\u0131 kontrol etmek ve s\u00fcpermarkete standart ve d\u00fczenli eri\u015fimi sa\u011flamak i\u00e7in uygundur. S\u00fcpermarkete hi\u00e7bir personel girmedi\u011finde s\u00fcpermarket d\u00f6ner turnike kap\u0131s\u0131 otomatik olarak kilitlenecektir.<\/p>\n<p>Genellikle insanlar d\u00f6ner turnike kap\u0131s\u0131na girdi\u011finde, yerle\u015fik radar veya k\u0131z\u0131l\u00f6tesi sens\u00f6r ki\u015fiyi alg\u0131lar ve d\u00f6ner turnike kap\u0131y\u0131 otomatik olarak a\u00e7ar. Ki\u015fi ge\u00e7tikten sonra k\u0131z\u0131l\u00f6tesi veya radar da otomatik olarak alg\u0131layacak ve ard\u0131ndan s\u00fcpermarket turnike kap\u0131s\u0131 otomatik olarak kapanacakt\u0131r. Bazen maliyetlerden tasarruf etmek i\u00e7in yaln\u0131zca iki s\u00fctun bulunur. Bu t\u00fcr s\u00fcpermarket sal\u0131ncak bariyerinin belirlenen s\u00fcreye g\u00f6re kapat\u0131lmas\u0131 gerekir.<\/p>\n<p>S\u00fcpermarket sal\u0131ncak kap\u0131s\u0131, s\u00fcpermarket deposu yaya eri\u015fim kontrol\u00fc i\u00e7in yayg\u0131n olarak kullan\u0131lmaktad\u0131r. \u00dccretsiz eri\u015fim sa\u011flamak i\u00e7in \u00e7it her iki tarafa da eklenebilir. Yerden tasarruf edebilecek boyuttad\u0131r. Acil \u00e7\u0131k\u0131\u015f olarak da kullan\u0131labilir. Mairsturnstile, en kaliteli <a href=\"https:\/\/mairsturnstile.com\/swing-turnstile-gate.html\">Swing turnike kap\u0131s\u0131n\u0131<\/a> \u00e7evrimi\u00e7i olarak en ucuz fiyata sunar. Profesyonel turnike \u00fcreticisi Mairs, en ucuz s\u00fcpermarket sal\u0131ncak kap\u0131s\u0131 turnike bariyer kap\u0131s\u0131n\u0131 sunar.<\/p>\n<ul>\n<li>Acil bir durumda l\u00fctfen elektri\u011fi kesiniz, Eri\u015fim turnikesi otomatik olarak a\u00e7\u0131larak yang\u0131n g\u00fcvenli\u011fi gerekliliklerine uygun olarak serbest ge\u00e7i\u015fe izin verecektir.<\/li>\n<li>Eri\u015fim turnikesi s\u00fcpermarket <a href=\"https:\/\/en.wikipedia.org\/wiki\/Access_control\" target=\"_blank\" rel=\"noopener\">eri\u015fim kontrol\u00fc<\/a> i\u00e7in uygundur.<\/li>\n<li>T\u00fcm sistem d\u00fc\u015f\u00fck g\u00fcr\u00fclt\u00fcyle sorunsuz \u00e7al\u0131\u015f\u0131r.<\/li>\n<li>Maksimum Kol uzunlu\u011fu: 800 mm<\/li>\n<li>S\u00fcpermarket i\u00e7in yayg\u0131n olarak kullan\u0131l\u0131r<\/li>\n<li>Alarm fonksiyonu, yasa d\u0131\u015f\u0131 bir sald\u0131r\u0131 veya ters sald\u0131r\u0131 varsa, kap\u0131 alarm verir ve kap\u0131 kilitlenir.<\/li>\n<li>Bir \u00e7itle birlikte gelirse, serbest eri\u015fimi sa\u011flamak i\u00e7in sens\u00f6r eklenebilir. Orta sens\u00f6r yayalar\u0131n s\u0131k\u0131\u015fmas\u0131n\u0131 \u00f6nlemek i\u00e7indir.<\/li>\n<li>Kuyruk \u00f6nleme i\u015flevi, bir ki\u015fi ayn\u0131 anda ge\u00e7ebilir. Birisi \u00f6ndekilerin pe\u015finden ko\u015farsa, kap\u0131 alarm verecektir.<\/li>\n<li>\u00c7ift y\u00f6nl\u00fc eri\u015fim, daha fazla kap\u0131 ihtiyac\u0131n\u0131 azalt\u0131r. Ge\u00e7i\u015f verimlili\u011fini art\u0131ran tekerlekli sandalye ve al\u0131\u015fveri\u015f arabas\u0131 i\u00e7in uygundur. S\u00fcpermarketlerde yayg\u0131n olarak sadece giri\u015f ama\u00e7l\u0131 g\u00f6r\u00fclen tek y\u00f6n olarak da \u00e7al\u0131\u015fabilmektedir.<\/li>\n<li>Otomatik s\u0131f\u0131rlama i\u015flevi. Ki\u015filerin belirlenen s\u00fcre i\u00e7erisinde (varsay\u0131lan s\u00fcre 5 saniyedir) ge\u00e7memesi durumunda sistem kullan\u0131c\u0131n\u0131n yetkisini iptal edecek ve otomatik olarak kapanacakt\u0131r.<\/li>\n<li>Paslanmaz \u00e7elik bir koldur. \u015eerit geni\u015fli\u011fi, bisiklet veya motosiklet eri\u015fimi i\u00e7in kullan\u0131labilecek 1600 mm&#8217;ye ula\u015fabilir.<\/li>\n<\/ul>\n<p>T\u00fcm g\u00fcvenlik eri\u015fim kontrol\u00fc \u00e7\u00f6z\u00fcm\u00fcn\u00fc sa\u011flayabiliriz. Kendi ge\u00e7i\u015f kontrol sisteminiz varsa, do\u011frudan turnike kap\u0131m\u0131z\u0131 kullanabilirsiniz. E\u011fer yoksa, eksiksiz bir g\u00fcvenlik eri\u015fim kontrol\u00fc \u00e7\u00f6z\u00fcm\u00fc de sa\u011fl\u0131yoruz. Ayr\u0131nt\u0131lar i\u00e7in l\u00fctfen a\u015fa\u011f\u0131daki videoya bak\u0131n.<\/p>\n<p><iframe title=\"Yaya D\u00f6ner Kap\u0131, Motorlu D\u00f6ner Kap\u0131, Silindirik D\u00f6ner Turnike - MairsTurnstile.com\" src=\"https:\/\/www.youtube.com\/embed\/Z69v4_4BlEA\" width=\"1150\" height=\"650\" frameborder=\"0\" allowfullscreen=\"allowfullscreen\"><\/iframe><\/p>\n","protected":false},"excerpt":{"rendered":"<p>1. Boyut: 168*1000 mm (\u00f6zelle\u015ftirilebilir)<\/p>\n<p>2. Kol malzemesi: 304 paslanmaz \u00e7elik<\/p>\n<p>3. Ge\u00e7i\u015f h\u0131z\u0131: 40 ki\u015fi\/dakika<\/p>\n<p>4. G\u00fc\u00e7 kayna\u011f\u0131: 110 V\/220 V 50\/60 Hz<\/p>\n<p>5. S\u00fcr\u00fc\u015f T\u00fcketimi: 20 W<\/p>\n<p>6. Kap\u0131 A\u00e7\u0131k Sinyali: Kuru Kontak\/ R\u00f6le<\/p>\n<p>7. S\u00fcr\u00fc\u015f Motoru: 24 V<\/p>\n<p>8. Eri\u015fim turnikesi A\u011f\u0131rl\u0131k: 30 kg\/adet<\/p>\n<p>9. Manuel olan\u0131 mevcuttur<\/p>\n<p><span style=\"color: #0000ff;\"><strong><a style=\"color: #0000ff;\" title=\"Mairs CE Belgeli Sal\u0131ncak Turnike Kap\u0131s\u0131\" href=\"http:\/\/mairsturnstile.com\/wp-content\/uploads\/2022\/09\/Mairs-CE-Certificate-Swing-Turnstile-Gate.pdf\" target=\"_blank\" rel=\"noopener noreferrer\">CE Belgeli,<\/a> <a style=\"color: #0000ff;\" title=\"Mairs ISO9001 Sertifikas\u0131\" href=\"http:\/\/mairsturnstile.com\/wp-content\/uploads\/2022\/09\/Mairs-Registration-Certificate-ISO9001.pdf\" target=\"_blank\" rel=\"noopener noreferrer\">ISO9001 Sertifikal\u0131.<\/a><\/strong><\/span><\/p>\n<p><a title=\"S\u00fcpermarket \u00c7arpma Kap\u0131 Bro\u015f\u00fcr\u00fc\" href=\"http:\/\/mairsturnstile.com\/wp-content\/uploads\/2023\/12\/MT311-brochure.pdf\" target=\"_blank\" rel=\"noopener noreferrer\" data-wp-editing=\"1\"><img decoding=\"async\" class=\"alignnone size-full wp-image-11034\" src=\"http:\/\/mairsturnstile.com\/wp-content\/uploads\/2022\/09\/pdf-MairsTurnstile.png\" alt=\"\" width=\"32\" height=\"32\"><strong><span style=\"color: #0000ff;\">MT311 S\u00fcpermarket \u00c7arpma Kap\u0131 Bro\u015f\u00fcr\u00fc<\/span><\/strong><\/a><\/p>\n","protected":false},"featured_media":57963,"comment_status":"closed","ping_status":"closed","template":"","meta":{"neve_meta_sidebar":"","neve_meta_container":"","neve_meta_enable_content_width":"off","neve_meta_content_width":0,"neve_meta_title_alignment":"","neve_meta_author_avatar":"","neve_post_elements_order":"","neve_meta_disable_header":"","neve_meta_disable_footer":"","neve_meta_disable_title":"","_ti_tpc_template_sync":false,"_ti_tpc_template_id":""},"product_cat":[1916,1917],"product_tag":[1926,1947,1922,1927],"class_list":["post-34342","product","type-product","status-publish","has-post-thumbnail","hentry","product_cat-guvenlik-turnikeleri","product_cat-salincak-turnike-kapisi","product_tag-cikis-turnikesi","product_tag-salincak-bariyeri-turnikesi","product_tag-salincak-turnikesi","product_tag-supermarket-salincak-kapisi"],"_links":{"self":[{"href":"https:\/\/mairsturnstile.com\/tr\/wp-json\/wp\/v2\/product\/34342","targetHints":{"allow":["GET"]}}],"collection":[{"href":"https:\/\/mairsturnstile.com\/tr\/wp-json\/wp\/v2\/product"}],"about":[{"href":"https:\/\/mairsturnstile.com\/tr\/wp-json\/wp\/v2\/types\/product"}],"replies":[{"embeddable":true,"href":"https:\/\/mairsturnstile.com\/tr\/wp-json\/wp\/v2\/comments?post=34342"}],"version-history":[{"count":0,"href":"https:\/\/mairsturnstile.com\/tr\/wp-json\/wp\/v2\/product\/34342\/revisions"}],"wp:featuredmedia":[{"embeddable":true,"href":"https:\/\/mairsturnstile.com\/tr\/wp-json\/wp\/v2\/media\/57963"}],"wp:attachment":[{"href":"https:\/\/mairsturnstile.com\/tr\/wp-json\/wp\/v2\/media?parent=34342"}],"wp:term":[{"taxonomy":"product_cat","embeddable":true,"href":"https:\/\/mairsturnstile.com\/tr\/wp-json\/wp\/v2\/product_cat?post=34342"},{"taxonomy":"product_tag","embeddable":true,"href":"https:\/\/mairsturnstile.com\/tr\/wp-json\/wp\/v2\/product_tag?post=34342"}],"curies":[{"name":"wp","href":"https:\/\/api.w.org\/{rel}","templated":true}]}}