{"id":34343,"date":"2020-09-13T17:18:43","date_gmt":"2020-09-13T09:18:43","guid":{"rendered":"https:\/\/mairsturnstile.com\/product\/yaya-tek-yonlu-sallanir-kapi-mt312"},"modified":"2024-11-01T11:38:25","modified_gmt":"2024-11-01T03:38:25","slug":"tek-yonlu-acilir-kapi","status":"publish","type":"product","link":"https:\/\/mairsturnstile.com\/tr\/urun\/tek-yonlu-acilir-kapi","title":{"rendered":"YAYA TEK Y\u00d6NL\u00dc SALLANIR KAPI MT312"},"content":{"rendered":"        <!-- 3D Model html -->\r\n        <div class=\"bp_grand wrapper_26000\">   \r\n        <div class=\"bp_model_parent\">\r\n            <model-viewer class=\"model\" id=\"bp_model_id_26000\" src=\"http:\/\/mairsturnstile.com\/wp-content\/uploads\/2023\/07\/MT312.glb\" alt=\"MT312\" camera-controls  loading=\"auto\" auto-rotate                        >\r\n            <\/model-viewer>\r\n        \r\n            <!-- Button -->\r\n            <svg id=\"openBtn\" width=\"30px\" height=\"30px\" viewBox=\"0 0 16 16\" xmlns=\"http:\/\/www.w3.org\/2000\/svg\" fill=\"#f2f2f2\" class=\"bi bi-arrows-fullscreen model-icon\">\r\n                <path fill-rule=\"evenodd\" d=\"M5.828 10.172a.5.5 0 0 0-.707 0l-4.096 4.096V11.5a.5.5 0 0 0-1 0v3.975a.5.5 0 0 0 .5.5H4.5a.5.5 0 0 0 0-1H1.732l4.096-4.096a.5.5 0 0 0 0-.707zm4.344 0a.5.5 0 0 1 .707 0l4.096 4.096V11.5a.5.5 0 1 1 1 0v3.975a.5.5 0 0 1-.5.5H11.5a.5.5 0 0 1 0-1h2.768l-4.096-4.096a.5.5 0 0 1 0-.707zm0-4.344a.5.5 0 0 0 .707 0l4.096-4.096V4.5a.5.5 0 1 0 1 0V.525a.5.5 0 0 0-.5-.5H11.5a.5.5 0 0 0 0 1h2.768l-4.096 4.096a.5.5 0 0 0 0 .707zm-4.344 0a.5.5 0 0 1-.707 0L1.025 1.732V4.5a.5.5 0 0 1-1 0V.525a.5.5 0 0 1 .5-.5H4.5a.5.5 0 0 1 0 1H1.732l4.096 4.096a.5.5 0 0 1 0 .707z\"\/>\r\n            <\/svg>\r\n        \r\n            <svg id=\"closeBtn\" class=\"model-icon\" width=\"34px\" height=\"34px\" viewBox=\"0 0 24 24\" xmlns=\"http:\/\/www.w3.org\/2000\/svg\">\r\n                <path fill=\"none\" stroke=\"#f2f2f2\" stroke-width=\"2\" d=\"M7,7 L17,17 M7,17 L17,7\"\/>\r\n            <\/svg>\r\n        \r\n        <\/div>\r\n        <\/div> \r\n\r\n        <!-- Model Viewer Style -->\r\n        <style>\r\n            \r\n            .wrapper_26000 .bp_model_parent, #bp_model_id_26000 {\r\n                width: 1150px;\r\n                max-width: 100%;\r\n                                            }\r\n            #bp_model_id_26000 {\r\n                height:700px;\r\n                background-color: #f9f9f9;\r\n            }\r\n            .fullscreen #bp_model_id_26000{\r\n            height: 100%;\r\n            width: 100%;\r\n            }\r\n            .wrapper_26000 .bp_model_parent{\r\n                justify-content: start            }\r\n            model-viewer.model {\r\n                --poster-color: transparent;\r\n            }\r\n        <\/style>\r\n        \r\n        \n<h4>YAYA SALLANIR TURN\u0130KE TEK Y\u00d6NL\u00dc SALLANIR KAPI 2 y\u0131l garantili olup uzun \u00f6m\u00fcrl\u00fc bak\u0131m ve onar\u0131m deste\u011fi ta\u015f\u0131r.<\/h4>\n<p>OEM ve ODM hizmetleri sa\u011flayabiliriz. \u0130htiya\u00e7lar\u0131n\u0131zdan herhangi birine g\u00f6re derin \u00f6zelle\u015ftirmeyi tamamlayabilen deneyimli tasar\u0131mc\u0131lar\u0131m\u0131z var. 3D render, boyutlu \u00e7izimler gibi bir dizi malzemeyi en k\u0131sa s\u00fcrede sa\u011flayaca\u011f\u0131z. IC\/ID kart okuyucular\u0131, parmak izi taray\u0131c\u0131lar\u0131, QR kodu taray\u0131c\u0131lar\u0131, y\u00fcz tan\u0131ma kameralar\u0131 vb. gibi biyometrik cihazlar da sa\u011fl\u0131yoruz.<\/p>\n<p style=\"font-weight: 400;\"><span style=\"font-style: inherit; font-weight: inherit;\">Dikey SUS304 Yaya Sal\u0131ncak Bariyeri kap\u0131s\u0131 g\u00fcvenlik turnikesi Kart Okuyuculu tek y\u00f6nl\u00fc sal\u0131ncak kap\u0131s\u0131. Mairs, en kaliteli tek y\u00f6nl\u00fc sal\u0131ncak kap\u0131s\u0131 tek y\u00f6nl\u00fc sal\u0131ncak turnike kap\u0131s\u0131n\u0131 sat\u0131\u015fa sunmaktad\u0131r.<\/span><\/p>\n<p>Y\u00fcksek performansl\u0131 bir g\u00fcvenlik d\u00f6ner <a href=\"https:\/\/mairsturnstile.com\/category\/swing-turnstile-gate\">bariyer turnike kap\u0131s\u0131<\/a> olan Optik d\u00f6ner turnike, bir\u00e7ok avantaj\u0131 sayesinde bir\u00e7ok yerde kullan\u0131labilir. Ge\u00e7i\u015flerde ak\u0131ll\u0131 y\u00f6netim yapmak isteyen otob\u00fcs duraklar\u0131, limanlar, mahalleler, oteller, kul\u00fcpler ve \u015firketlerde yayg\u0131n olarak uygulanmaktad\u0131r. 316 <a href=\"https:\/\/en.wikipedia.org\/wiki\/Stainless_steel\" target=\"_blank\" rel=\"noopener\">paslanmaz \u00e7elik<\/a> mevcuttur. Yerden tasarruf edebilecek k\u00fc\u00e7\u00fck bir boyuttur.<\/p>\n<p>Ger\u00e7ek senaryonuza g\u00f6re birka\u00e7 dakika i\u00e7inde sizin i\u00e7in bir render da olu\u015fturabiliriz. Ayr\u0131ca ayr\u0131nt\u0131l\u0131 yerle\u015fim ve \u00e7izimlerin yan\u0131 s\u0131ra kurulum \u00e7izimleri de sa\u011fl\u0131yoruz.<\/p>\n\n        \t\n\t<style type=\"text\/css\">\n\t\t.slider-info-26001.bafg-slider-info .bafg-slider-title {\n\t\t\t\t\t\tfont-size: 22px;\n\t\t\t\t\t\t\n\t\t\t\n\t\t\t\t\t}\n\n\t\t.slider-info-26001.bafg-slider-info .bafg-slider-description {\n\t\t\t\n\t\t\t\n\t\t\t\t\t}\n\n\t\t.slider-info-26001.bafg-slider-info .bafg_slider_readmore_button {\n\t\t\t\n\t\t\t\n\t\t\t\n\t\t\t\n\t\t\t\n\t\t\ttext-align: center;\n\n\t\t\t\n\t\t\t\n\t\t\t\n\t\t\t\n\t\t\t\n\t\t\t\n\t\t\t\t\t}\n\n\t\t.slider-info-26001.bafg-slider-info .bafg_slider_readmore_button:hover {\n\n\t\t\t\n\t\t\t\n\t\t\t\t\t}\n\n\t<\/style>\n\t\n        <div class=\"bafg-twentytwenty-container slider-26001 \" bafg-orientation=\"horizontal\" bafg-default-offset=\"0.5\" bafg-before-label=\"Before\" bafg-after-label=\"After\" bafg-overlay=\"yes\" bafg-move-slider-on-hover=\"yes\" bafg-click-to-move=\"no\">\n              \n            <img decoding=\"async\" class=\"skip-lazy\" src=\"http:\/\/mairsturnstile.com\/wp-content\/uploads\/2023\/07\/one-way-swing-gate_4.jpg\" alt=\"\" data-skip-lazy title=\"\">\n            <img decoding=\"async\" class=\"skip-lazy\" src=\"http:\/\/mairsturnstile.com\/wp-content\/uploads\/2023\/07\/one-way-swing-gate_5.jpg\" alt=\"\" data-skip-lazy title=\"\">\n           \n        <\/div>\n\n        \t<div class=\"bafg-slider-info-wraper\">\n\t\t<div style=\"\" class=\"slider-info-26001 bafg-slider-info\">\n\t\t\t\t\t<\/div>\n\t<\/div>\n\t\n        <style type=\"text\/css\">\n            \n        <\/style>\n        \n<ul>\n<li>Acil durumlarda l\u00fctfen elektri\u011fi kesiniz, yang\u0131n g\u00fcvenli\u011fi gerekliliklerine uygun olarak d\u00f6ner turnike otomatik olarak a\u00e7\u0131larak serbest ge\u00e7i\u015fe izin verecektir.<\/li>\n<li>Tek y\u00f6nl\u00fc a\u00e7\u0131l\u0131r kap\u0131, \u00e7e\u015fitli giri\u015f \u00e7\u00f6z\u00fcmlerine uygundur.<\/li>\n<li>T\u00fcm sistem d\u00fc\u015f\u00fck g\u00fcr\u00fclt\u00fcyle sorunsuz \u00e7al\u0131\u015f\u0131r.<\/li>\n<li>En iyi yaya sal\u0131ncak bariyeri turnikesi tek y\u00f6nl\u00fc sal\u0131ncak kap\u0131s\u0131.<\/li>\n<li>Alarm fonksiyonu, yasad\u0131\u015f\u0131 bir izinsiz giri\u015f ve ters izinsiz giri\u015f varsa, kap\u0131 alarm verir ve kap\u0131 kilitlenir.<\/li>\n<li>Yayalar\u0131n s\u0131k\u0131\u015fmas\u0131n\u0131 \u00f6nlemek i\u00e7in toplam 2 \u00e7ift k\u0131z\u0131l\u00f6tesi sens\u00f6r bulunmaktad\u0131r.<\/li>\n<li>Kuyruk \u00f6nleme i\u015flevi, bir ki\u015fi ayn\u0131 anda ge\u00e7ebilir. Birisi \u00f6ndekilerin pe\u015finden ko\u015farsa, kap\u0131 alarm verecektir.<\/li>\n<li>LED g\u00f6stergesi. K\u0131z\u0131l ha\u00e7 ve ye\u015fil ok.<\/li>\n<li>\u00c7ift y\u00f6nl\u00fc eri\u015fim, daha fazla kap\u0131 ihtiyac\u0131n\u0131 azalt\u0131r. Tekerlekli sandalye i\u00e7in uygundur, al\u0131\u015fveri\u015f arabas\u0131 ge\u00e7i\u015f verimlili\u011fini art\u0131r\u0131r.<\/li>\n<li>Otomatik s\u0131f\u0131rlama i\u015flevi. Ki\u015filerin belirlenen s\u00fcre i\u00e7erisinde (varsay\u0131lan s\u00fcre 5 saniyedir) ge\u00e7memesi durumunda sistem kullan\u0131c\u0131n\u0131n yetkisini iptal edecek ve otomatik olarak kapanacakt\u0131r.<\/li>\n<li>Paslanmaz \u00e7elik bir koldur. \u015eerit geni\u015fli\u011fi, bisiklet veya motosiklet eri\u015fimi i\u00e7in kullan\u0131labilecek 1600 mm&#8217;ye ula\u015fabilir.<\/li>\n<\/ul>\n<p>T\u00fcm g\u00fcvenlik eri\u015fim kontrol\u00fc \u00e7\u00f6z\u00fcm\u00fcn\u00fc sa\u011flayabiliriz. Kendi ge\u00e7i\u015f kontrol sisteminiz varsa, do\u011frudan turnike kap\u0131m\u0131z\u0131 kullanabilirsiniz. E\u011fer yoksa, eksiksiz bir g\u00fcvenlik eri\u015fim kontrol\u00fc \u00e7\u00f6z\u00fcm\u00fc de sa\u011fl\u0131yoruz. Ayr\u0131nt\u0131lar i\u00e7in l\u00fctfen a\u015fa\u011f\u0131daki videoya bak\u0131n.<\/p>\n<p><iframe title=\"Yaya D\u00f6ner Kap\u0131, Motorlu D\u00f6ner Kap\u0131, Silindirik D\u00f6ner Turnike - MairsTurnstile.com\" src=\"https:\/\/www.youtube.com\/embed\/Z69v4_4BlEA\" width=\"1150\" height=\"650\" frameborder=\"0\" allowfullscreen=\"allowfullscreen\"><\/iframe><\/p>\n","protected":false},"excerpt":{"rendered":"<p>1. Boyut: 420*330*980 mm (\u00f6zelle\u015ftirilebilir)<\/p>\n<p>2. Maksimum kol uzunlu\u011fu: 800 mm (\u00f6zelle\u015ftirilebilir)<\/p>\n<p>3. Ge\u00e7i\u015f h\u0131z\u0131: 40 ki\u015fi\/dakika<\/p>\n<p>4. G\u00fc\u00e7 kayna\u011f\u0131: 110 V\/220 V 50\/60 Hz<\/p>\n<p>5. S\u00fcr\u00fc\u015f T\u00fcketimi: 20 W<\/p>\n<p>6. Kap\u0131 A\u00e7\u0131k Sinyalinde: Kuru Kontak \/ R\u00f6le<\/p>\n<p>7. S\u00fcr\u00fc\u015f Motoru: 24 V<\/p>\n<p>8. G\u00fcvenlik turnike kap\u0131s\u0131 A\u011f\u0131rl\u0131k: 30 kg\/adet<\/p>\n<p>9. \u00dcst kapaktaki LED g\u00f6sterge \u0131\u015f\u0131\u011f\u0131<\/p>\n<p><strong><a title=\"Mairs CE Belgeli Sal\u0131ncak Turnike Kap\u0131s\u0131\" href=\"http:\/\/mairsturnstile.com\/wp-content\/uploads\/2022\/09\/Mairs-CE-Certificate-Swing-Turnstile-Gate.pdf\" target=\"_blank\" rel=\"noopener noreferrer\">CE Belgeli,<\/a> <a title=\"Mairs ISO9001 Sertifikas\u0131\" href=\"http:\/\/mairsturnstile.com\/wp-content\/uploads\/2022\/09\/Mairs-Registration-Certificate-ISO9001.pdf\" target=\"_blank\" rel=\"noopener noreferrer\">ISO9001 Sertifikal\u0131.<\/a><\/strong><\/p>\n","protected":false},"featured_media":60006,"comment_status":"closed","ping_status":"closed","template":"","meta":{"neve_meta_sidebar":"","neve_meta_container":"","neve_meta_enable_content_width":"off","neve_meta_content_width":0,"neve_meta_title_alignment":"","neve_meta_author_avatar":"","neve_post_elements_order":"","neve_meta_disable_header":"","neve_meta_disable_footer":"","neve_meta_disable_title":"","_ti_tpc_template_sync":false,"_ti_tpc_template_id":""},"product_cat":[1916,1917],"product_tag":[1939,2524,2552,1941],"class_list":["post-34343","product","type-product","status-publish","has-post-thumbnail","hentry","product_cat-guvenlik-turnikeleri","product_cat-salincak-turnike-kapisi","product_tag-bir-turnike-maliyeti-ne-kadar","product_tag-salincak-turnike-kapisi","product_tag-tek-yonlu-salincak-kapisi","product_tag-turnike-maliyeti"],"_links":{"self":[{"href":"https:\/\/mairsturnstile.com\/tr\/wp-json\/wp\/v2\/product\/34343","targetHints":{"allow":["GET"]}}],"collection":[{"href":"https:\/\/mairsturnstile.com\/tr\/wp-json\/wp\/v2\/product"}],"about":[{"href":"https:\/\/mairsturnstile.com\/tr\/wp-json\/wp\/v2\/types\/product"}],"replies":[{"embeddable":true,"href":"https:\/\/mairsturnstile.com\/tr\/wp-json\/wp\/v2\/comments?post=34343"}],"version-history":[{"count":0,"href":"https:\/\/mairsturnstile.com\/tr\/wp-json\/wp\/v2\/product\/34343\/revisions"}],"wp:featuredmedia":[{"embeddable":true,"href":"https:\/\/mairsturnstile.com\/tr\/wp-json\/wp\/v2\/media\/60006"}],"wp:attachment":[{"href":"https:\/\/mairsturnstile.com\/tr\/wp-json\/wp\/v2\/media?parent=34343"}],"wp:term":[{"taxonomy":"product_cat","embeddable":true,"href":"https:\/\/mairsturnstile.com\/tr\/wp-json\/wp\/v2\/product_cat?post=34343"},{"taxonomy":"product_tag","embeddable":true,"href":"https:\/\/mairsturnstile.com\/tr\/wp-json\/wp\/v2\/product_tag?post=34343"}],"curies":[{"name":"wp","href":"https:\/\/api.w.org\/{rel}","templated":true}]}}