{"id":34346,"date":"2020-09-13T00:02:12","date_gmt":"2020-09-12T16:02:12","guid":{"rendered":"https:\/\/mairsturnstile.com\/product\/yeni-tasarim-kapak-bariyer-erisim-turnikesi-mt257"},"modified":"2023-11-01T19:48:26","modified_gmt":"2023-11-01T11:48:26","slug":"erisim-turnikesi","status":"publish","type":"product","link":"https:\/\/mairsturnstile.com\/tr\/urun\/erisim-turnikesi","title":{"rendered":"YEN\u0130 TASARIM KAPAK BAR\u0130YER ER\u0130\u015e\u0130M TURN\u0130KES\u0130 MT257"},"content":{"rendered":"        <!-- 3D Model html -->\r\n        <div class=\"bp_grand wrapper_22553\">   \r\n        <div class=\"bp_model_parent\">\r\n            <model-viewer class=\"model\" id=\"bp_model_id_22553\" src=\"http:\/\/mairsturnstile.com\/wp-content\/uploads\/2023\/06\/MT257.glb\" alt=\"MT257\" camera-controls  loading=\"auto\" auto-rotate                        >\r\n            <\/model-viewer>\r\n        \r\n            <!-- Button -->\r\n            <svg id=\"openBtn\" width=\"30px\" height=\"30px\" viewBox=\"0 0 16 16\" xmlns=\"http:\/\/www.w3.org\/2000\/svg\" fill=\"#f2f2f2\" class=\"bi bi-arrows-fullscreen model-icon\">\r\n                <path fill-rule=\"evenodd\" d=\"M5.828 10.172a.5.5 0 0 0-.707 0l-4.096 4.096V11.5a.5.5 0 0 0-1 0v3.975a.5.5 0 0 0 .5.5H4.5a.5.5 0 0 0 0-1H1.732l4.096-4.096a.5.5 0 0 0 0-.707zm4.344 0a.5.5 0 0 1 .707 0l4.096 4.096V11.5a.5.5 0 1 1 1 0v3.975a.5.5 0 0 1-.5.5H11.5a.5.5 0 0 1 0-1h2.768l-4.096-4.096a.5.5 0 0 1 0-.707zm0-4.344a.5.5 0 0 0 .707 0l4.096-4.096V4.5a.5.5 0 1 0 1 0V.525a.5.5 0 0 0-.5-.5H11.5a.5.5 0 0 0 0 1h2.768l-4.096 4.096a.5.5 0 0 0 0 .707zm-4.344 0a.5.5 0 0 1-.707 0L1.025 1.732V4.5a.5.5 0 0 1-1 0V.525a.5.5 0 0 1 .5-.5H4.5a.5.5 0 0 1 0 1H1.732l4.096 4.096a.5.5 0 0 1 0 .707z\"\/>\r\n            <\/svg>\r\n        \r\n            <svg id=\"closeBtn\" class=\"model-icon\" width=\"34px\" height=\"34px\" viewBox=\"0 0 24 24\" xmlns=\"http:\/\/www.w3.org\/2000\/svg\">\r\n                <path fill=\"none\" stroke=\"#f2f2f2\" stroke-width=\"2\" d=\"M7,7 L17,17 M7,17 L17,7\"\/>\r\n            <\/svg>\r\n        \r\n        <\/div>\r\n        <\/div> \r\n\r\n        <!-- Model Viewer Style -->\r\n        <style>\r\n            \r\n            .wrapper_22553 .bp_model_parent, #bp_model_id_22553 {\r\n                width: 1150px;\r\n                max-width: 100%;\r\n                                            }\r\n            #bp_model_id_22553 {\r\n                height:700px;\r\n                background-color: #f2f2f2;\r\n            }\r\n            .fullscreen #bp_model_id_22553{\r\n            height: 100%;\r\n            width: 100%;\r\n            }\r\n            .wrapper_22553 .bp_model_parent{\r\n                justify-content: start            }\r\n            model-viewer.model {\r\n                --poster-color: transparent;\r\n            }\r\n        <\/style>\r\n        \r\n        \n<h4>Eri\u015fim turnikesi kapakl\u0131 bariyer turnikesi MT249, 2 y\u0131l garantili ve dayan\u0131kl\u0131 bak\u0131m ve onar\u0131m deste\u011fi ta\u015f\u0131r.<\/h4>\n<p>OEM ve ODM hizmetleri sa\u011flayabiliriz. \u0130htiya\u00e7lar\u0131n\u0131zdan herhangi birine g\u00f6re derin \u00f6zelle\u015ftirmeyi tamamlayabilen deneyimli tasar\u0131mc\u0131lar\u0131m\u0131z var. 3D render, boyutlu \u00e7izimler gibi bir dizi malzemeyi en k\u0131sa s\u00fcrede sa\u011flayaca\u011f\u0131z. IC\/ID kart okuyucular\u0131, parmak izi taray\u0131c\u0131lar\u0131, QR kodu taray\u0131c\u0131lar\u0131, y\u00fcz tan\u0131ma kameralar\u0131 vb. gibi biyometrik cihazlar da sa\u011fl\u0131yoruz. <span style=\"font-style: inherit; font-weight: inherit;\">Eri\u015fim Kontrol Sistemi i\u00e7in 304 Paslanmaz \u00c7elik Otomatik Turnike Flap Bariyer Kap\u0131lar\u0131.<\/span><\/p>\n<p><strong>Eri\u015fim turnikesi, \u00e7e\u015fitli giri\u015f ve \u00e7\u0131k\u0131\u015flarda kullan\u0131lan bir t\u00fcr g\u00fcvenlik eri\u015fim kontrol y\u00f6netim ekipman\u0131d\u0131r. \u00c7e\u015fitli biyometrik cihazlarla birle\u015ftirilerek her t\u00fcrl\u00fc eri\u015fimin kontrol\u00fcn\u00fc ve y\u00f6netimini etkin bir \u015fekilde ger\u00e7ekle\u015ftirebilir.<\/strong> Eri\u015fim turnikesi, fiili eri\u015fim durumuna g\u00f6re \u00e7e\u015fitli turnike t\u00fcrlerini se\u00e7ebilir. \u00d6rne\u011fin, ofiste eri\u015fim i\u00e7in kanatl\u0131 <a href=\"https:\/\/mairsturnstile.com\/what-is-flap-barrier.html\">bariyer turnikesi<\/a> veya <a href=\"https:\/\/mairsturnstile.com\/speed-gate-turnstile.html\">h\u0131z kap\u0131lar\u0131<\/a> se\u00e7ebilirsiniz. D\u0131\u015f mekana eri\u015fim i\u00e7in bir d\u0131\u015f mekan <a href=\"https:\/\/mairsturnstile.com\/product\/outdoor-turnstile\">turnikesi<\/a> se\u00e7ebilirsiniz. Y\u00fcksek g\u00fcvenlik performans\u0131 gerektiren eri\u015fimler i\u00e7in <a href=\"https:\/\/mairsturnstile.com\/full-height-turnstiles.html\">tam boy turnikeleri<\/a> tercih edebilirsiniz.<\/p>\n<p>Bu ge\u00e7i\u015f kontrol turnikesi ihtiyac\u0131n\u0131z olan \u015fey de\u011filse, daha fazla ge\u00e7i\u015f turnikesi stili se\u00e7mek i\u00e7in <a href=\"https:\/\/mairsturnstile.com\/category\/security-turnstiles\">g\u00fcvenlik turnikeleri<\/a> sayfam\u0131za t\u0131klayabilirsiniz. Elbette ihtiya\u00e7lar\u0131n\u0131z\u0131 kesinlikle kar\u015f\u0131layabilecek daha fazla ve daha iyi g\u00f6r\u00fcn\u00fcml\u00fc ge\u00e7i\u015f kontrol turnikelerimiz var. Yaya turnike kap\u0131lar\u0131n\u0131 da ger\u00e7ek ihtiya\u00e7lar\u0131n\u0131za g\u00f6re \u00f6zel boyut ve g\u00f6r\u00fcn\u00fcmlerle \u00f6zelle\u015ftirebiliriz.<\/p>\n<p>Eri\u015fim turnikesi sitenizin kanal geni\u015fli\u011fine ve fiili durumuna g\u00f6re de \u00f6zelle\u015ftirilebilir. Site kanal\u0131n\u0131z\u0131n b\u00f6yle \u00f6zel bir \u00f6zelle\u015ftirilmi\u015f eri\u015fim kontrol turnikesine ihtiyac\u0131 varsa veya eri\u015fim kontrol turnikesini nas\u0131l se\u00e7ece\u011finizi bilmiyorsan\u0131z, l\u00fctfen <a href=\"https:\/\/mairsturnstile.com\/contact\">bizimle ileti\u015fime<\/a> ge\u00e7mekten \u00e7ekinmeyin, size y\u00fcksek kaliteli eri\u015fim kontrol turnikesi ve maliyetlerinizi d\u00fc\u015f\u00fcrmek i\u00e7in en uygun g\u00fcvenlik turnikesi \u00e7\u00f6z\u00fcm\u00fcn\u00fc sunaca\u011f\u0131z.<\/p>\n<p>FLAP BAR\u0130YER KAPI ER\u0130\u015e\u0130M TURN\u0130KES\u0130, h\u0131zl\u0131 eri\u015fim gerektiren, y\u00fcksek hacimli yaya trafi\u011finin oldu\u011fu uygulamalarda kullan\u0131lmak \u00fczere tasarlanm\u0131\u015ft\u0131r. Hangi durumda olursa olsun g\u00fcvenlik her zaman \u00f6nceliktir. <a href=\"https:\/\/mairsturnstile.com\/what-is-flap-barrier.html\">Kanatl\u0131 bariyer kap\u0131s\u0131<\/a> turnikesi tam otomatik bir kap\u0131d\u0131r. Personel hareketi, mahfazan\u0131n i\u00e7ine yerle\u015ftirilmi\u015f \u00e7ok say\u0131da g\u00fcvenlik sens\u00f6r\u00fc taraf\u0131ndan izlenir. Kanad\u0131n kapanma kuvveti, yayalar\u0131n yaralanmas\u0131n\u0131 \u00f6nleyen s\u0131k\u0131\u015fma \u00f6nleyici sens\u00f6r taraf\u0131ndan kontrol edilir. Mairs, turnike kapakl\u0131 bariyer kap\u0131lar\u0131na en iyi eri\u015fimi sa\u011flar.<\/p>\n<p>Ger\u00e7ek senaryonuza g\u00f6re birka\u00e7 dakika i\u00e7inde sizin i\u00e7in bir render da olu\u015fturabiliriz. Ayr\u0131ca ayr\u0131nt\u0131l\u0131 yerle\u015fim ve \u00e7izimlerin yan\u0131 s\u0131ra kurulum \u00e7izimleri de sa\u011fl\u0131yoruz.<\/p>\n\n        \t\n\t<style type=\"text\/css\">\n\t\t.slider-info-22567.bafg-slider-info .bafg-slider-title {\n\t\t\t\t\t\tfont-size: 22px;\n\t\t\t\t\t\t\n\t\t\t\n\t\t\t\t\t}\n\n\t\t.slider-info-22567.bafg-slider-info .bafg-slider-description {\n\t\t\t\n\t\t\t\n\t\t\t\t\t}\n\n\t\t.slider-info-22567.bafg-slider-info .bafg_slider_readmore_button {\n\t\t\t\n\t\t\t\n\t\t\t\n\t\t\t\n\t\t\t\n\t\t\ttext-align: center;\n\n\t\t\t\n\t\t\t\n\t\t\t\n\t\t\t\n\t\t\t\n\t\t\t\n\t\t\t\t\t}\n\n\t\t.slider-info-22567.bafg-slider-info .bafg_slider_readmore_button:hover {\n\n\t\t\t\n\t\t\t\n\t\t\t\t\t}\n\n\t<\/style>\n\t\n        <div class=\"bafg-twentytwenty-container slider-22567 \" bafg-orientation=\"horizontal\" bafg-default-offset=\"0.5\" bafg-before-label=\"Before\" bafg-after-label=\"After\" bafg-overlay=\"yes\" bafg-move-slider-on-hover=\"yes\" bafg-click-to-move=\"no\">\n              \n            <img decoding=\"async\" class=\"skip-lazy\" src=\"http:\/\/mairsturnstile.com\/wp-content\/uploads\/2023\/06\/access-turnstile_4.jpg\" alt=\"\" data-skip-lazy title=\"\">\n            <img decoding=\"async\" class=\"skip-lazy\" src=\"http:\/\/mairsturnstile.com\/wp-content\/uploads\/2023\/06\/access-turnstile_5.jpg\" alt=\"\" data-skip-lazy title=\"\">\n           \n        <\/div>\n\n        \t<div class=\"bafg-slider-info-wraper\">\n\t\t<div style=\"\" class=\"slider-info-22567 bafg-slider-info\">\n\t\t\t\t\t<\/div>\n\t<\/div>\n\t\n        <style type=\"text\/css\">\n            \n        <\/style>\n        \n<ul>\n<li>K\u0131s\u0131tl\u0131 alana giren veya \u00e7\u0131kan ki\u015fileri kontrol etmek i\u00e7in Flap Bariyer kap\u0131s\u0131 eri\u015fim turnikesi in\u015fa edilmi\u015ftir. Genellikle \u00e7ift y\u00f6nl\u00fc yaya trafi\u011finin yo\u011fun oldu\u011fu yerlerde kullan\u0131l\u0131r.<\/li>\n<li>Kanatl\u0131 bariyer muhafazas\u0131, \u00e7o\u011fu i\u00e7 ortama uyum sa\u011flamak i\u00e7in kusursuz ve g\u00fczel bir giri\u015f sistemi olu\u015fturan f\u0131r\u00e7alanm\u0131\u015f 304 paslanmaz \u00e7elikten yap\u0131lm\u0131\u015ft\u0131r.<\/li>\n<li>T\u00fcm \u00fc\u00e7\u00fcnc\u00fc taraf eri\u015fim kontrol sistemleri ile entegre edilebilir (\u00f6rn: RFID eri\u015fim sistemi, D\u00fc\u011fmeye bas, S\u0131cakl\u0131k kontrol\u00fc ile <a href=\"https:\/\/en.wikipedia.org\/wiki\/Fingerprint\" target=\"_blank\" rel=\"noopener\">parmak izi<\/a> ve y\u00fcz tan\u0131ma).<\/li>\n<li>Acil bir durumda FlapTurnike kolu ak\u00fc veya kondansat\u00f6re ba\u011flanarak otomatik olarak a\u00e7\u0131larak serbest ge\u00e7i\u015fe izin verir.<\/li>\n<li>Kapakl\u0131 bariyer kap\u0131s\u0131 eri\u015fim turnikesi l\u00fcks ve zarif giri\u015f \u00e7\u00f6z\u00fcmleri i\u00e7in uygundur.<\/li>\n<li>Kapakl\u0131 bariyer eri\u015fim turnikesi h\u0131zl\u0131 h\u0131z, uzun \u00f6m\u00fcr, y\u00fcksek performans ve y\u00fcksek \u00e7al\u0131\u015fma g\u00fcvenilirli\u011fi sunar<\/li>\n<li>Yasad\u0131\u015f\u0131 izinsiz giri\u015f ve ters izinsiz giri\u015f durumunda alarm fonksiyonu.<\/li>\n<li>K\u0131z\u0131l\u00f6tesi sens\u00f6r alarm verecek ve yayalar\u0131n s\u0131k\u0131\u015fmas\u0131n\u0131 \u00f6nlemek i\u00e7in LED \u0131\u015f\u0131k yan\u0131p s\u00f6necektir.<\/li>\n<li>Otomatik s\u0131f\u0131rlama fonksiyonu: Bir yolcu gecikme yaparsa kanat kollar\u0131 varsay\u0131lan olarak 5 saniye i\u00e7inde otomatik olarak kapanacakt\u0131r (ayarlanabilir).<\/li>\n<li>Birisi RFID kart\u0131n\u0131 kayd\u0131rmadan i\u00e7eri girmek isterse kanatl\u0131 turnike kilit i\u00e7inde kalacakt\u0131r.<\/li>\n<li>\u00dcst ve \u00f6n direklerdeki LED y\u00f6n g\u00f6stergesi.<\/li>\n<li>BAE&#8217;de turnike kap\u0131s\u0131 tedarik\u00e7isi.<\/li>\n<li>Anti-ters fonksiyon, birisi ters y\u00f6nde girmek isterse turnike alarm verir.<\/li>\n<li>Bi-direction or single-direction running are options<\/li>\n<\/ul>\n<p>T\u00fcm g\u00fcvenlik eri\u015fim kontrol\u00fc \u00e7\u00f6z\u00fcm\u00fcn\u00fc sa\u011flayabiliriz. Kendi ge\u00e7i\u015f kontrol sisteminiz varsa, do\u011frudan turnike kap\u0131m\u0131z\u0131 kullanabilirsiniz. E\u011fer yoksa, eksiksiz bir g\u00fcvenlik eri\u015fim kontrol\u00fc \u00e7\u00f6z\u00fcm\u00fc de sa\u011fl\u0131yoruz. Ayr\u0131nt\u0131lar i\u00e7in l\u00fctfen a\u015fa\u011f\u0131daki videoya bak\u0131n.<\/p>\n<p><iframe title=\"Kapakl\u0131 bariyer turnikesi, Kapakl\u0131 bariyer kap\u0131s\u0131, Optik kapakl\u0131 turnike - MaersTurnstile\" src=\"https:\/\/www.youtube.com\/embed\/nK1a72Ax-jQ\" width=\"1150\" height=\"650\" frameborder=\"0\" allowfullscreen=\"allowfullscreen\"><\/iframe><\/p>\n","protected":false},"excerpt":{"rendered":"<p>1. Boyut: 1400*300*980 mm (\u00f6zelle\u015ftirilebilir)<\/p>\n<p>2. \u015eerit geni\u015fli\u011fi: 550 mm (\u00f6zelle\u015ftirilebilir)<\/p>\n<p>3. Ge\u00e7i\u015f h\u0131z\u0131: 40 ki\u015fi\/dakika<\/p>\n<p>4. G\u00fc\u00e7 kayna\u011f\u0131: 110 V\/220 V 50\/60 Hz<\/p>\n<p>5. S\u00fcr\u00fc\u015f Motoru: 20 W<\/p>\n<p>6. Kap\u0131 A\u00e7\u0131k Sinyali: Kuru Kontak\/ R\u00f6le<\/p>\n<p>7. S\u00fcr\u00fc\u015f Motoru: DC24V<\/p>\n<p>8. A\u011f\u0131rl\u0131k: 70 kg\/adet<\/p>\n<p>9. Kapak kolu malzemesi: Akrilik<\/p>\n<p>10. G\u00f6vde Malzemesi: 304 paslanmaz \u00e7elik<\/p>\n","protected":false},"featured_media":29358,"comment_status":"closed","ping_status":"closed","template":"","meta":{"neve_meta_sidebar":"","neve_meta_container":"","neve_meta_enable_content_width":"off","neve_meta_content_width":0,"neve_meta_title_alignment":"","neve_meta_author_avatar":"","neve_post_elements_order":"","neve_meta_disable_header":"","neve_meta_disable_footer":"","neve_meta_disable_title":"","_ti_tpc_template_sync":false,"_ti_tpc_template_id":""},"product_cat":[1916,1954],"product_tag":[1936,2557,2220,1948,2556],"class_list":["post-34346","product","type-product","status-publish","has-post-thumbnail","hentry","product_cat-guvenlik-turnikeleri","product_cat-kanatli-bariyer","product_tag-erisim-kontrol-turnikesi","product_tag-erisim-turnikesi","product_tag-flap-bariyer-turnike-kapisi","product_tag-turnike-bariyer-kapisi","product_tag-turnike-guvenlik-cozumleri"],"_links":{"self":[{"href":"https:\/\/mairsturnstile.com\/tr\/wp-json\/wp\/v2\/product\/34346","targetHints":{"allow":["GET"]}}],"collection":[{"href":"https:\/\/mairsturnstile.com\/tr\/wp-json\/wp\/v2\/product"}],"about":[{"href":"https:\/\/mairsturnstile.com\/tr\/wp-json\/wp\/v2\/types\/product"}],"replies":[{"embeddable":true,"href":"https:\/\/mairsturnstile.com\/tr\/wp-json\/wp\/v2\/comments?post=34346"}],"version-history":[{"count":0,"href":"https:\/\/mairsturnstile.com\/tr\/wp-json\/wp\/v2\/product\/34346\/revisions"}],"wp:featuredmedia":[{"embeddable":true,"href":"https:\/\/mairsturnstile.com\/tr\/wp-json\/wp\/v2\/media\/29358"}],"wp:attachment":[{"href":"https:\/\/mairsturnstile.com\/tr\/wp-json\/wp\/v2\/media?parent=34346"}],"wp:term":[{"taxonomy":"product_cat","embeddable":true,"href":"https:\/\/mairsturnstile.com\/tr\/wp-json\/wp\/v2\/product_cat?post=34346"},{"taxonomy":"product_tag","embeddable":true,"href":"https:\/\/mairsturnstile.com\/tr\/wp-json\/wp\/v2\/product_tag?post=34346"}],"curies":[{"name":"wp","href":"https:\/\/api.w.org\/{rel}","templated":true}]}}