{"id":34348,"date":"2020-09-12T23:29:16","date_gmt":"2020-09-12T15:29:16","guid":{"rendered":"https:\/\/mairsturnstile.com\/product\/otomatik-kapak-bariyer-turnike-kapisi-mt259"},"modified":"2023-11-01T19:49:28","modified_gmt":"2023-11-01T11:49:28","slug":"nijeryada-turnike-kapisi-fiyati","status":"publish","type":"product","link":"https:\/\/mairsturnstile.com\/tr\/urun\/nijeryada-turnike-kapisi-fiyati","title":{"rendered":"OTOMAT\u0130K KAPAK BAR\u0130YER TURN\u0130KE KAPISI MT259"},"content":{"rendered":"        <!-- 3D Model html -->\r\n        <div class=\"bp_grand wrapper_22549\">   \r\n        <div class=\"bp_model_parent\">\r\n            <model-viewer class=\"model\" id=\"bp_model_id_22549\" src=\"http:\/\/mairsturnstile.com\/wp-content\/uploads\/2023\/06\/MT253.glb\" alt=\"MT253\" camera-controls  loading=\"auto\" auto-rotate                        >\r\n            <\/model-viewer>\r\n        \r\n            <!-- Button -->\r\n            <svg id=\"openBtn\" width=\"30px\" height=\"30px\" viewBox=\"0 0 16 16\" xmlns=\"http:\/\/www.w3.org\/2000\/svg\" fill=\"#f2f2f2\" class=\"bi bi-arrows-fullscreen model-icon\">\r\n                <path fill-rule=\"evenodd\" d=\"M5.828 10.172a.5.5 0 0 0-.707 0l-4.096 4.096V11.5a.5.5 0 0 0-1 0v3.975a.5.5 0 0 0 .5.5H4.5a.5.5 0 0 0 0-1H1.732l4.096-4.096a.5.5 0 0 0 0-.707zm4.344 0a.5.5 0 0 1 .707 0l4.096 4.096V11.5a.5.5 0 1 1 1 0v3.975a.5.5 0 0 1-.5.5H11.5a.5.5 0 0 1 0-1h2.768l-4.096-4.096a.5.5 0 0 1 0-.707zm0-4.344a.5.5 0 0 0 .707 0l4.096-4.096V4.5a.5.5 0 1 0 1 0V.525a.5.5 0 0 0-.5-.5H11.5a.5.5 0 0 0 0 1h2.768l-4.096 4.096a.5.5 0 0 0 0 .707zm-4.344 0a.5.5 0 0 1-.707 0L1.025 1.732V4.5a.5.5 0 0 1-1 0V.525a.5.5 0 0 1 .5-.5H4.5a.5.5 0 0 1 0 1H1.732l4.096 4.096a.5.5 0 0 1 0 .707z\"\/>\r\n            <\/svg>\r\n        \r\n            <svg id=\"closeBtn\" class=\"model-icon\" width=\"34px\" height=\"34px\" viewBox=\"0 0 24 24\" xmlns=\"http:\/\/www.w3.org\/2000\/svg\">\r\n                <path fill=\"none\" stroke=\"#f2f2f2\" stroke-width=\"2\" d=\"M7,7 L17,17 M7,17 L17,7\"\/>\r\n            <\/svg>\r\n        \r\n        <\/div>\r\n        <\/div> \r\n\r\n        <!-- Model Viewer Style -->\r\n        <style>\r\n            \r\n            .wrapper_22549 .bp_model_parent, #bp_model_id_22549 {\r\n                width: 1150px;\r\n                max-width: 100%;\r\n                                            }\r\n            #bp_model_id_22549 {\r\n                height:700px;\r\n                background-color: #f2f2f2;\r\n            }\r\n            .fullscreen #bp_model_id_22549{\r\n            height: 100%;\r\n            width: 100%;\r\n            }\r\n            .wrapper_22549 .bp_model_parent{\r\n                justify-content: start            }\r\n            model-viewer.model {\r\n                --poster-color: transparent;\r\n            }\r\n        <\/style>\r\n        \r\n        \n<h4>Turnike Kap\u0131s\u0131 Fiyat\u0131 Nijerya&#8217;da, OTOMAT\u0130K KAPAK BAR\u0130YER KAPISI iki y\u0131l garantili ve dayan\u0131kl\u0131 bak\u0131m ve onar\u0131m deste\u011fi ta\u015f\u0131r.<\/h4>\n<p>OEM ve ODM hizmetleri sa\u011flayabiliriz. \u0130htiya\u00e7lar\u0131n\u0131zdan herhangi birine g\u00f6re derin \u00f6zelle\u015ftirmeyi tamamlayabilen deneyimli tasar\u0131mc\u0131lar\u0131m\u0131z var. 3D render, boyutlu \u00e7izimler gibi bir dizi malzemeyi en k\u0131sa s\u00fcrede sa\u011flayaca\u011f\u0131z. IC\/ID kart okuyucular\u0131, parmak izi taray\u0131c\u0131lar\u0131, QR kodu taray\u0131c\u0131lar\u0131, y\u00fcz tan\u0131ma kameralar\u0131 vb. gibi biyometrik cihazlar da sa\u011fl\u0131yoruz.<\/p>\n<p>Nijerya&#8217;da otomatik turnike kap\u0131s\u0131 fiyat\u0131, bir binan\u0131n her alan\u0131na yaln\u0131zca yetkili kullan\u0131c\u0131lar\u0131n eri\u015fmesine izin verilmesini sa\u011flamak i\u00e7in g\u00fcvenilir ve etkili bir y\u00f6ntem sunar. Kanatl\u0131 <a href=\"https:\/\/mairsturnstile.com\/what-is-flap-barrier.html\">bariyer kap\u0131s\u0131<\/a>, y\u00fcksek hacimli ve k\u00f6t\u00fc ko\u015fullarla kolayca ba\u015fa \u00e7\u0131kabilir. Kompakt \u00fcnite, \u00e7ok \u015feritli bir kurulum olu\u015fturmay\u0131 kolayla\u015ft\u0131r\u0131rken renk \u00e7e\u015fitlili\u011fi, bu turnikeyi lobinize veya markan\u0131za m\u00fckemmel \u015fekilde e\u015fle\u015ftirmenize olanak tan\u0131r. Mairs, Nijerya&#8217;daki en iyi turnike kap\u0131s\u0131 fiyat\u0131n\u0131 sunuyor.<\/p>\n<p>Ger\u00e7ek senaryonuza g\u00f6re birka\u00e7 dakika i\u00e7inde sizin i\u00e7in bir render da olu\u015fturabiliriz. Ayr\u0131ca ayr\u0131nt\u0131l\u0131 yerle\u015fim ve \u00e7izimlerin yan\u0131 s\u0131ra kurulum \u00e7izimleri de sa\u011fl\u0131yoruz.<\/p>\n\n        \t\n\t<style type=\"text\/css\">\n\t\t.slider-info-22562.bafg-slider-info .bafg-slider-title {\n\t\t\t\t\t\tfont-size: 22px;\n\t\t\t\t\t\t\n\t\t\t\n\t\t\t\t\t}\n\n\t\t.slider-info-22562.bafg-slider-info .bafg-slider-description {\n\t\t\t\n\t\t\t\n\t\t\t\t\t}\n\n\t\t.slider-info-22562.bafg-slider-info .bafg_slider_readmore_button {\n\t\t\t\n\t\t\t\n\t\t\t\n\t\t\t\n\t\t\t\n\t\t\ttext-align: center;\n\n\t\t\t\n\t\t\t\n\t\t\t\n\t\t\t\n\t\t\t\n\t\t\t\n\t\t\t\t\t}\n\n\t\t.slider-info-22562.bafg-slider-info .bafg_slider_readmore_button:hover {\n\n\t\t\t\n\t\t\t\n\t\t\t\t\t}\n\n\t<\/style>\n\t\n        <div class=\"bafg-twentytwenty-container slider-22562 \" bafg-orientation=\"horizontal\" bafg-default-offset=\"0.5\" bafg-before-label=\"Before\" bafg-after-label=\"After\" bafg-overlay=\"yes\" bafg-move-slider-on-hover=\"yes\" bafg-click-to-move=\"no\">\n              \n            <img decoding=\"async\" class=\"skip-lazy\" src=\"http:\/\/mairsturnstile.com\/wp-content\/uploads\/2023\/06\/turnstile-gate-price-in-nigeria_4.jpg\" alt=\"\" data-skip-lazy title=\"\">\n            <img decoding=\"async\" class=\"skip-lazy\" src=\"http:\/\/mairsturnstile.com\/wp-content\/uploads\/2023\/06\/turnstile-gate-price-in-nigeria_5.jpg\" alt=\"\" data-skip-lazy title=\"\">\n           \n        <\/div>\n\n        \t<div class=\"bafg-slider-info-wraper\">\n\t\t<div style=\"\" class=\"slider-info-22562 bafg-slider-info\">\n\t\t\t\t\t<\/div>\n\t<\/div>\n\t\n        <style type=\"text\/css\">\n            \n        <\/style>\n        \n<ul>\n<li>Nijerya&#8217;daki turnike kap\u0131s\u0131 fiyat\u0131, k\u0131s\u0131tl\u0131 alana giren veya \u00e7\u0131kan insanlar\u0131 kontrol etmek i\u00e7in in\u015fa edilmi\u015ftir. Genellikle her iki y\u00f6nde de yaya trafi\u011fi ak\u0131\u015f\u0131n\u0131n y\u00fcksek oldu\u011fu yerlerde kullan\u0131l\u0131r.<\/li>\n<li>Kanatl\u0131 bariyer muhafazas\u0131, \u00e7o\u011fu i\u00e7 ortama uyum sa\u011flamak i\u00e7in kusursuz ve g\u00fczel bir giri\u015f sistemi olu\u015fturan f\u0131r\u00e7alanm\u0131\u015f 304 paslanmaz \u00e7elikten yap\u0131lm\u0131\u015ft\u0131r.<\/li>\n<li>T\u00fcm \u00fc\u00e7\u00fcnc\u00fc taraf kartl\u0131 ge\u00e7i\u015f sistemleriyle entegre edilebilir (\u00f6rn.: <a href=\"https:\/\/en.wikipedia.org\/wiki\/Radio-frequency_identification\" target=\"_blank\" rel=\"noopener\">RFID<\/a> eri\u015fim sistemi, D\u00fc\u011fmeye bas, Parmak izi ve s\u0131cakl\u0131k kontroll\u00fc y\u00fcz tan\u0131ma).<\/li>\n<li>Acil durumlarda flap bariyer turnike kolu ak\u00fc veya kondansat\u00f6re ba\u011flanarak otomatik olarak a\u00e7\u0131larak serbest ge\u00e7i\u015fe olanak sa\u011flar.<\/li>\n<li>Optik kapakl\u0131 turnikeler l\u00fcks ve \u015f\u0131k giri\u015f \u00e7\u00f6z\u00fcmleri i\u00e7in uygundur.<\/li>\n<li>Kanatl\u0131 turnike, h\u0131zl\u0131 h\u0131z, uzun \u00f6m\u00fcr, y\u00fcksek performans ve y\u00fcksek \u00e7al\u0131\u015fma g\u00fcvenilirli\u011fi \u00f6zelliklerine sahiptir.<\/li>\n<li>Yasad\u0131\u015f\u0131 izinsiz giri\u015f ve ters izinsiz giri\u015f durumunda alarm fonksiyonu.<\/li>\n<li>Eri\u015fim kontrol\u00fc i\u00e7in Nijerya&#8217;da uygun fiyatl\u0131 turnike kap\u0131s\u0131 fiyat\u0131.<\/li>\n<li>K\u0131z\u0131l\u00f6tesi sens\u00f6r alarm verecek ve yayalar\u0131n s\u0131k\u0131\u015fmas\u0131n\u0131 \u00f6nlemek i\u00e7in LED \u0131\u015f\u0131k yan\u0131p s\u00f6necektir.<\/li>\n<li>Otomatik s\u0131f\u0131rlama fonksiyonu: Bir yolcu gecikme yaparsa kanat kollar\u0131 varsay\u0131lan olarak 5 saniye i\u00e7inde otomatik olarak kapanacakt\u0131r (ayarlanabilir).<\/li>\n<li>Birisi RFID kart\u0131n\u0131 kayd\u0131rmadan i\u00e7eri girmek isterse kanatl\u0131 turnike kilit i\u00e7inde kalacakt\u0131r.<\/li>\n<li>\u00dcst ve \u00f6n direklerde bir LED y\u00f6n g\u00f6stergesi.<\/li>\n<li>Anti-ters fonksiyon, birisi ters y\u00f6nde girmek isterse turnike alarm verir.<\/li>\n<li>Bi-direction or single-direction running are options<\/li>\n<\/ul>\n<p>T\u00fcm g\u00fcvenlik eri\u015fim kontrol\u00fc \u00e7\u00f6z\u00fcm\u00fcn\u00fc sa\u011flayabiliriz. Kendi ge\u00e7i\u015f kontrol sisteminiz varsa, do\u011frudan turnike kap\u0131m\u0131z\u0131 kullanabilirsiniz. E\u011fer yoksa, eksiksiz bir g\u00fcvenlik eri\u015fim kontrol\u00fc \u00e7\u00f6z\u00fcm\u00fc de sa\u011fl\u0131yoruz. Ayr\u0131nt\u0131lar i\u00e7in l\u00fctfen a\u015fa\u011f\u0131daki videoya bak\u0131n.<\/p>\n<p><iframe title=\"Kapakl\u0131 bariyer turnikesi, Kapakl\u0131 bariyer kap\u0131s\u0131, Optik kapakl\u0131 turnike - MaersTurnstile\" src=\"https:\/\/www.youtube.com\/embed\/nK1a72Ax-jQ\" width=\"1150\" height=\"650\" frameborder=\"0\" allowfullscreen=\"allowfullscreen\"><\/iframe><\/p>\n","protected":false},"excerpt":{"rendered":"<p>1. Boyut: 1400*300*980 mm (\u00f6zelle\u015ftirilebilir)<\/p>\n<p>2. \u015eerit geni\u015fli\u011fi: 550 mm (\u00f6zelle\u015ftirilebilir)<\/p>\n<p>3. Ge\u00e7i\u015f h\u0131z\u0131: 40 ki\u015fi\/dakika<\/p>\n<p>4. G\u00fc\u00e7 kayna\u011f\u0131: 110 V\/220 V 50\/60 Hz<\/p>\n<p>5. S\u00fcr\u00fc\u015f Motoru: 20 W<\/p>\n<p>6. Kap\u0131 A\u00e7\u0131k Sinyali: Kuru Kontak\/ R\u00f6le<\/p>\n<p>7. S\u00fcr\u00fc\u015f Motoru: DC24V<\/p>\n<p>8. Otomatik kapakl\u0131 bariyer kap\u0131s\u0131 A\u011f\u0131rl\u0131k: 80 kg\/adet<\/p>\n<p>9. Kapak kolu malzemesi: Akrilik<\/p>\n<p><span style=\"color: #0000ff;\"><strong><a style=\"color: #0000ff;\" title=\"Mairs CE Belgeli Flap Bariyer Turnike\" href=\"http:\/\/mairsturnstile.com\/wp-content\/uploads\/2022\/09\/Mairs-CE-Certificate-Flap-Barrier-Turnstile.pdf\" target=\"_blank\" rel=\"noopener noreferrer\">CE Belgeli,<\/a> <a style=\"color: #0000ff;\" title=\"Mairs ISO9001 Sertifikas\u0131\" href=\"http:\/\/mairsturnstile.com\/wp-content\/uploads\/2022\/09\/Mairs-Registration-Certificate-ISO9001.pdf\" target=\"_blank\" rel=\"noopener noreferrer\">ISO9001 Sertifikal\u0131.<\/a><\/strong><\/span><\/p>\n","protected":false},"featured_media":62449,"comment_status":"closed","ping_status":"closed","template":"","meta":{"neve_meta_sidebar":"","neve_meta_container":"","neve_meta_enable_content_width":"off","neve_meta_content_width":0,"neve_meta_title_alignment":"","neve_meta_author_avatar":"","neve_post_elements_order":"","neve_meta_disable_header":"","neve_meta_disable_footer":"","neve_meta_disable_title":"","_ti_tpc_template_sync":false,"_ti_tpc_template_id":""},"product_cat":[1916,1954],"product_tag":[2560,2225,2559,2251],"class_list":["post-34348","product","type-product","status-publish","has-post-thumbnail","hentry","product_cat-guvenlik-turnikeleri","product_cat-kanatli-bariyer","product_tag-flap-bariyer-ureticisi","product_tag-flap-turnike-kapisi","product_tag-nijeryada-turnike-kapisi-fiyati","product_tag-turnike-guvenlik-cozumu"],"_links":{"self":[{"href":"https:\/\/mairsturnstile.com\/tr\/wp-json\/wp\/v2\/product\/34348","targetHints":{"allow":["GET"]}}],"collection":[{"href":"https:\/\/mairsturnstile.com\/tr\/wp-json\/wp\/v2\/product"}],"about":[{"href":"https:\/\/mairsturnstile.com\/tr\/wp-json\/wp\/v2\/types\/product"}],"replies":[{"embeddable":true,"href":"https:\/\/mairsturnstile.com\/tr\/wp-json\/wp\/v2\/comments?post=34348"}],"version-history":[{"count":0,"href":"https:\/\/mairsturnstile.com\/tr\/wp-json\/wp\/v2\/product\/34348\/revisions"}],"wp:featuredmedia":[{"embeddable":true,"href":"https:\/\/mairsturnstile.com\/tr\/wp-json\/wp\/v2\/media\/62449"}],"wp:attachment":[{"href":"https:\/\/mairsturnstile.com\/tr\/wp-json\/wp\/v2\/media?parent=34348"}],"wp:term":[{"taxonomy":"product_cat","embeddable":true,"href":"https:\/\/mairsturnstile.com\/tr\/wp-json\/wp\/v2\/product_cat?post=34348"},{"taxonomy":"product_tag","embeddable":true,"href":"https:\/\/mairsturnstile.com\/tr\/wp-json\/wp\/v2\/product_tag?post=34348"}],"curies":[{"name":"wp","href":"https:\/\/api.w.org\/{rel}","templated":true}]}}