{"id":34353,"date":"2020-09-12T18:51:17","date_gmt":"2020-09-12T10:51:17","guid":{"rendered":"https:\/\/mairsturnstile.com\/product\/insaat-turnikeleri-tam-yuksek-turnikeler-mt404-2"},"modified":"2024-10-28T17:37:55","modified_gmt":"2024-10-28T09:37:55","slug":"insaat-turnikeleri","status":"publish","type":"product","link":"https:\/\/mairsturnstile.com\/tr\/urun\/insaat-turnikeleri","title":{"rendered":"TAM Y\u00dcKSEKLIKTE IN\u015eAAT TURNIKELERI"},"content":{"rendered":"        <!-- 3D Model html -->\r\n        <div class=\"bp_grand wrapper_19987\">   \r\n        <div class=\"bp_model_parent\">\r\n            <model-viewer class=\"model\" id=\"bp_model_id_19987\" src=\"http:\/\/mairsturnstile.com\/wp-content\/uploads\/2023\/07\/MT404-2.glb\" alt=\"MT404-2\" camera-controls  loading=\"auto\" auto-rotate                        >\r\n            <\/model-viewer>\r\n        \r\n            <!-- Button -->\r\n            <svg id=\"openBtn\" width=\"30px\" height=\"30px\" viewBox=\"0 0 16 16\" xmlns=\"http:\/\/www.w3.org\/2000\/svg\" fill=\"#f2f2f2\" class=\"bi bi-arrows-fullscreen model-icon\">\r\n                <path fill-rule=\"evenodd\" d=\"M5.828 10.172a.5.5 0 0 0-.707 0l-4.096 4.096V11.5a.5.5 0 0 0-1 0v3.975a.5.5 0 0 0 .5.5H4.5a.5.5 0 0 0 0-1H1.732l4.096-4.096a.5.5 0 0 0 0-.707zm4.344 0a.5.5 0 0 1 .707 0l4.096 4.096V11.5a.5.5 0 1 1 1 0v3.975a.5.5 0 0 1-.5.5H11.5a.5.5 0 0 1 0-1h2.768l-4.096-4.096a.5.5 0 0 1 0-.707zm0-4.344a.5.5 0 0 0 .707 0l4.096-4.096V4.5a.5.5 0 1 0 1 0V.525a.5.5 0 0 0-.5-.5H11.5a.5.5 0 0 0 0 1h2.768l-4.096 4.096a.5.5 0 0 0 0 .707zm-4.344 0a.5.5 0 0 1-.707 0L1.025 1.732V4.5a.5.5 0 0 1-1 0V.525a.5.5 0 0 1 .5-.5H4.5a.5.5 0 0 1 0 1H1.732l4.096 4.096a.5.5 0 0 1 0 .707z\"\/>\r\n            <\/svg>\r\n        \r\n            <svg id=\"closeBtn\" class=\"model-icon\" width=\"34px\" height=\"34px\" viewBox=\"0 0 24 24\" xmlns=\"http:\/\/www.w3.org\/2000\/svg\">\r\n                <path fill=\"none\" stroke=\"#f2f2f2\" stroke-width=\"2\" d=\"M7,7 L17,17 M7,17 L17,7\"\/>\r\n            <\/svg>\r\n        \r\n        <\/div>\r\n        <\/div> \r\n\r\n        <!-- Model Viewer Style -->\r\n        <style>\r\n            \r\n            .wrapper_19987 .bp_model_parent, #bp_model_id_19987 {\r\n                width: 1150px;\r\n                max-width: 100%;\r\n                                            }\r\n            #bp_model_id_19987 {\r\n                height:700px;\r\n                background-color: #f2f2f2;\r\n            }\r\n            .fullscreen #bp_model_id_19987{\r\n            height: 100%;\r\n            width: 100%;\r\n            }\r\n            .wrapper_19987 .bp_model_parent{\r\n                justify-content: start            }\r\n            model-viewer.model {\r\n                --poster-color: transparent;\r\n            }\r\n        <\/style>\r\n        \r\n        \n<p>OEM ve ODM hizmetleri sa\u011flayabiliriz. \u0130htiya\u00e7lar\u0131n\u0131zdan herhangi birine g\u00f6re derin \u00f6zelle\u015ftirmeyi tamamlayabilen deneyimli tasar\u0131mc\u0131lar\u0131m\u0131z var. 3D render, boyutlu \u00e7izimler gibi bir dizi malzemeyi en k\u0131sa s\u00fcrede sa\u011flayaca\u011f\u0131z. Ayr\u0131ca IC\/ID kart okuyucu, parmak izi taray\u0131c\u0131, QR kod taray\u0131c\u0131, y\u00fcz tan\u0131ma kameras\u0131 vb. gibi biyometrik cihazlar da sa\u011fl\u0131yoruz. Ayr\u0131ca \u015f\u0131k g\u00f6r\u00fcn\u00fcml\u00fc ve sa\u011flam yap\u0131ya sahip yeni bir tam boy turnike serisi ba\u015flatt\u0131k. L\u00fctfen kontrol edin:<a href=\"https:\/\/mairsturnstile.com\/full-height-series-turnstile\" target=\"_blank\" rel=\"noopener\"> tam boy turnike serisi<\/a> <\/p>\n<h2><b data-spm-anchor-id=\"a2700.details.pronpeci14.i2.770ea594C5VqRv\">\u0130N\u015eAAT TURN\u0130KELER\u0130 TAM Y\u00dcKSEKL\u0130KTE TURN\u0130KELER, \u00c7ift \u015eeritli \u0130n\u015faat Turnikeleri Tam Boy Yaya Turnike Kap\u0131s\u0131.<\/b><\/h2>\n<p>\u0130n\u015faat turnikeleri <a href=\"https:\/\/mairsturnstile.com\/full-height-turnstiles.html\" target=\"_blank\" rel=\"noopener\">Tam boy turnikeler<\/a> kap\u0131s\u0131 2 y\u0131l garanti ve dayan\u0131kl\u0131 bak\u0131m ve onar\u0131m deste\u011fi ta\u015f\u0131r.<\/p>\n<p><strong>\u0130n\u015faat turnikesi, \u015fantiyedeki yaya trafi\u011fi eri\u015fim kontrol\u00fcn\u00fcn ana kontrol ekipman\u0131 olan \u015fantiye personeli eri\u015fim kontrol y\u00f6netimi i\u00e7in kullan\u0131lan bir t\u00fcr yaya turnike kap\u0131s\u0131d\u0131r. <\/strong>Ayn\u0131 zamanda, \u015fantiyenin \u00e7evresel gereksinimlerine g\u00f6re, in\u015faat turnikelerinin iyi bir su ge\u00e7irmezlik ve ayd\u0131nlatma performans\u0131na sahip olmas\u0131 ve eri\u015fim kontrol\u00fc ve kat\u0131l\u0131m, yerinde devriye, toplant\u0131 oturum a\u00e7ma, ihlal y\u00f6netimi, istatistiksel rapor i\u015flevlerini ger\u00e7ekle\u015ftirmesi gerekir. ve y\u00fcz tan\u0131ma, RFID kart\u0131 vb. yoluyla sistem y\u00f6netimi.<\/p>\n<p>\u015eantiye turnikesi genel olarak tripod turnike kap\u0131s\u0131 ve tam boy turnike kap\u0131s\u0131d\u0131r \u00e7\u00fcnk\u00fc tasar\u0131m\u0131 \u015fantiyeye \u00e7ok uygundur. Tam y\u00fckseklikte turnike kap\u0131s\u0131 daha y\u00fcksek g\u00fcvenlik performans\u0131na sahiptir, \u015fantiyedeki turnike kap\u0131s\u0131 yaln\u0131zca yabanc\u0131 personelin giri\u015f ve \u00e7\u0131k\u0131\u015f\u0131n\u0131 engellemekle kalmaz, ayn\u0131 zamanda i\u015f\u00e7ilerin kat\u0131l\u0131m durumunu kaydetmek i\u00e7in bir kat\u0131l\u0131m sistemi ile de donat\u0131labilir. \u0130n\u015faat turnikelerinin kullan\u0131m\u0131 \u015fantiyedeki insan ak\u0131\u015f\u0131n\u0131n kanaldan d\u00fczenli ge\u00e7mesini sa\u011flayabilir.<\/p>\n<p>\u0130n\u015faat turnikeleri insan zarar\u0131n\u0131 \u00f6nleme i\u015flevine sahiptir; \u0130n\u015faat turnikeleri personel ve mal g\u00fcvenli\u011fini korumak amac\u0131yla kullan\u0131l\u0131r; \u015eantiyedeki m\u00fclk\u00fcn kaybolmas\u0131n\u0131n kolay olmad\u0131\u011f\u0131ndan emin olun.<\/p>\n<p>\u015eantiyedeki turnike kap\u0131s\u0131ndan ayn\u0131 anda yaln\u0131zca bir ki\u015finin ge\u00e7ebilmesi, trafik s\u0131k\u0131\u015f\u0131kl\u0131\u011f\u0131ndan kaynaklanan kazalar\u0131n da \u00f6n\u00fcne ge\u00e7ebilmektedir. \u015eantiyede b\u00fcy\u00fck bir olay meydana geldi\u011finde y\u00f6netici turnike kap\u0131s\u0131na giden elektri\u011fi keser ve kalabal\u0131\u011f\u0131n tahliyesini h\u0131zland\u0131rmak i\u00e7in yayalar\u0131n kendi ba\u015flar\u0131na ge\u00e7ebilmesi i\u00e7in kap\u0131 a\u00e7\u0131l\u0131r.<\/p>\n<p>Bu tam boy turnike kap\u0131s\u0131 konstr\u00fcksiyon turnikesi, yaya giri\u015f ve \u00e7\u0131k\u0131\u015flar\u0131n\u0131 kontrol etmek i\u00e7in tasarlanm\u0131\u015f \u00e7ift \u015feritlidir, paslanmaz \u00e7elik # 304, \u00e7ift f\u0131r\u00e7alanm\u0131\u015f y\u00fczey i\u015flemi, <a href=\"https:\/\/en.wiktionary.org\/wiki\/dustproof\" target=\"_blank\" rel=\"noopener\">toz ge\u00e7irmez<\/a>, paslanmaz, ya\u011fmur ge\u00e7irmez tasar\u0131m, i\u00e7 ve d\u0131\u015f mekan kullan\u0131m\u0131 i\u00e7in uygundur, di\u011fer okuma \/ yazma cihazlar\u0131yla entegre edilmesi kolayd\u0131r ve stadyum, apartman, spor salonu, m\u00fcze, istasyon, k\u00fct\u00fcphane ve fabrika gibi uygulamalar i\u00e7in yayg\u0131n olarak kullan\u0131l\u0131r.<\/p>\n\n        \t\n\t<style type=\"text\/css\">\n\t\t.slider-info-19991.bafg-slider-info .bafg-slider-title {\n\t\t\t\t\t\tfont-size: 22px;\n\t\t\t\t\t\t\n\t\t\t\n\t\t\t\t\t}\n\n\t\t.slider-info-19991.bafg-slider-info .bafg-slider-description {\n\t\t\t\n\t\t\t\n\t\t\t\t\t}\n\n\t\t.slider-info-19991.bafg-slider-info .bafg_slider_readmore_button {\n\t\t\t\n\t\t\t\n\t\t\t\n\t\t\t\n\t\t\t\n\t\t\ttext-align: center;\n\n\t\t\t\n\t\t\t\n\t\t\t\n\t\t\t\n\t\t\t\n\t\t\t\n\t\t\t\t\t}\n\n\t\t.slider-info-19991.bafg-slider-info .bafg_slider_readmore_button:hover {\n\n\t\t\t\n\t\t\t\n\t\t\t\t\t}\n\n\t<\/style>\n\t\n        <div class=\"bafg-twentytwenty-container slider-19991 \" bafg-orientation=\"horizontal\" bafg-default-offset=\"0.5\" bafg-before-label=\"Before\" bafg-after-label=\"After\" bafg-overlay=\"yes\" bafg-move-slider-on-hover=\"yes\" bafg-click-to-move=\"no\">\n              \n            <img decoding=\"async\" class=\"skip-lazy\" src=\"http:\/\/mairsturnstile.com\/wp-content\/uploads\/2024\/10\/construction-turnstiles-5.jpg\" alt=\"construction turnstiles\" data-skip-lazy title=\"\">\n            <img decoding=\"async\" class=\"skip-lazy\" src=\"http:\/\/mairsturnstile.com\/wp-content\/uploads\/2020\/09\/construction-turnstiles-6.jpg\" alt=\"construction turnstiles \" data-skip-lazy title=\"\">\n           \n        <\/div>\n\n        \t<div class=\"bafg-slider-info-wraper\">\n\t\t<div style=\"\" class=\"slider-info-19991 bafg-slider-info\">\n\t\t\t\t\t<\/div>\n\t<\/div>\n\t\n        <style type=\"text\/css\">\n            \n        <\/style>\n        \n<p>Ger\u00e7ek senaryonuza g\u00f6re birka\u00e7 dakika i\u00e7inde sizin i\u00e7in bir render da olu\u015fturabiliriz. Ayr\u0131ca ayr\u0131nt\u0131l\u0131 yerle\u015fim planlar\u0131 ve \u00e7izimlerin yan\u0131 s\u0131ra kurulum \u00e7izimleri de sa\u011fl\u0131yoruz. Kurulum konusunda endi\u015felenmenize gerek yok. Belirli boyutlar ve kurulum boyutlar\u0131 i\u00e7in l\u00fctfen ilgili PDF dosyam\u0131z\u0131 indirin.<\/p>\n<p>Y\u00fcksek G\u00fcvenlikli turnikelerimiz en zorlu g\u00fcvenlik ve kontrol gereksinimlerini kar\u015f\u0131lamak \u00fczere tasarlanm\u0131\u015ft\u0131r ve \u00e7ok say\u0131da ki\u015finin giri\u015f i\u00e7in kimlik do\u011frulamas\u0131n\u0131n yap\u0131lmas\u0131 gereken dar alan durumlar\u0131 i\u00e7in idealdir. \u00c7ift \u015feritler asl\u0131nda tek bir \u00e7er\u00e7evede iki tek turnikeden olu\u015fur ve bu da verimlili\u011fi art\u0131r\u0131r ve \u00f6nemli \u00f6l\u00e7\u00fcde yerden tasarruf sa\u011flar.<\/p>\n<ul>\n<li>\u0130n\u015faat turnikeleri tam boy turnike kap\u0131s\u0131 genellikle y\u00fcksek g\u00fcvenlikli eri\u015fim kontrol \u00e7\u00f6z\u00fcmleri i\u00e7in kullan\u0131l\u0131r.<\/li>\n<li>G\u00f6vde malzemesi paslanmaya kar\u015f\u0131 dayan\u0131kl\u0131, dayan\u0131kl\u0131 ve y\u00fcksek dirence sahip 304 paslanmaz \u00e7eliktir. Kol U tipi bir koldur.<\/li>\n<li>\u0130n\u015faat turnike kap\u0131s\u0131 hem i\u00e7 hem de d\u0131\u015f mekan ayarlar\u0131 i\u00e7in uygundur.<\/li>\n<li>Geri d\u00f6nmeyi \u00f6nleme i\u015fleviyle ters y\u00f6n\u00fc durdurun.<\/li>\n<li>Acil durum kontrol gereksinimlerini kar\u015f\u0131lamak i\u00e7in, elektrik kesildi\u011finde turnike kap\u0131s\u0131 otomatik olarak a\u00e7\u0131lacakt\u0131r.<\/li>\n<li>T\u00fcm sistem, uzun \u00f6m\u00fcr ve y\u00fcksek performans, y\u00fcksek \u00e7al\u0131\u015fma g\u00fcvenilirli\u011fi ve h\u0131zl\u0131 yan\u0131t ile son derece sorunsuz \u00e7al\u0131\u015f\u0131r.<\/li>\n<li>Mekanizma y\u00fcksek kaliteli bir hidrolik amortis\u00f6r ile donat\u0131lm\u0131\u015ft\u0131r. Bu cihazla \u00e7al\u0131\u015f\u0131rken \u00e7ok d\u00fc\u015f\u00fck ses \u00e7\u0131kar ve daha d\u00fczg\u00fcn \u00e7al\u0131\u015f\u0131r.<\/li>\n<li>Kendi kendine test fonksiyonu, g\u00fc\u00e7 a\u00e7\u0131ld\u0131\u011f\u0131nda kap\u0131 otomatik olarak eski durumuna d\u00f6necektir.<\/li>\n<li>\u00c7ift yatakl\u0131 cihazlar, d\u0131\u015far\u0131dan bir kuvvet geldi\u011finde kap\u0131y\u0131 dengede tutar.<\/li>\n<li>Tek y\u00f6nl\u00fc veya \u00c7ift y\u00f6nl\u00fc iste\u011fe ba\u011fl\u0131d\u0131r.<\/li>\n<li>LED g\u00f6sterge \u0131\u015f\u0131\u011f\u0131 ile.<\/li>\n<li>Tahrik: Yar\u0131 Otomatik Kumandal\u0131<\/li>\n<li>Uzaktan kumanda ile kontrol edilebilir ve do\u011frudan bilgisayar taraf\u0131ndan y\u00f6netilebilir.<\/li>\n<li>Elektrik kesildi\u011finde, yang\u0131n g\u00fcvenli\u011fi gerekliliklerine uygun olarak turnike \u015feridine eri\u015fim serbest olacakt\u0131r.<\/li>\n<li>Kap\u0131n\u0131n boyutu\/tasar\u0131m\u0131 m\u00fc\u015fterinin \u00e7izimine g\u00f6re \u00f6zelle\u015ftirilebilir.<\/li>\n<li>Boyut, farkl\u0131 yerlerdeki gereksinimleri kar\u015f\u0131layacak \u015fekilde ayarlanabilir.<\/li>\n<\/ul>\n<p>T\u00fcm g\u00fcvenlik eri\u015fim kontrol\u00fc \u00e7\u00f6z\u00fcm\u00fcn\u00fc sa\u011flayabiliriz. Kendi ge\u00e7i\u015f kontrol sisteminiz varsa, do\u011frudan turnike kap\u0131m\u0131z\u0131 kullanabilirsiniz. E\u011fer elinizde yoksa, eksiksiz bir g\u00fcvenlik eri\u015fim kontrol\u00fc \u00e7\u00f6z\u00fcm\u00fc de sunuyoruz. Ayr\u0131nt\u0131lar i\u00e7in l\u00fctfen a\u015fa\u011f\u0131daki videoya bak\u0131n.<\/p>\n<p><iframe title=\"\u00c7ift \u015eeritli Kart Okuyuculu, Karekodlu, Uzaktan Kumandal\u0131 Tam Boy Turnike - MairsTurnstile\" src=\"https:\/\/www.youtube.com\/embed\/XyxFKnS3Br0\" width=\"1150\" height=\"650\" frameborder=\"0\" allowfullscreen=\"allowfullscreen\"><\/iframe><\/p>\n","protected":false},"excerpt":{"rendered":"<p>1. Boyut: 2300 * 1450 * 2300 mm (\u00f6zelle\u015ftirilebilir)<\/p>\n<p>2. \u015eerit Geni\u015fli\u011fi: 650 mm (\u00f6zelle\u015ftirilebilir)<\/p>\n<p>3. Ge\u00e7i\u015f h\u0131z\u0131: 30 ki\u015fi\/dk<\/p>\n<p>4. G\u00fc\u00e7 kayna\u011f\u0131: 110 V\/220 V 50\/60 Hz<\/p>\n<p>5. Sat\u0131l\u0131k tam boy turnike Solenoid: DC24V<\/p>\n<p>6. Kap\u0131 A\u00e7\u0131k Sinyali: Kuru Kontak\/ R\u00f6le<\/p>\n<p>7. Mant\u0131k Gerilimi: DC24V<\/p>\n<p>8. Malzeme: 304 paslanmaz \u00e7elik veya 316 paslanmaz \u00e7elik<\/p>\n<p>9. \u0130leti\u015fim aray\u00fcz\u00fc: RS485<\/p>\n<p><strong><a title=\"Mairs CE Belgeli Tam Boy Turnike\" href=\"http:\/\/mairsturnstile.com\/wp-content\/uploads\/2022\/09\/Mairs-CE-Certificate-Full-Height-Turnstile.pdf\" target=\"_blank\" rel=\"noopener noreferrer\">CE Belgeli,<\/a> <a title=\"Mairs ISO9001 Sertifikas\u0131\" href=\"http:\/\/mairsturnstile.com\/wp-content\/uploads\/2022\/09\/Mairs-Registration-Certificate-ISO9001.pdf\" target=\"_blank\" rel=\"noopener noreferrer\">ISO9001 Sertifikal\u0131.<\/a><\/strong><\/p>\n<p><a title=\"\u00c7ift Tam Boy Turnike Bro\u015f\u00fcr\u00fc\" href=\"http:\/\/mairsturnstile.com\/wp-content\/uploads\/2023\/12\/MT404-2-brochure.pdf\" target=\"_blank\" rel=\"noopener noreferrer\"><img decoding=\"async\" class=\"alignnone size-full wp-image-11034\" src=\"http:\/\/mairsturnstile.com\/wp-content\/uploads\/2022\/09\/pdf-MairsTurnstile.png\" alt=\"\" width=\"32\" height=\"32\"><span style=\"color: #0000ff;\"><strong>MT404-2 \u00c7iftli Tam Boy Turnike Bro\u015f\u00fcr\u00fc<\/strong><\/span><\/a><\/p>\n<p><a title=\"Tam Boy Turnike Kurulum K\u0131lavuzu\" href=\"http:\/\/mairsturnstile.com\/wp-content\/uploads\/2023\/09\/Full-height-turnstile-installation-manual.pdf\" target=\"_blank\" rel=\"noopener noreferrer\"><img decoding=\"async\" class=\"alignnone size-full wp-image-11034\" src=\"http:\/\/mairsturnstile.com\/wp-content\/uploads\/2022\/09\/pdf-MairsTurnstile.png\" alt=\"\" width=\"32\" height=\"32\"><strong><span style=\"color: #0000ff;\"> Tam Boy Turnike Kullan\u0131m ve Kurulum K\u0131lavuzu<\/span><\/strong><\/a><\/p>\n","protected":false},"featured_media":58160,"comment_status":"closed","ping_status":"closed","template":"","meta":{"neve_meta_sidebar":"","neve_meta_container":"","neve_meta_enable_content_width":"off","neve_meta_content_width":0,"neve_meta_title_alignment":"","neve_meta_author_avatar":"","neve_post_elements_order":"","neve_meta_disable_header":"","neve_meta_disable_footer":"","neve_meta_disable_title":"","_ti_tpc_template_sync":false,"_ti_tpc_template_id":""},"product_cat":[1916,1973],"product_tag":[2569,2568,2571,2572,2570,1975],"class_list":["post-34353","product","type-product","status-publish","has-post-thumbnail","hentry","product_cat-guvenlik-turnikeleri","product_cat-tam-boy-turnikeler","product_tag-cift-tam-boy-turnike","product_tag-insaat-turnikeleri","product_tag-santiye-guvenlik-turnikeleri","product_tag-santiye-turnikeleri","product_tag-santiye-turnikesi","product_tag-tam-boy-turnikeler"],"_links":{"self":[{"href":"https:\/\/mairsturnstile.com\/tr\/wp-json\/wp\/v2\/product\/34353","targetHints":{"allow":["GET"]}}],"collection":[{"href":"https:\/\/mairsturnstile.com\/tr\/wp-json\/wp\/v2\/product"}],"about":[{"href":"https:\/\/mairsturnstile.com\/tr\/wp-json\/wp\/v2\/types\/product"}],"replies":[{"embeddable":true,"href":"https:\/\/mairsturnstile.com\/tr\/wp-json\/wp\/v2\/comments?post=34353"}],"version-history":[{"count":0,"href":"https:\/\/mairsturnstile.com\/tr\/wp-json\/wp\/v2\/product\/34353\/revisions"}],"wp:featuredmedia":[{"embeddable":true,"href":"https:\/\/mairsturnstile.com\/tr\/wp-json\/wp\/v2\/media\/58160"}],"wp:attachment":[{"href":"https:\/\/mairsturnstile.com\/tr\/wp-json\/wp\/v2\/media?parent=34353"}],"wp:term":[{"taxonomy":"product_cat","embeddable":true,"href":"https:\/\/mairsturnstile.com\/tr\/wp-json\/wp\/v2\/product_cat?post=34353"},{"taxonomy":"product_tag","embeddable":true,"href":"https:\/\/mairsturnstile.com\/tr\/wp-json\/wp\/v2\/product_tag?post=34353"}],"curies":[{"name":"wp","href":"https:\/\/api.w.org\/{rel}","templated":true}]}}