{"id":34355,"date":"2020-09-12T18:52:50","date_gmt":"2020-09-12T10:52:50","guid":{"rendered":"https:\/\/mairsturnstile.com\/product\/yarim-yukseklikte-turnike-mt501"},"modified":"2024-10-28T17:36:24","modified_gmt":"2024-10-28T09:36:24","slug":"yarim-yukseklikte-turnike","status":"publish","type":"product","link":"https:\/\/mairsturnstile.com\/tr\/urun\/yarim-yukseklikte-turnike","title":{"rendered":"YARIM Y\u00dcKSEKL\u0130KTE TURN\u0130KE MT501"},"content":{"rendered":"<h3>        <!-- 3D Model html -->\r\n        <div class=\"bp_grand wrapper_21822\">   \r\n        <div class=\"bp_model_parent\">\r\n            <model-viewer class=\"model\" id=\"bp_model_id_21822\" src=\"http:\/\/mairsturnstile.com\/wp-content\/uploads\/2023\/06\/MT501.glb\" alt=\"MT501\" camera-controls  loading=\"auto\" auto-rotate                        >\r\n            <\/model-viewer>\r\n        \r\n            <!-- Button -->\r\n            <svg id=\"openBtn\" width=\"30px\" height=\"30px\" viewBox=\"0 0 16 16\" xmlns=\"http:\/\/www.w3.org\/2000\/svg\" fill=\"#f2f2f2\" class=\"bi bi-arrows-fullscreen model-icon\">\r\n                <path fill-rule=\"evenodd\" d=\"M5.828 10.172a.5.5 0 0 0-.707 0l-4.096 4.096V11.5a.5.5 0 0 0-1 0v3.975a.5.5 0 0 0 .5.5H4.5a.5.5 0 0 0 0-1H1.732l4.096-4.096a.5.5 0 0 0 0-.707zm4.344 0a.5.5 0 0 1 .707 0l4.096 4.096V11.5a.5.5 0 1 1 1 0v3.975a.5.5 0 0 1-.5.5H11.5a.5.5 0 0 1 0-1h2.768l-4.096-4.096a.5.5 0 0 1 0-.707zm0-4.344a.5.5 0 0 0 .707 0l4.096-4.096V4.5a.5.5 0 1 0 1 0V.525a.5.5 0 0 0-.5-.5H11.5a.5.5 0 0 0 0 1h2.768l-4.096 4.096a.5.5 0 0 0 0 .707zm-4.344 0a.5.5 0 0 1-.707 0L1.025 1.732V4.5a.5.5 0 0 1-1 0V.525a.5.5 0 0 1 .5-.5H4.5a.5.5 0 0 1 0 1H1.732l4.096 4.096a.5.5 0 0 1 0 .707z\"\/>\r\n            <\/svg>\r\n        \r\n            <svg id=\"closeBtn\" class=\"model-icon\" width=\"34px\" height=\"34px\" viewBox=\"0 0 24 24\" xmlns=\"http:\/\/www.w3.org\/2000\/svg\">\r\n                <path fill=\"none\" stroke=\"#f2f2f2\" stroke-width=\"2\" d=\"M7,7 L17,17 M7,17 L17,7\"\/>\r\n            <\/svg>\r\n        \r\n        <\/div>\r\n        <\/div> \r\n\r\n        <!-- Model Viewer Style -->\r\n        <style>\r\n            \r\n            .wrapper_21822 .bp_model_parent, #bp_model_id_21822 {\r\n                width: 1150px;\r\n                max-width: 100%;\r\n                                            }\r\n            #bp_model_id_21822 {\r\n                height:700px;\r\n                background-color: #f9f9f9;\r\n            }\r\n            .fullscreen #bp_model_id_21822{\r\n            height: 100%;\r\n            width: 100%;\r\n            }\r\n            .wrapper_21822 .bp_model_parent{\r\n                justify-content: start            }\r\n            model-viewer.model {\r\n                --poster-color: transparent;\r\n            }\r\n        <\/style>\r\n        \r\n        <\/h3>\n<h3><strong>Yar\u0131m boy turnike<\/strong> 2 y\u0131l garantilidir ve uzun \u00f6m\u00fcrl\u00fc bak\u0131m ve onar\u0131m deste\u011fi ta\u015f\u0131r.<\/h3>\n<p>OEM ve ODM hizmetleri sa\u011flayabiliriz. \u0130htiya\u00e7lar\u0131n\u0131zdan herhangi birine g\u00f6re derin \u00f6zelle\u015ftirmeyi tamamlayabilen deneyimli tasar\u0131mc\u0131lar\u0131m\u0131z var. 3D render, boyutlu \u00e7izimler gibi bir dizi malzemeyi en k\u0131sa s\u00fcrede sa\u011flayaca\u011f\u0131z. Maers en kaliteli yar\u0131m boy turnikeyi uygun fiyata sunuyor. IC\/ID kart okuyucular\u0131, parmak izi taray\u0131c\u0131lar\u0131, QR kodu taray\u0131c\u0131lar\u0131, y\u00fcz tan\u0131ma kameralar\u0131 vb. gibi biyometrik cihazlar da sa\u011fl\u0131yoruz. Bu cihazlar\u0131 tam boy turnike kap\u0131s\u0131na entegre etmeniz gerekiyorsa veya herhangi bir sorunuz varsa, l\u00fctfen <a href=\"https:\/\/mairsturnstile.com\/contact\">bizimle ileti\u015fime ge\u00e7in.<\/a><\/p>\n<p><strong>Yar\u0131m y\u00fckseklikte turnike, engelleme g\u00f6vdesinin yaln\u0131zca yar\u0131s\u0131 kadar y\u00fcksekli\u011fe sahip bir t\u00fcr yaya turnike kap\u0131s\u0131d\u0131r. Turnike kap\u0131s\u0131n\u0131n blokaj g\u00f6vdesi genel olarak 3 veya 4 adet metal \u00e7ubuktan olu\u015fmaktad\u0131r.<\/strong> Brocking \u00e7ubu\u011funun y\u00fcksekli\u011fine g\u00f6re, turnike kap\u0131s\u0131 <a href=\"https:\/\/mairsturnstile.com\/product\/full-height-pedestrian-turnstiles\">tam boy turnike<\/a> ve yar\u0131m boy turnike olarak ikiye ayr\u0131l\u0131r ve tam boy turnike kap\u0131s\u0131 daha yayg\u0131n olarak kullan\u0131l\u0131r. Yar\u0131m y\u00fckseklikte turnike, tek ki\u015filik trafi\u011fi etkili bir \u015fekilde ger\u00e7ekle\u015ftirebilen, yani ayn\u0131 anda yaln\u0131zca bir ki\u015finin ge\u00e7ebilece\u011fi anlam\u0131na gelen, mekanik kuyruk \u00f6nleme tasar\u0131m\u0131n\u0131 benimser. <a href=\"https:\/\/mairsturnstile.com\/product\/tripod-security-gate\">Tripod turnike kap\u0131s\u0131<\/a> ile kar\u015f\u0131la\u015ft\u0131r\u0131ld\u0131\u011f\u0131nda, yar\u0131m boy turnike daha y\u00fcksek g\u00fcvenlik ve g\u00fcvenilirli\u011fe sahiptir.<\/p>\n<p>Yar\u0131m boy turnikenin yap\u0131sal tasar\u0131m\u0131: Yar\u0131m boy turnikenin \u00fczerindeki engelleme \u00e7ubu\u011fu, kurulumu ve ta\u015f\u0131nmas\u0131 kolay, \u00e7\u0131kar\u0131labilir bir yap\u0131sal tasar\u0131ma sahiptir.<\/p>\n<p>Yar\u0131m boy turnikenin \u00f6zellikleri: g\u00fc\u00e7l\u00fc su ge\u00e7irmezlik ve toz ge\u00e7irmezlik \u00f6zelli\u011fi ve g\u00fc\u00e7l\u00fc \u00e7evresel uyumluluk.<\/p>\n<p>Yar\u0131m boy turnike uygulamas\u0131: Yar\u0131m boy turnike, spor salonu, hapishane vb. gibi y\u00fcksek trafik d\u00fczeni gerektiren durumlar i\u00e7in uygundur. Ayr\u0131ca yerle\u015fim alanlar\u0131, manzaral\u0131 noktalar, fabrikalar, sergi salonlar\u0131 ve di\u011fer i\u00e7 ve d\u0131\u015f mekanlar i\u00e7in uygundur.<\/p>\n<p>Korkuluklu yar\u0131m boy turnike, g\u00fczel bir g\u00f6r\u00fcn\u00fcm, pas \u00f6nleme ve dayan\u0131kl\u0131l\u0131k ile 304 <a href=\"https:\/\/en.wikipedia.org\/wiki\/Stainless_steel\" target=\"_blank\" rel=\"noopener\">paslanmaz \u00e7elikten<\/a> yap\u0131lm\u0131\u015ft\u0131r. Ayr\u0131ca, insanlar\u0131n i\u00e7eri ve d\u0131\u015far\u0131 medeni ve d\u00fczenli eri\u015fimini sa\u011flamak ve yasa d\u0131\u015f\u0131 ki\u015filerin girip \u00e7\u0131kmas\u0131n\u0131 \u00f6nlemek i\u00e7in QR kodlar\u0131n\u0131, kimlik kartlar\u0131n\u0131, IC kartlar\u0131n\u0131 ve di\u011fer kart okuyucular\u0131n\u0131 kolayca entegre edebilen standart bir elektrik aray\u00fcz\u00fcn\u00fc de benimser. . Paslanmas\u0131 kolay olmayan ve ak\u0131ll\u0131 delme \u00f6nleme, d\u00fczenli trafik, tek ve iki y\u00f6nl\u00fc se\u00e7im vb. avantajlara sahip olan yar\u0131m y\u00fckseklikte turnike uzun s\u00fcre kullan\u0131labilir.<\/p>\n<h3>Yar\u0131m y\u00fckseklikte turnikenin avantajlar\u0131:<\/h3>\n<p><strong>Geli\u015fmi\u015f ve ak\u0131ll\u0131 tasar\u0131m<\/strong><\/p>\n<p>Yar\u0131m y\u00fckseklikte turnike, ayn\u0131 anda yaln\u0131zca bir ki\u015fiyi etkili bir \u015fekilde kontrol etmek i\u00e7in mekanik kuyruk \u00f6nleme tasar\u0131m\u0131n\u0131 benimser. Geli\u015fmi\u015f mekanik yap\u0131 benimsenmi\u015ftir. Bekleme modunda yayalar\u0131n yasad\u0131\u015f\u0131 ge\u00e7i\u015fini \u00f6nlemek i\u00e7in engelleme \u00e7ubu\u011fu kilitlenir. Bir y\u00f6nde yasal kap\u0131 a\u00e7ma sinyali al\u0131nd\u0131\u011f\u0131nda, izin verilen ge\u00e7i\u015f s\u00fcresi i\u00e7erisinde, kar\u015f\u0131 y\u00f6nden ge\u00e7ide giren ve kap\u0131 \u00e7ubu\u011funu iten yayalar, ters ge\u00e7i\u015f olarak kabul edilecek ve bu y\u00f6ndeki engelleme \u00e7ubu\u011fu kilitlenerek, ge\u00e7i\u015fin engellenmesi sa\u011flanacakt\u0131r. yayalar ters ge\u00e7itten.<\/p>\n<p>Kapal\u0131 d\u00f6ng\u00fc geri besleme kontrol sistemi, geri ge\u00e7i\u015f gibi kanal\u0131n g\u00fcvenli\u011fini tehdit eden davran\u0131\u015flar\u0131 hassas bir \u015fekilde tespit edebilen ve ard\u0131ndan ses ve \u0131\u015f\u0131k \u015feklinde uyar\u0131 g\u00f6nderebilen fren \u00e7ubu\u011funun hareket durumunu izlemek i\u00e7in kullan\u0131l\u0131r ve di\u011fer g\u00fcvenlik sistemlerine de ba\u011flanabilir.<\/p>\n<p><strong>Kararl\u0131 ve g\u00fc\u00e7l\u00fc kontrol \u00e7ekirde\u011fi<\/strong><\/p>\n<p>Uzun servis \u00f6mr\u00fc: Mekanizma yap\u0131s\u0131 geli\u015fmi\u015f olup, y\u00fcksek kaliteli ithal f\u0131r\u00e7as\u0131z DC motor ve elektrom\u0131knat\u0131s ile donat\u0131lm\u0131\u015ft\u0131r, b\u00f6ylece yar\u0131m y\u00fckseklikte turnike uzun servis \u00f6mr\u00fcne ve istikrarl\u0131 performansa sahiptir. Geli\u015fmi\u015f motor kontrol teknolojisi: geli\u015fmi\u015f servo kontrol sistemi ve DSP + arm motor kontrol teknolojisi benimsenmi\u015ftir ve motor kontrol algoritmas\u0131, bariyerin do\u011fru kontrol\u00fcn\u00fc ve konumland\u0131r\u0131lmas\u0131n\u0131 ger\u00e7ekle\u015ftirmek i\u00e7in birle\u015ftirilmi\u015ftir.<\/p>\n<p><strong>Kapsaml\u0131 ki\u015fisel g\u00fcvenlik korumas\u0131<\/strong><\/p>\n<p>G\u00fc\u00e7 kapatma ve kap\u0131 a\u00e7ma: geli\u015fmi\u015f mekanik yap\u0131. G\u00fc\u00e7 kapat\u0131ld\u0131\u011f\u0131nda engelleme \u00e7ubu\u011funun kilidi otomatik olarak a\u00e7\u0131l\u0131r ve insanlar\u0131n tahliyesini kolayla\u015ft\u0131rmak i\u00e7in serbest\u00e7e itilebilir. Acil kap\u0131 a\u00e7ma: Kap\u0131 \u00e7ubu\u011funun kilidini otomatik olarak a\u00e7mak i\u00e7in bir acil durum ka\u00e7\u0131\u015f kontrol cihaz\u0131 ile donat\u0131lm\u0131\u015ft\u0131r ve yayalar, insanlar\u0131n tahliyesini kolayla\u015ft\u0131rmak i\u00e7in onu her iki y\u00f6nde de serbest\u00e7e itebilir. Yayalar\u0131n elektrik \u00e7arpmas\u0131n\u0131 \u00f6nleyin: Ekipman, yayalar\u0131n elektrik \u00e7arpmas\u0131ndan yaralanmamas\u0131 i\u00e7in g\u00fcvenli voltaj ve ak\u0131m koruyucusunu benimser.<\/p>\n<p>Ger\u00e7ek senaryonuza g\u00f6re birka\u00e7 dakika i\u00e7inde sizin i\u00e7in bir render da olu\u015fturabiliriz. Ayr\u0131ca ayr\u0131nt\u0131l\u0131 yerle\u015fim ve \u00e7izimlerin yan\u0131 s\u0131ra kurulum \u00e7izimleri de sa\u011fl\u0131yoruz.<\/p>\n\n        \t\n\t<style type=\"text\/css\">\n\t\t.slider-info-21844.bafg-slider-info .bafg-slider-title {\n\t\t\t\t\t\tfont-size: 22px;\n\t\t\t\t\t\t\n\t\t\t\n\t\t\t\t\t}\n\n\t\t.slider-info-21844.bafg-slider-info .bafg-slider-description {\n\t\t\t\n\t\t\t\n\t\t\t\t\t}\n\n\t\t.slider-info-21844.bafg-slider-info .bafg_slider_readmore_button {\n\t\t\t\n\t\t\t\n\t\t\t\n\t\t\t\n\t\t\t\n\t\t\ttext-align: center;\n\n\t\t\t\n\t\t\t\n\t\t\t\n\t\t\t\n\t\t\t\n\t\t\t\n\t\t\t\t\t}\n\n\t\t.slider-info-21844.bafg-slider-info .bafg_slider_readmore_button:hover {\n\n\t\t\t\n\t\t\t\n\t\t\t\t\t}\n\n\t<\/style>\n\t\n        <div class=\"bafg-twentytwenty-container slider-21844 \" bafg-orientation=\"horizontal\" bafg-default-offset=\"0.5\" bafg-before-label=\"Before\" bafg-after-label=\"After\" bafg-overlay=\"yes\" bafg-move-slider-on-hover=\"yes\" bafg-click-to-move=\"no\">\n              \n            <img decoding=\"async\" class=\"skip-lazy\" src=\"http:\/\/mairsturnstile.com\/wp-content\/uploads\/2023\/06\/half-height-turnstile_8.jpg\" alt=\"\" data-skip-lazy title=\"\">\n            <img decoding=\"async\" class=\"skip-lazy\" src=\"http:\/\/mairsturnstile.com\/wp-content\/uploads\/2023\/06\/half-height-turnstile_9.jpg\" alt=\"\" data-skip-lazy title=\"\">\n           \n        <\/div>\n\n        \t<div class=\"bafg-slider-info-wraper\">\n\t\t<div style=\"\" class=\"slider-info-21844 bafg-slider-info\">\n\t\t\t\t\t<\/div>\n\t<\/div>\n\t\n        <style type=\"text\/css\">\n            \n        <\/style>\n        \n<ul>\n<li><strong>Yar\u0131m boy turnike <\/strong>genellikle y\u00fcksek g\u00fcvenlikli ge\u00e7i\u015f kontrol \u00e7\u00f6z\u00fcmleri i\u00e7in kullan\u0131l\u0131r.<\/li>\n<li>Geri d\u00f6nmeyi \u00f6nleme i\u015fleviyle ters y\u00f6n\u00fc durdurun.<\/li>\n<li><strong>Yar\u0131m boy turnike<\/strong> hem i\u00e7 hem de d\u0131\u015f mekanlarda kullan\u0131labilir.<\/li>\n<li>Bu turnike her t\u00fcrl\u00fc \u00fc\u00e7\u00fcnc\u00fc taraf ge\u00e7i\u015f kontrol sistemiyle (\u00f6rne\u011fin: RFID cihaz\u0131, Parmak \u0130zi ve Biyometrik cihaz) entegre edilebilir.<\/li>\n<li>Acil durum kontrol gereksinimlerini kar\u015f\u0131lamak i\u00e7in, elektrik kesildi\u011finde turnike kap\u0131s\u0131 otomatik olarak a\u00e7\u0131lacakt\u0131r.<\/li>\n<li>T\u00fcm sistem, uzun \u00f6m\u00fcr ve y\u00fcksek performans, y\u00fcksek \u00e7al\u0131\u015fma g\u00fcvenilirli\u011fi ve h\u0131zl\u0131 yan\u0131t ile son derece sorunsuz \u00e7al\u0131\u015f\u0131r.<\/li>\n<li>Mekanizma bu cihazla birlikte y\u00fcksek kaliteli bir hidrolik amortis\u00f6r ile donat\u0131lm\u0131\u015ft\u0131r, \u00e7al\u0131\u015f\u0131rken \u00e7ok d\u00fc\u015f\u00fck ses \u00e7\u0131kar\u0131r ve daha d\u00fczg\u00fcn \u00e7al\u0131\u015f\u0131r.<\/li>\n<li>Kendi kendine test fonksiyonu, g\u00fc\u00e7 a\u00e7\u0131ld\u0131\u011f\u0131nda kap\u0131 otomatik olarak eski durumuna d\u00f6necektir.<\/li>\n<li>Tek y\u00f6nl\u00fc veya \u00e7ift y\u00f6nl\u00fc \u00e7al\u0131\u015fma olabilir<\/li>\n<li>LED g\u00f6sterge \u0131\u015f\u0131\u011f\u0131 ile.<\/li>\n<li>D\u00f6nme y\u00f6n\u00fc: \u00c7ift y\u00f6nl\u00fc<\/li>\n<li>Uzaktan kumanda ile kontrol edilebilir ve do\u011frudan bilgisayar taraf\u0131ndan y\u00f6netilebilir.<\/li>\n<li>Elektrik kesintisi durumunda, yang\u0131n g\u00fcvenli\u011fi gerekliliklerine uygun olarak turnike \u015feridine eri\u015fim serbest olacakt\u0131r.<\/li>\n<li>Kap\u0131n\u0131n boyutu\/tasar\u0131m\u0131 m\u00fc\u015fterinin \u00e7izimine g\u00f6re \u00f6zelle\u015ftirilebilir<\/li>\n<li>Boyut, farkl\u0131 yerlerdeki gereksinimleri kar\u015f\u0131layacak \u015fekilde ayarlanabilir.<\/li>\n<\/ul>\n<p>T\u00fcm g\u00fcvenlik eri\u015fim kontrol\u00fc \u00e7\u00f6z\u00fcm\u00fcn\u00fc sa\u011flayabiliriz. Kendi ge\u00e7i\u015f kontrol sisteminiz varsa, do\u011frudan turnike kap\u0131m\u0131z\u0131 kullanabilirsiniz. E\u011fer yoksa, eksiksiz bir g\u00fcvenlik eri\u015fim kontrol\u00fc \u00e7\u00f6z\u00fcm\u00fc de sa\u011fl\u0131yoruz. Ayr\u0131nt\u0131lar i\u00e7in l\u00fctfen a\u015fa\u011f\u0131daki videoya bak\u0131n.<\/p>\n<p><iframe title=\"YouTube video oynat\u0131c\u0131\" src=\"https:\/\/www.youtube.com\/embed\/XyxFKnS3Br0\" width=\"1150\" height=\"650\" frameborder=\"0\" allowfullscreen=\"allowfullscreen\"><span data-mce-type=\"bookmark\" style=\"display: inline-block; width: 0px; overflow: hidden; line-height: 0;\" class=\"mce_SELRES_start\"><\/span><\/iframe><\/p>\n","protected":false},"excerpt":{"rendered":"<p>1. Boyut: 1400*1100*1150 mm (\u00f6zelle\u015ftirilebilir)<\/p>\n<p>2. \u015eerit Geni\u015fli\u011fi: 650mm (\u00f6zelle\u015ftirilebilir)<\/p>\n<p>3. Ge\u00e7i\u015f h\u0131z\u0131: 30 ki\u015fi\/dk<\/p>\n<p>4. G\u00fc\u00e7 kayna\u011f\u0131: 110V\/220V 50\/60Hz<\/p>\n<p>5. Yar\u0131m y\u00fckseklikte turnike solenoidi: DC24V<\/p>\n<p>6. Kap\u0131 A\u00e7\u0131k Sinyali: Kuru Kontak\/ R\u00f6le<\/p>\n<p>7. Mant\u0131k Gerilimi: DC24V<\/p>\n<p>8. Malzeme: 304 paslanmaz \u00e7elik veya 316 paslanmaz \u00e7elik<\/p>\n<p>9. \u015eerit geni\u015fli\u011fi: 600-660 mm<\/p>\n<p><strong><a title=\"Mairs CE Belgeli Tam Boy Turnike\" href=\"http:\/\/mairsturnstile.com\/wp-content\/uploads\/2022\/09\/Mairs-CE-Certificate-Full-Height-Turnstile.pdf\" target=\"_blank\" rel=\"noopener noreferrer\">CE Belgeli,<\/a> <a title=\"Mairs ISO9001 Sertifikas\u0131\" href=\"http:\/\/mairsturnstile.com\/wp-content\/uploads\/2022\/09\/Mairs-Registration-Certificate-ISO9001.pdf\" target=\"_blank\" rel=\"noopener noreferrer\">ISO9001 Sertifikal\u0131.<\/a><\/strong><\/p>\n","protected":false},"featured_media":29311,"comment_status":"closed","ping_status":"closed","template":"","meta":{"neve_meta_sidebar":"","neve_meta_container":"","neve_meta_enable_content_width":"off","neve_meta_content_width":0,"neve_meta_title_alignment":"","neve_meta_author_avatar":"","neve_post_elements_order":"","neve_meta_disable_header":"","neve_meta_disable_footer":"","neve_meta_disable_title":"","_ti_tpc_template_sync":false,"_ti_tpc_template_id":""},"product_cat":[1916,1973],"product_tag":[2576,2578,2577],"class_list":["post-34355","product","type-product","status-publish","has-post-thumbnail","hentry","product_cat-guvenlik-turnikeleri","product_cat-tam-boy-turnikeler","product_tag-yarim-boy-turnike","product_tag-yarim-boy-turnike-fiyatlari","product_tag-yarim-yukseklikte-turnike-kapisi"],"_links":{"self":[{"href":"https:\/\/mairsturnstile.com\/tr\/wp-json\/wp\/v2\/product\/34355","targetHints":{"allow":["GET"]}}],"collection":[{"href":"https:\/\/mairsturnstile.com\/tr\/wp-json\/wp\/v2\/product"}],"about":[{"href":"https:\/\/mairsturnstile.com\/tr\/wp-json\/wp\/v2\/types\/product"}],"replies":[{"embeddable":true,"href":"https:\/\/mairsturnstile.com\/tr\/wp-json\/wp\/v2\/comments?post=34355"}],"version-history":[{"count":0,"href":"https:\/\/mairsturnstile.com\/tr\/wp-json\/wp\/v2\/product\/34355\/revisions"}],"wp:featuredmedia":[{"embeddable":true,"href":"https:\/\/mairsturnstile.com\/tr\/wp-json\/wp\/v2\/media\/29311"}],"wp:attachment":[{"href":"https:\/\/mairsturnstile.com\/tr\/wp-json\/wp\/v2\/media?parent=34355"}],"wp:term":[{"taxonomy":"product_cat","embeddable":true,"href":"https:\/\/mairsturnstile.com\/tr\/wp-json\/wp\/v2\/product_cat?post=34355"},{"taxonomy":"product_tag","embeddable":true,"href":"https:\/\/mairsturnstile.com\/tr\/wp-json\/wp\/v2\/product_tag?post=34355"}],"curies":[{"name":"wp","href":"https:\/\/api.w.org\/{rel}","templated":true}]}}