{"id":34357,"date":"2020-09-12T18:44:26","date_gmt":"2020-09-12T10:44:26","guid":{"rendered":"https:\/\/mairsturnstile.com\/product\/satilik-en-iyi-futbol-stadyumu-turnikeleri-mt402-3"},"modified":"2024-10-28T17:41:36","modified_gmt":"2024-10-28T09:41:36","slug":"futbol-stadyumu-turnikeleri","status":"publish","type":"product","link":"https:\/\/mairsturnstile.com\/tr\/urun\/futbol-stadyumu-turnikeleri","title":{"rendered":"Kaliteli Futbol Stadyumu Turnikeler Kap\u0131s\u0131"},"content":{"rendered":"        <!-- 3D Model html -->\r\n        <div class=\"bp_grand wrapper_19981\">   \r\n        <div class=\"bp_model_parent\">\r\n            <model-viewer class=\"model\" id=\"bp_model_id_19981\" src=\"http:\/\/mairsturnstile.com\/wp-content\/uploads\/2023\/06\/MT402-3.glb\" alt=\"MT402-3\" camera-controls  loading=\"auto\" auto-rotate                        >\r\n            <\/model-viewer>\r\n        \r\n            <!-- Button -->\r\n            <svg id=\"openBtn\" width=\"30px\" height=\"30px\" viewBox=\"0 0 16 16\" xmlns=\"http:\/\/www.w3.org\/2000\/svg\" fill=\"#f2f2f2\" class=\"bi bi-arrows-fullscreen model-icon\">\r\n                <path fill-rule=\"evenodd\" d=\"M5.828 10.172a.5.5 0 0 0-.707 0l-4.096 4.096V11.5a.5.5 0 0 0-1 0v3.975a.5.5 0 0 0 .5.5H4.5a.5.5 0 0 0 0-1H1.732l4.096-4.096a.5.5 0 0 0 0-.707zm4.344 0a.5.5 0 0 1 .707 0l4.096 4.096V11.5a.5.5 0 1 1 1 0v3.975a.5.5 0 0 1-.5.5H11.5a.5.5 0 0 1 0-1h2.768l-4.096-4.096a.5.5 0 0 1 0-.707zm0-4.344a.5.5 0 0 0 .707 0l4.096-4.096V4.5a.5.5 0 1 0 1 0V.525a.5.5 0 0 0-.5-.5H11.5a.5.5 0 0 0 0 1h2.768l-4.096 4.096a.5.5 0 0 0 0 .707zm-4.344 0a.5.5 0 0 1-.707 0L1.025 1.732V4.5a.5.5 0 0 1-1 0V.525a.5.5 0 0 1 .5-.5H4.5a.5.5 0 0 1 0 1H1.732l4.096 4.096a.5.5 0 0 1 0 .707z\"\/>\r\n            <\/svg>\r\n        \r\n            <svg id=\"closeBtn\" class=\"model-icon\" width=\"34px\" height=\"34px\" viewBox=\"0 0 24 24\" xmlns=\"http:\/\/www.w3.org\/2000\/svg\">\r\n                <path fill=\"none\" stroke=\"#f2f2f2\" stroke-width=\"2\" d=\"M7,7 L17,17 M7,17 L17,7\"\/>\r\n            <\/svg>\r\n        \r\n        <\/div>\r\n        <\/div> \r\n\r\n        <!-- Model Viewer Style -->\r\n        <style>\r\n            \r\n            .wrapper_19981 .bp_model_parent, #bp_model_id_19981 {\r\n                width: 1150px;\r\n                max-width: 100%;\r\n                                            }\r\n            #bp_model_id_19981 {\r\n                height:700px;\r\n                background-color: #f2f2f2;\r\n            }\r\n            .fullscreen #bp_model_id_19981{\r\n            height: 100%;\r\n            width: 100%;\r\n            }\r\n            .wrapper_19981 .bp_model_parent{\r\n                justify-content: start            }\r\n            model-viewer.model {\r\n                --poster-color: transparent;\r\n            }\r\n        <\/style>\r\n        \r\n        \n<p>Futbol stadyumu turnikeleri, futbol sahalar\u0131, spor salonlar\u0131 veya di\u011fer b\u00fcy\u00fck \u00f6l\u00e7ekli etkinlikler i\u00e7in kullan\u0131lan bir t\u00fcr elektrikli eri\u015fim kontrol cihaz\u0131d\u0131r. Yetkisiz personelin stadyuma girmesini veya \u00e7\u0131kmas\u0131n\u0131 etkili bir \u015fekilde \u00f6nleyebilir. Futbol stadyumu turnikeleri, tipik olarak birden fazla kanal olu\u015fturan 2,5 ila 3 metre y\u00fcksekli\u011fe sahip iki veya \u00fc\u00e7 d\u00f6ner tam boy turnikeden olu\u015fan \u00e7e\u015fitli stillerde gelir. Futbol stadyumu turnikeleri, daha y\u00fcksek bir g\u00fcvenlik seviyesi sa\u011flamak i\u00e7in y\u00fcz tan\u0131ma, kart okuyucular, parmak izi taray\u0131c\u0131lar vb. gibi di\u011fer bir\u00e7ok g\u00fcvenlik cihaz\u0131yla birlikte de kullan\u0131labilir.   <\/p>\n<p>OEM ve ODM hizmetleri sa\u011flayabiliriz. IC\/ID kart okuyucular\u0131, parmak izi taray\u0131c\u0131lar\u0131, QR kodu taray\u0131c\u0131lar\u0131, y\u00fcz tan\u0131ma kameralar\u0131 vb. gibi biyometrik cihazlar da sa\u011fl\u0131yoruz. Ayr\u0131ca \u015f\u0131k g\u00f6r\u00fcn\u00fcml\u00fc ve sa\u011flam yap\u0131ya sahip yeni bir tam boy turnike serisi ba\u015flatt\u0131k. L\u00fctfen kontrol edin:<a href=\"\" target=\"\" rel=\"noopener\"> tam boy turnike serisi<\/a> <\/p>\n<p>Futbol turnike kap\u0131s\u0131n\u0131n \u00e7al\u0131\u015fmas\u0131 \u00e7ok basittir. Seyircilerin veya personelin stadyuma girmesi gerekti\u011finde, bir QR kodu, kimlik belgeleri veya ba\u015fka bir kimlik belirleme arac\u0131 sa\u011flayarak kimliklerini do\u011frulamalar\u0131 gerekir. Ard\u0131ndan, yetkilendirildikten sonra, futbol turnike kap\u0131s\u0131 a\u00e7\u0131lacak ve bu ki\u015filer mekana girebilecektir. Ayn\u0131 s\u00fcre\u00e7 bu ki\u015filerin stattan ayr\u0131lmalar\u0131 i\u00e7in de ge\u00e7erlidir.   <\/p>\n<p>Bu 304 paslanmaz \u00e7elik <a href=\"https:\/\/mairsturnstile.com\/full-height-turnstiles.html\" target=\"_blank\" rel=\"noopener\">tam boy turnikeler<\/a>, bir binan\u0131n her alan\u0131na yaln\u0131zca yetkili ki\u015filerin girmesine izin verildi\u011finden emin olmak i\u00e7in sa\u011flam ve etkili bir yol sa\u011flar.<\/p>\n<p>Bu futbol stadyumu turnikeleri, siyah toz kapl\u0131 y\u00fczey i\u015flemine sahip demiri benimseyen, giren ve \u00e7\u0131kan yayalar\u0131 kontrol etmek i\u00e7in tasarlanm\u0131\u015f \u00e7ift \u015feritlidir. Toz ge\u00e7irmez, paslanmaz, ya\u011fmur ge\u00e7irmez, i\u00e7 ve d\u0131\u015f mekan kullan\u0131m\u0131na uygun bir tasar\u0131md\u0131r. <a href=\"https:\/\/en.wikipedia.org\/wiki\/Category:Face_recognition\" target=\"_blank\" rel=\"noopener\">Y\u00fcz tan\u0131ma<\/a> kameras\u0131 gibi ba\u015fka bir okuma\/yazma cihaz\u0131yla entegre edilmesi kolayd\u0131r ve etkinlik stadyumlar\u0131, apartmanlar, spor salonlar\u0131, m\u00fczeler, istasyonlar, topluluklar ve fabrika gibi uygulamalar i\u00e7in yayg\u0131n olarak kullan\u0131l\u0131r. Mairs en iyi futbol stadyumu turnikelerini sunuyor.<\/p>\n\n        \t\n\t<style type=\"text\/css\">\n\t\t.slider-info-19992.bafg-slider-info .bafg-slider-title {\n\t\t\t\t\t\tfont-size: 22px;\n\t\t\t\t\t\t\n\t\t\t\n\t\t\t\t\t}\n\n\t\t.slider-info-19992.bafg-slider-info .bafg-slider-description {\n\t\t\t\n\t\t\t\n\t\t\t\t\t}\n\n\t\t.slider-info-19992.bafg-slider-info .bafg_slider_readmore_button {\n\t\t\t\n\t\t\t\n\t\t\t\n\t\t\t\n\t\t\t\n\t\t\ttext-align: center;\n\n\t\t\t\n\t\t\t\n\t\t\t\n\t\t\t\n\t\t\t\n\t\t\t\n\t\t\t\t\t}\n\n\t\t.slider-info-19992.bafg-slider-info .bafg_slider_readmore_button:hover {\n\n\t\t\t\n\t\t\t\n\t\t\t\t\t}\n\n\t<\/style>\n\t\n        <div class=\"bafg-twentytwenty-container slider-19992 \" bafg-orientation=\"horizontal\" bafg-default-offset=\"0.5\" bafg-before-label=\"Before\" bafg-after-label=\"After\" bafg-overlay=\"yes\" bafg-move-slider-on-hover=\"yes\" bafg-click-to-move=\"no\">\n              \n            <img decoding=\"async\" class=\"skip-lazy\" src=\"http:\/\/mairsturnstile.com\/wp-content\/uploads\/2024\/10\/construction-turnstiles-5.jpg\" alt=\"construction turnstiles\" data-skip-lazy title=\"\">\n            <img decoding=\"async\" class=\"skip-lazy\" src=\"http:\/\/mairsturnstile.com\/wp-content\/uploads\/2024\/10\/football-stadium-turnstiles-3.jpg\" alt=\"football stadium turnstiles\" data-skip-lazy title=\"\">\n           \n        <\/div>\n\n        \t<div class=\"bafg-slider-info-wraper\">\n\t\t<div style=\"\" class=\"slider-info-19992 bafg-slider-info\">\n\t\t\t\t\t<\/div>\n\t<\/div>\n\t\n        <style type=\"text\/css\">\n            \n        <\/style>\n        \n<p>Ger\u00e7ek senaryonuza g\u00f6re birka\u00e7 dakika i\u00e7inde sizin i\u00e7in bir render da olu\u015fturabiliriz. Ayr\u0131ca ayr\u0131nt\u0131l\u0131 yerle\u015fim ve \u00e7izimlerin yan\u0131 s\u0131ra kurulum \u00e7izimleri de sa\u011fl\u0131yoruz.<\/p>\n<ul>\n<li>Futbol stadyumu turnikeleri genellikle y\u00fcksek g\u00fcvenlikli ge\u00e7i\u015f kontrol \u00e7\u00f6z\u00fcmleri i\u00e7in kullan\u0131l\u0131r.<\/li>\n<li>G\u00f6vde malzemesi paslanmaya kar\u015f\u0131 dayan\u0131kl\u0131, dayan\u0131kl\u0131 ve y\u00fcksek dirence sahip 304 paslanmaz \u00e7eliktir. Kol U tipi bir koldur.<\/li>\n<li>Futbol stadyumu turnikeleri hem i\u00e7 hem de d\u0131\u015f mekan ayarlar\u0131na uygundur.<\/li>\n<li>Tek y\u00f6nl\u00fc veya \u00e7ift y\u00f6nl\u00fc olabilir.<\/li>\n<li>Acil durum kontrol gereksinimlerini kar\u015f\u0131lamak i\u00e7in, elektrik kesildi\u011finde turnike kap\u0131s\u0131 otomatik olarak a\u00e7\u0131lacakt\u0131r.<\/li>\n<li>T\u00fcm sistem, uzun \u00f6m\u00fcrl\u00fc performans, y\u00fcksek \u00e7al\u0131\u015fma g\u00fcvenilirli\u011fi ve h\u0131zl\u0131 tepki ile sorunsuz bir \u015fekilde \u00e7al\u0131\u015f\u0131r.<\/li>\n<li>Mekanizma y\u00fcksek kaliteli bir hidrolik amortis\u00f6r ile donat\u0131lm\u0131\u015ft\u0131r. Bu cihazla \u00e7al\u0131\u015f\u0131rken \u00e7ok d\u00fc\u015f\u00fck ses \u00e7\u0131kar ve daha d\u00fczg\u00fcn \u00e7al\u0131\u015f\u0131r.<\/li>\n<li>Kendi kendine test fonksiyonu, g\u00fc\u00e7 a\u00e7\u0131ld\u0131\u011f\u0131nda kap\u0131 otomatik olarak eski durumuna d\u00f6necektir.<\/li>\n<li>D\u00f6nme y\u00f6n\u00fc: \u00c7ift y\u00f6nl\u00fc\/Tek y\u00f6nl\u00fc<\/li>\n<li>Do\u011frudan bir bilgisayar taraf\u0131ndan uzaktan kontrol edilebilir ve y\u00f6netilebilir.<\/li>\n<li>Sat\u0131l\u0131k en iyi futbol stadyumu turnikeleri.<\/li>\n<li>Tek y\u00f6nl\u00fc veya \u00c7ift y\u00f6nl\u00fc iste\u011fe ba\u011fl\u0131d\u0131r.<\/li>\n<li>LED g\u00f6sterge \u0131\u015f\u0131\u011f\u0131 ile.<\/li>\n<li>Uzaktan kumanda ile kontrol edilebilir ve do\u011frudan bilgisayar taraf\u0131ndan y\u00f6netilebilir.<\/li>\n<li>Elektrik kesintisi durumunda, yang\u0131n g\u00fcvenli\u011fi gerekliliklerine uygun olarak turnike \u015feridine eri\u015fim serbest olacakt\u0131r.<\/li>\n<li>Kap\u0131n\u0131n boyutu\/tasar\u0131m\u0131 m\u00fc\u015fterinin \u00e7izimine g\u00f6re \u00f6zelle\u015ftirilebilir.<\/li>\n<li>Boyut, farkl\u0131 yerlerdeki gereksinimleri kar\u015f\u0131layacak \u015fekilde ayarlanabilir.<\/li>\n<\/ul>\n<p>T\u00fcm g\u00fcvenlik eri\u015fim kontrol\u00fc \u00e7\u00f6z\u00fcm\u00fcn\u00fc sa\u011flayabiliriz. Kendi ge\u00e7i\u015f kontrol sisteminiz varsa, do\u011frudan turnike kap\u0131m\u0131z\u0131 kullanabilirsiniz. E\u011fer elinizde yoksa, eksiksiz bir g\u00fcvenlik eri\u015fim kontrol\u00fc \u00e7\u00f6z\u00fcm\u00fc de sunuyoruz. Ayr\u0131nt\u0131lar i\u00e7in l\u00fctfen a\u015fa\u011f\u0131daki videoya bak\u0131n.<\/p>\n<p><iframe title=\"YouTube video oynat\u0131c\u0131\" src=\"https:\/\/www.youtube.com\/embed\/XyxFKnS3Br0\" width=\"1150\" height=\"650\" frameborder=\"0\" allowfullscreen=\"allowfullscreen\"><span data-mce-type=\"bookmark\" style=\"display: inline-block; width: 0px; overflow: hidden; line-height: 0;\" class=\"mce_SELRES_start\"><\/span><\/iframe><\/p>\n","protected":false},"excerpt":{"rendered":"<p>1. Boyut: 2400*1500*2310 mm (\u00f6zelle\u015ftirilebilir)<\/p>\n<p>2. \u015eerit Geni\u015fli\u011fi: 650 mm (\u00f6zelle\u015ftirilebilir)<\/p>\n<p>3. Ge\u00e7i\u015f h\u0131z\u0131: 30 ki\u015fi\/dk<\/p>\n<p>4. G\u00fc\u00e7 kayna\u011f\u0131: 110 V\/220 V 50\/60 Hz<\/p>\n<p>5. Tam y\u00fckseklikte turnike Solenoid: DC24V<\/p>\n<p>6. Kap\u0131 A\u00e7\u0131k Sinyali: Kuru Kontak\/ R\u00f6le<\/p>\n<p>7. Mant\u0131k Gerilimi: DC24V<\/p>\n<p>8. G\u00f6vde Malzemesi: 304 paslanmaz \u00e7elik veya 316 paslanmaz \u00e7elik<\/p>\n<p>9. Mekanizman\u0131n g\u00fcvenilirli\u011fi: 5 milyon, hatas\u0131z<\/p>\n<p><strong><a title=\"Mairs CE Belgeli Tam Boy Turnike\" href=\"http:\/\/mairsturnstile.com\/wp-content\/uploads\/2022\/09\/Mairs-CE-Certificate-Full-Height-Turnstile.pdf\" target=\"_blank\" rel=\"noopener noreferrer\">CE Belgeli,<\/a> <a title=\"Mairs ISO9001 Sertifikas\u0131\" href=\"http:\/\/mairsturnstile.com\/wp-content\/uploads\/2022\/09\/Mairs-Registration-Certificate-ISO9001.pdf\" target=\"_blank\" rel=\"noopener noreferrer\">ISO9001 Sertifikal\u0131.<\/a><\/strong><\/p>\n<p><a title=\"Toz Boyal\u0131 Tam Boy Turnike Kap\u0131s\u0131 Bro\u015f\u00fcr\u00fc\" href=\"http:\/\/mairsturnstile.com\/wp-content\/uploads\/2023\/12\/MT402-3-brochure.pdf\" target=\"_blank\" rel=\"noopener noreferrer\"><img decoding=\"async\" class=\"alignnone size-full wp-image-11034\" src=\"http:\/\/mairsturnstile.com\/wp-content\/uploads\/2022\/09\/pdf-MairsTurnstile.png\" alt=\"\" width=\"32\" height=\"32\"><strong><span style=\"color: #0000ff;\">MT402-3 \u00c7ift Tam Boy Turnike Bro\u015f\u00fcr\u00fc<\/span><\/strong><\/a><\/p>\n<p><a title=\"Tam Boy Turnike Kurulum K\u0131lavuzu\" href=\"http:\/\/mairsturnstile.com\/wp-content\/uploads\/2023\/09\/Full-height-turnstile-installation-manual.pdf\" target=\"_blank\" rel=\"noopener noreferrer\"><img decoding=\"async\" class=\"alignnone size-full wp-image-11034\" src=\"http:\/\/mairsturnstile.com\/wp-content\/uploads\/2022\/09\/pdf-MairsTurnstile.png\" alt=\"\" width=\"32\" height=\"32\"><strong><span style=\"color: #0000ff;\"> Tam Boy Turnike Kullan\u0131m ve Kurulum K\u0131lavuzu<\/span><\/strong><\/a><\/p>\n","protected":false},"featured_media":29255,"comment_status":"closed","ping_status":"closed","template":"","meta":{"neve_meta_sidebar":"","neve_meta_container":"","neve_meta_enable_content_width":"off","neve_meta_content_width":0,"neve_meta_title_alignment":"","neve_meta_author_avatar":"","neve_post_elements_order":"","neve_meta_disable_header":"","neve_meta_disable_footer":"","neve_meta_disable_title":"","_ti_tpc_template_sync":false,"_ti_tpc_template_id":""},"product_cat":[1916,1973],"product_tag":[2581,2582,2583,1975],"class_list":["post-34357","product","type-product","status-publish","has-post-thumbnail","hentry","product_cat-guvenlik-turnikeleri","product_cat-tam-boy-turnikeler","product_tag-futbol-stadyumu-turnikeleri","product_tag-futbol-turnikeleri","product_tag-satilik-futbol-turnikeleri","product_tag-tam-boy-turnikeler"],"_links":{"self":[{"href":"https:\/\/mairsturnstile.com\/tr\/wp-json\/wp\/v2\/product\/34357","targetHints":{"allow":["GET"]}}],"collection":[{"href":"https:\/\/mairsturnstile.com\/tr\/wp-json\/wp\/v2\/product"}],"about":[{"href":"https:\/\/mairsturnstile.com\/tr\/wp-json\/wp\/v2\/types\/product"}],"replies":[{"embeddable":true,"href":"https:\/\/mairsturnstile.com\/tr\/wp-json\/wp\/v2\/comments?post=34357"}],"version-history":[{"count":0,"href":"https:\/\/mairsturnstile.com\/tr\/wp-json\/wp\/v2\/product\/34357\/revisions"}],"wp:featuredmedia":[{"embeddable":true,"href":"https:\/\/mairsturnstile.com\/tr\/wp-json\/wp\/v2\/media\/29255"}],"wp:attachment":[{"href":"https:\/\/mairsturnstile.com\/tr\/wp-json\/wp\/v2\/media?parent=34357"}],"wp:term":[{"taxonomy":"product_cat","embeddable":true,"href":"https:\/\/mairsturnstile.com\/tr\/wp-json\/wp\/v2\/product_cat?post=34357"},{"taxonomy":"product_tag","embeddable":true,"href":"https:\/\/mairsturnstile.com\/tr\/wp-json\/wp\/v2\/product_tag?post=34357"}],"curies":[{"name":"wp","href":"https:\/\/api.w.org\/{rel}","templated":true}]}}