{"id":34358,"date":"2020-09-12T18:42:47","date_gmt":"2020-09-12T10:42:47","guid":{"rendered":"https:\/\/mairsturnstile.com\/product\/toz-kaplamali-tam-yuksek-turnike-kapisi-mt402-2-b"},"modified":"2024-10-28T17:52:26","modified_gmt":"2024-10-28T09:52:26","slug":"tam-boy-turnike-kapisi-mt402-2-b","status":"publish","type":"product","link":"https:\/\/mairsturnstile.com\/tr\/urun\/tam-boy-turnike-kapisi-mt402-2-b","title":{"rendered":"YENI TAM BOY TURNIKE KAPISI"},"content":{"rendered":"        <!-- 3D Model html -->\r\n        <div class=\"bp_grand wrapper_51811\">   \r\n        <div class=\"bp_model_parent\">\r\n            <model-viewer class=\"model\" id=\"bp_model_id_51811\" src=\"http:\/\/mairsturnstile.com\/wp-content\/uploads\/2024\/09\/MT-LX400-2.glb\" alt=\"MT-LX400-2\" camera-controls  loading=\"auto\" auto-rotate                        >\r\n            <\/model-viewer>\r\n        \r\n            <!-- Button -->\r\n            <svg id=\"openBtn\" width=\"30px\" height=\"30px\" viewBox=\"0 0 16 16\" xmlns=\"http:\/\/www.w3.org\/2000\/svg\" fill=\"#f2f2f2\" class=\"bi bi-arrows-fullscreen model-icon\">\r\n                <path fill-rule=\"evenodd\" d=\"M5.828 10.172a.5.5 0 0 0-.707 0l-4.096 4.096V11.5a.5.5 0 0 0-1 0v3.975a.5.5 0 0 0 .5.5H4.5a.5.5 0 0 0 0-1H1.732l4.096-4.096a.5.5 0 0 0 0-.707zm4.344 0a.5.5 0 0 1 .707 0l4.096 4.096V11.5a.5.5 0 1 1 1 0v3.975a.5.5 0 0 1-.5.5H11.5a.5.5 0 0 1 0-1h2.768l-4.096-4.096a.5.5 0 0 1 0-.707zm0-4.344a.5.5 0 0 0 .707 0l4.096-4.096V4.5a.5.5 0 1 0 1 0V.525a.5.5 0 0 0-.5-.5H11.5a.5.5 0 0 0 0 1h2.768l-4.096 4.096a.5.5 0 0 0 0 .707zm-4.344 0a.5.5 0 0 1-.707 0L1.025 1.732V4.5a.5.5 0 0 1-1 0V.525a.5.5 0 0 1 .5-.5H4.5a.5.5 0 0 1 0 1H1.732l4.096 4.096a.5.5 0 0 1 0 .707z\"\/>\r\n            <\/svg>\r\n        \r\n            <svg id=\"closeBtn\" class=\"model-icon\" width=\"34px\" height=\"34px\" viewBox=\"0 0 24 24\" xmlns=\"http:\/\/www.w3.org\/2000\/svg\">\r\n                <path fill=\"none\" stroke=\"#f2f2f2\" stroke-width=\"2\" d=\"M7,7 L17,17 M7,17 L17,7\"\/>\r\n            <\/svg>\r\n        \r\n        <\/div>\r\n        <\/div> \r\n\r\n        <!-- Model Viewer Style -->\r\n        <style>\r\n            \r\n            .wrapper_51811 .bp_model_parent, #bp_model_id_51811 {\r\n                width: 1150px;\r\n                max-width: 100%;\r\n                                            }\r\n            #bp_model_id_51811 {\r\n                height:700px;\r\n                background-color: #f9f9f9;\r\n            }\r\n            .fullscreen #bp_model_id_51811{\r\n            height: 100%;\r\n            width: 100%;\r\n            }\r\n            .wrapper_51811 .bp_model_parent{\r\n                justify-content: start            }\r\n            model-viewer.model {\r\n                --poster-color: transparent;\r\n            }\r\n        <\/style>\r\n        \r\n        \n<h2>Tam boy turnike kap\u0131s\u0131 2 y\u0131l garantilidir ve dayan\u0131kl\u0131 bak\u0131m ve onar\u0131m deste\u011fine sahiptir.<\/h2>\n<p>\u00d6rne\u011fin, \u00f6zel bir renk i\u00e7in renk, stil, malzeme, boyut vb.&#8217;nin \u00f6zelle\u015ftirilmesi dahil olmak \u00fczere OEM ve ODM hizmetleri sa\u011flayabiliriz, m\u00fc\u015fterinin yaln\u0131zca bize bir <a href=\"https:\/\/en.wikipedia.org\/wiki\/Pantone\" target=\"_blank\" rel=\"noopener\">Pantone<\/a> numaras\u0131 sa\u011flamas\u0131 gerekir ve rengi Pantone&#8217;a g\u00f6re ayarlayaca\u011f\u0131z. numaras\u0131 ve ayn\u0131 renge toz p\u00fcsk\u00fcrt\u00fcn. M\u00fc\u015fterinin ODM ihtiyac\u0131 varsa, d\u0131\u015far\u0131dan sat\u0131\u015f yapmadan, m\u00fc\u015fterinin g\u00f6r\u00fcn\u00fcm ve beden tercihlerine g\u00f6re bu m\u00fc\u015fteri i\u00e7in de stil tasarlayabiliriz. Bu \u00f6zel turnike kap\u0131s\u0131 firman\u0131z\u0131n piyasadaki tek \u00f6zg\u00fcn tarz\u0131 olacakt\u0131r.<\/p>\n<p>Ayr\u0131ca \u015f\u0131k g\u00f6r\u00fcn\u00fcml\u00fc ve sa\u011flam yap\u0131ya sahip yeni bir tam boy turnike serisi ba\u015flatt\u0131k. L\u00fctfen kontrol edin:<a href=\"\" target=\"\" rel=\"noopener\"> tam boy turnike serisi<\/a> <\/p>\n<p>Mair&#8217;ler yaln\u0131zca y\u00fcksek kaliteli aksesuar ve malzemeler kullanaca\u011f\u0131na s\u00f6z verir ve aksesuarlar\u0131m\u0131z\u0131n her biri s\u0131k\u0131 bir \u015fekilde denetlenir ve kalite kontrol\u00fcnden ge\u00e7irilir. Ancak bu \u015fekilde m\u00fc\u015fterileri ger\u00e7ekten memnun eden bir turnike kap\u0131s\u0131 yapabiliriz. Tam boy turnikelerimizin her biri, tam kal\u0131nl\u0131\u011f\u0131 1,0 olan 304 paslanmaz \u00e7eli\u011fi kullan\u0131r. Elbette 316 paslanmaz \u00e7elik veya 1.2 kal\u0131nl\u0131k paslanmaz \u00e7eli\u011fi de \u00f6zelle\u015ftirebiliyorsan\u0131z, tam boy turnikemizin mekanizmas\u0131 taraf\u0131m\u0131zdan say\u0131s\u0131z kez test edilmi\u015f ve do\u011frulanm\u0131\u015ft\u0131r, bu da kaliteyi sa\u011flamam\u0131z i\u00e7in en temel gerekliliktir.<\/p>\n<p>Tam boy turnikelerimizin her par\u00e7as\u0131 sekt\u00f6rdeki en y\u00fcksek standartlar\u0131 benimser ve \u00fcr\u00fcnlerimizin her par\u00e7as\u0131 ve malzemesi m\u00fc\u015fteriler i\u00e7in ayr\u0131 ayr\u0131 sergilenebilir ve test edilebilir. Bu ayn\u0131 zamanda kalite ve hizmeti garantilememiz i\u00e7in de bir dayanak noktas\u0131d\u0131r.<\/p>\n<p>T\u00fcm \u00fcr\u00fcnlerimiz 2 y\u0131l garantili olup, uzun s\u00fcreli bak\u0131m ve onar\u0131m deste\u011fine sahiptir. IC\/ID kart okuyucular\u0131, parmak izi taray\u0131c\u0131lar\u0131, QR kodu taray\u0131c\u0131lar\u0131, y\u00fcz tan\u0131ma kameralar\u0131 vb. gibi biyometrik cihazlar da sa\u011fl\u0131yoruz.<\/p>\n<h4><strong>Tam Boy Turnike Kap\u0131s\u0131<\/strong> RFID Kart Okuyucu G\u00fcvenlik GYM i\u00e7in D\u00f6ner Giri\u015f Turnike Kap\u0131s\u0131.<\/h4>\n<p><strong>Tam boy turnike kap\u0131s\u0131, \u015fu anda en iyi g\u00fcvenlik performans\u0131na sahip, y\u00fcksek maliyetli bir yaya turnike kap\u0131s\u0131d\u0131r. Y\u00fcksek g\u00fcvenlik ve \u00f6zel bir yap\u0131ya sahiptir. Genellikle cezaevleri ve karakollar gibi g\u00fcvenlik seviyesi y\u00fcksek olan yerlerde kullan\u0131l\u0131r. Tam boy turnike kap\u0131s\u0131, tek \u015feritli tam boy turnike ve \u00e7ift \u015feritli tam boy turnike (tam boy \u00e7ift turnike olarak da adland\u0131r\u0131l\u0131r) olarak ikiye ayr\u0131labilir.<\/strong> \u00dc\u00e7 kanal ve \u00fczeri de yap\u0131labilir ancak sitenin gereksinimlerine g\u00f6re \u00f6zelle\u015ftirilmesi gerekir.<\/p>\n<p>Bu 304 paslanmaz \u00e7elik <a href=\"https:\/\/mairsturnstile.com\/full-height-turnstiles.html\" target=\"_blank\" rel=\"noopener\">tam boy turnikeler<\/a>, bir binan\u0131n her alan\u0131na yaln\u0131zca yetkili ki\u015filerin girmesine izin verildi\u011finden emin olmak i\u00e7in sa\u011flam ve etkili bir yol sa\u011flar. Tam boy turnike \u00fcreticileri &#8211; Maers, en iyi tam boy turnike kap\u0131s\u0131n\u0131 en ucuz fiyata sunar.<\/p>\n\n        \t\n\t<style type=\"text\/css\">\n\t\t.slider-info-52019.bafg-slider-info .bafg-slider-title {\n\t\t\t\t\t\tfont-size: 22px;\n\t\t\t\t\t\t\n\t\t\t\n\t\t\t\t\t}\n\n\t\t.slider-info-52019.bafg-slider-info .bafg-slider-description {\n\t\t\t\n\t\t\t\n\t\t\t\t\t}\n\n\t\t.slider-info-52019.bafg-slider-info .bafg_slider_readmore_button {\n\t\t\t\n\t\t\t\n\t\t\t\n\t\t\t\n\t\t\t\n\t\t\ttext-align: center;\n\n\t\t\t\n\t\t\t\n\t\t\t\n\t\t\t\n\t\t\t\n\t\t\t\n\t\t\t\t\t}\n\n\t\t.slider-info-52019.bafg-slider-info .bafg_slider_readmore_button:hover {\n\n\t\t\t\n\t\t\t\n\t\t\t\t\t}\n\n\t<\/style>\n\t\n        <div class=\"bafg-twentytwenty-container slider-52019 \" bafg-orientation=\"horizontal\" bafg-default-offset=\"0.5\" bafg-before-label=\"Before\" bafg-after-label=\"After\" bafg-overlay=\"yes\" bafg-move-slider-on-hover=\"yes\" bafg-click-to-move=\"no\">\n              \n            <img decoding=\"async\" class=\"skip-lazy\" src=\"http:\/\/mairsturnstile.com\/wp-content\/uploads\/2024\/09\/lx-series-full-height-double-turnstile-MT-LX402-6.jpg\" alt=\"\" data-skip-lazy title=\"\">\n            <img decoding=\"async\" class=\"skip-lazy\" src=\"http:\/\/mairsturnstile.com\/wp-content\/uploads\/2024\/09\/lx-series-full-height-double-turnstile-MT-LX402-5.jpg\" alt=\"\" data-skip-lazy title=\"\">\n           \n        <\/div>\n\n        \t<div class=\"bafg-slider-info-wraper\">\n\t\t<div style=\"\" class=\"slider-info-52019 bafg-slider-info\">\n\t\t\t\t\t<\/div>\n\t<\/div>\n\t\n        <style type=\"text\/css\">\n            \n        <\/style>\n        \n<p>Ger\u00e7ek senaryonuza g\u00f6re birka\u00e7 dakika i\u00e7inde sizin i\u00e7in bir render da olu\u015fturabiliriz. Ayr\u0131ca ayr\u0131nt\u0131l\u0131 yerle\u015fim ve \u00e7izimlerin yan\u0131 s\u0131ra kurulum \u00e7izimleri de sa\u011fl\u0131yoruz.<\/p>\n<p>Tam y\u00fckseklikte turnike kap\u0131s\u0131, tripod turnike kap\u0131s\u0131n\u0131n yaya eri\u015fim kontrol\u00fc y\u00f6netimindeki bo\u015fluklar\u0131 etkili bir \u015fekilde \u00e7\u00f6zebilir ve insanlar\u0131n \u00e7ubu\u011fun alt\u0131nda delme yapmas\u0131n\u0131 \u00f6nleyebilir. Tam boy turnikelerin anahtar \u00e7ubu\u011fu nispeten y\u00fcksek oldu\u011fundan, t\u0131rmanma \u00f6nleme ve delme \u00f6nleme etkileri nispeten iyidir.<\/p>\n<p>E\u015fsiz avantajlar\u0131 nedeniyle tam boy turnikeler genellikle daha s\u0131k\u0131 kontrol alanlar\u0131nda kullan\u0131l\u0131r. Tam boy turnikeler a\u011f\u0131rl\u0131kl\u0131 olarak fabrikalarda, \u015fantiyelerde, cezaevlerinde, i\u015fletmelerde, kurumlarda, tren istasyonlar\u0131nda, otob\u00fcs terminallerinde, havalimanlar\u0131nda ve di\u011fer yerlerde kullan\u0131lmaktad\u0131r. Kuyruk \u00f6nleme i\u015flevi \u00f6zellikle g\u00fc\u00e7l\u00fcd\u00fcr. Ayn\u0131 zamanda \u00e7ok y\u00fcksektir. \u0130nsanlar onu ge\u00e7emez. Tam boy turnike kap\u0131s\u0131 b\u00fcy\u00fck bir g\u00fcvenli\u011fe sahiptir. Topluluk, nispeten sabit olan tam boy turnikeleri de kullanabilir.<\/p>\n<p>Bu <strong>tam boy turnike kap\u0131s\u0131<\/strong>, yayalar\u0131n giri\u015f ve \u00e7\u0131k\u0131\u015flar\u0131n\u0131 kontrol etmek i\u00e7in tasarlanm\u0131\u015f \u00e7ift \u015feritlidir ve <a href=\"https:\/\/en.wikipedia.org\/wiki\/Powder_coating\" target=\"_blank\" rel=\"noopener\">siyah toz<\/a> boya y\u00fczey i\u015flemeli demir kullan\u0131r. Toz ge\u00e7irmez, paslanmaz, ya\u011fmur ge\u00e7irmez, i\u00e7 ve d\u0131\u015f mekan kullan\u0131m\u0131na uygun bir tasar\u0131md\u0131r. Ba\u015fka okuma\/yazma cihazlar\u0131yla entegrasyonu kolayd\u0131r ve etkinlik stadyumlar\u0131, apartmanlar, spor salonlar\u0131, m\u00fczeler, istasyonlar, topluluklar ve fabrika vb. uygulamalarda yayg\u0131n olarak kullan\u0131l\u0131r. Kimlik\/IC kart\u0131, parmak izi, y\u00fcz tan\u0131ma, k\u0131z\u0131l\u00f6tesi dedekt\u00f6r, s\u0131cakl\u0131k kontrol cihaz\u0131, Barkod\/QR kodu, telefon uygulamas\u0131, ESD sistemi, ziyaret\u00e7i sistemi vb. ile uyumlu standart elektrik aray\u00fcz\u00fcn\u00fc kullanma<\/p>\n<ul>\n<li><strong>Tam boy turnike kap\u0131s\u0131<\/strong> genellikle y\u00fcksek g\u00fcvenlikli ge\u00e7i\u015f kontrol \u00e7\u00f6z\u00fcmleri i\u00e7in kullan\u0131l\u0131r.<\/li>\n<li>G\u00f6vde malzemesi paslanmaya kar\u015f\u0131 dayan\u0131kl\u0131, dayan\u0131kl\u0131 ve y\u00fcksek dirence sahip 304 paslanmaz \u00e7eliktir.<\/li>\n<li>Tam boy turnike kap\u0131s\u0131 hem i\u00e7 hem de d\u0131\u015f mekan ayarlar\u0131 i\u00e7in uygundur.<\/li>\n<li>Geri d\u00f6nmeyi \u00f6nleme i\u015fleviyle ters y\u00f6n\u00fc durdurun.<\/li>\n<li>Acil durum kontrol gereksinimlerini kar\u015f\u0131lamak i\u00e7in, elektrik kesildi\u011finde turnike kap\u0131s\u0131 otomatik olarak a\u00e7\u0131lacakt\u0131r.<\/li>\n<li>T\u00fcm sistem, uzun \u00f6m\u00fcrl\u00fc performans, y\u00fcksek \u00e7al\u0131\u015fma g\u00fcvenilirli\u011fi ve h\u0131zl\u0131 tepki ile sorunsuz bir \u015fekilde \u00e7al\u0131\u015f\u0131r.<\/li>\n<li>Mekanizma y\u00fcksek kaliteli bir hidrolik amortis\u00f6r ile donat\u0131lm\u0131\u015ft\u0131r. Bu cihazla \u00e7al\u0131\u015f\u0131rken \u00e7ok d\u00fc\u015f\u00fck ses \u00e7\u0131kar ve daha d\u00fczg\u00fcn \u00e7al\u0131\u015f\u0131r.<\/li>\n<li>Kendi kendine test fonksiyonu, g\u00fc\u00e7 a\u00e7\u0131ld\u0131\u011f\u0131nda kap\u0131 otomatik olarak eski durumuna d\u00f6necektir.<\/li>\n<li>D\u00f6nme y\u00f6n\u00fc: \u00c7ift y\u00f6nl\u00fc\/Tek y\u00f6n<\/li>\n<li>Tek y\u00f6nl\u00fc veya \u00e7ift y\u00f6nl\u00fc olabilir.<\/li>\n<li>Tek y\u00f6nl\u00fc veya \u00c7ift y\u00f6nl\u00fc iste\u011fe ba\u011fl\u0131d\u0131r.<\/li>\n<li>LED g\u00f6sterge \u0131\u015f\u0131\u011f\u0131 ile.<\/li>\n<li>\u0130leti\u015fim arabirimi: RS485<\/li>\n<li>Uzaktan kumanda ile kontrol edilebilir ve do\u011frudan bilgisayar taraf\u0131ndan y\u00f6netilebilir.<\/li>\n<li>Elektrik kesintisi durumunda, yang\u0131n g\u00fcvenli\u011fi gerekliliklerine uygun olarak turnike \u015feridine eri\u015fim serbest olacakt\u0131r.<\/li>\n<li>Kap\u0131n\u0131n boyutu\/tasar\u0131m\u0131 m\u00fc\u015fterinin \u00e7izimine g\u00f6re \u00f6zelle\u015ftirilebilir.<\/li>\n<li>Boyut, farkl\u0131 yerlerdeki gereksinimleri kar\u015f\u0131layacak \u015fekilde ayarlanabilir.<\/li>\n<\/ul>\n<p><iframe title=\"YouTube video oynat\u0131c\u0131\" src=\"https:\/\/www.youtube.com\/embed\/XyxFKnS3Br0\" width=\"1150\" height=\"650\" frameborder=\"0\" allowfullscreen=\"allowfullscreen\"><\/iframe><\/p>\n","protected":false},"excerpt":{"rendered":"<p>1. Boyut: 2400*1500*2350 mm (\u00f6zelle\u015ftirilebilir)<\/p>\n<p>2. \u015eerit Geni\u015fli\u011fi: 650 mm (\u00f6zelle\u015ftirilebilir)<\/p>\n<p>3. Malzeme: 304 paslanmaz \u00e7elik veya 316 paslanmaz \u00e7elik<\/p>\n<p>4. Ge\u00e7i\u015f h\u0131z\u0131: 30 ki\u015fi\/dakika<\/p>\n<p>5. G\u00fc\u00e7 kayna\u011f\u0131: 110 V\/220 V 50\/60 Hz<\/p>\n<p>6. Tam y\u00fckseklikte turnike kap\u0131s\u0131 Solenoid: DC24V<\/p>\n<p>7. Kap\u0131 A\u00e7\u0131k Sinyali: Kuru Kontak\/R\u00f6le<\/p>\n<p>8. Mant\u0131k Gerilimi: DC24V<\/p>\n<p>9. Malzeme: Siyah toz kapl\u0131 demir<\/p>\n<p><span style=\"color: #0000ff;\"><strong><a style=\"color: #0000ff;\" title=\"Mairs CE Belgeli Tam Boy Turnike\" href=\"http:\/\/mairsturnstile.com\/wp-content\/uploads\/2022\/09\/Mairs-CE-Certificate-Full-Height-Turnstile.pdf\" target=\"_blank\" rel=\"noopener noreferrer\">CE Belgeli,<\/a> <a style=\"color: #0000ff;\" title=\"Mairs ISO9001 Sertifikas\u0131\" href=\"http:\/\/mairsturnstile.com\/wp-content\/uploads\/2022\/09\/Mairs-Registration-Certificate-ISO9001.pdf\" target=\"_blank\" rel=\"noopener noreferrer\">ISO9001 Sertifikal\u0131.<\/a><\/strong><\/span><\/p>\n<p><a title=\"Tam Boy Turnike Kurulum K\u0131lavuzu\" href=\"http:\/\/mairsturnstile.com\/wp-content\/uploads\/2023\/09\/Full-height-turnstile-installation-manual.pdf\" target=\"_blank\" rel=\"noopener noreferrer\"><img decoding=\"async\" class=\"alignnone size-full wp-image-11034\" src=\"http:\/\/mairsturnstile.com\/wp-content\/uploads\/2022\/09\/pdf-MairsTurnstile.png\" alt=\"\" width=\"32\" height=\"32\"><strong><span style=\"color: #0000ff;\"> Tam Boy Turnike Kullan\u0131m ve Kurulum K\u0131lavuzu<\/span><\/strong><\/a><\/p>\n","protected":false},"featured_media":57371,"comment_status":"closed","ping_status":"closed","template":"","meta":{"neve_meta_sidebar":"","neve_meta_container":"","neve_meta_enable_content_width":"off","neve_meta_content_width":0,"neve_meta_title_alignment":"","neve_meta_author_avatar":"","neve_post_elements_order":"","neve_meta_disable_header":"","neve_meta_disable_footer":"","neve_meta_disable_title":"","_ti_tpc_template_sync":false,"_ti_tpc_template_id":""},"product_cat":[1916,1973],"product_tag":[1939,2585,2587,1974,2586,1932,1941],"class_list":["post-34358","product","type-product","status-publish","has-post-thumbnail","hentry","product_cat-guvenlik-turnikeleri","product_cat-tam-boy-turnikeler","product_tag-bir-turnike-maliyeti-ne-kadar","product_tag-satilik-tam-boy-turnike","product_tag-tam-boy-turnike-fiyati","product_tag-tam-boy-turnike-kapisi","product_tag-tam-boy-turnike-ureticileri","product_tag-turnike-kapisi","product_tag-turnike-maliyeti"],"_links":{"self":[{"href":"https:\/\/mairsturnstile.com\/tr\/wp-json\/wp\/v2\/product\/34358","targetHints":{"allow":["GET"]}}],"collection":[{"href":"https:\/\/mairsturnstile.com\/tr\/wp-json\/wp\/v2\/product"}],"about":[{"href":"https:\/\/mairsturnstile.com\/tr\/wp-json\/wp\/v2\/types\/product"}],"replies":[{"embeddable":true,"href":"https:\/\/mairsturnstile.com\/tr\/wp-json\/wp\/v2\/comments?post=34358"}],"version-history":[{"count":0,"href":"https:\/\/mairsturnstile.com\/tr\/wp-json\/wp\/v2\/product\/34358\/revisions"}],"wp:featuredmedia":[{"embeddable":true,"href":"https:\/\/mairsturnstile.com\/tr\/wp-json\/wp\/v2\/media\/57371"}],"wp:attachment":[{"href":"https:\/\/mairsturnstile.com\/tr\/wp-json\/wp\/v2\/media?parent=34358"}],"wp:term":[{"taxonomy":"product_cat","embeddable":true,"href":"https:\/\/mairsturnstile.com\/tr\/wp-json\/wp\/v2\/product_cat?post=34358"},{"taxonomy":"product_tag","embeddable":true,"href":"https:\/\/mairsturnstile.com\/tr\/wp-json\/wp\/v2\/product_tag?post=34358"}],"curies":[{"name":"wp","href":"https:\/\/api.w.org\/{rel}","templated":true}]}}