{"id":34359,"date":"2020-09-12T18:39:07","date_gmt":"2020-09-12T10:39:07","guid":{"rendered":"https:\/\/mairsturnstile.com\/product\/tam-yuksek-cift-turnike-mt402-2"},"modified":"2024-10-28T17:58:03","modified_gmt":"2024-10-28T09:58:03","slug":"tam-boy-turnike-singapur","status":"publish","type":"product","link":"https:\/\/mairsturnstile.com\/tr\/urun\/tam-boy-turnike-singapur","title":{"rendered":"TAM BOY \u00c7IFT TURNIKE"},"content":{"rendered":"        <!-- 3D Model html -->\r\n        <div class=\"bp_grand wrapper_19979\">   \r\n        <div class=\"bp_model_parent\">\r\n            <model-viewer class=\"model\" id=\"bp_model_id_19979\" src=\"http:\/\/mairsturnstile.com\/wp-content\/uploads\/2023\/07\/MT402-2.glb\" alt=\"MT402-2\" camera-controls  loading=\"auto\" auto-rotate                        >\r\n            <\/model-viewer>\r\n        \r\n            <!-- Button -->\r\n            <svg id=\"openBtn\" width=\"30px\" height=\"30px\" viewBox=\"0 0 16 16\" xmlns=\"http:\/\/www.w3.org\/2000\/svg\" fill=\"#f2f2f2\" class=\"bi bi-arrows-fullscreen model-icon\">\r\n                <path fill-rule=\"evenodd\" d=\"M5.828 10.172a.5.5 0 0 0-.707 0l-4.096 4.096V11.5a.5.5 0 0 0-1 0v3.975a.5.5 0 0 0 .5.5H4.5a.5.5 0 0 0 0-1H1.732l4.096-4.096a.5.5 0 0 0 0-.707zm4.344 0a.5.5 0 0 1 .707 0l4.096 4.096V11.5a.5.5 0 1 1 1 0v3.975a.5.5 0 0 1-.5.5H11.5a.5.5 0 0 1 0-1h2.768l-4.096-4.096a.5.5 0 0 1 0-.707zm0-4.344a.5.5 0 0 0 .707 0l4.096-4.096V4.5a.5.5 0 1 0 1 0V.525a.5.5 0 0 0-.5-.5H11.5a.5.5 0 0 0 0 1h2.768l-4.096 4.096a.5.5 0 0 0 0 .707zm-4.344 0a.5.5 0 0 1-.707 0L1.025 1.732V4.5a.5.5 0 0 1-1 0V.525a.5.5 0 0 1 .5-.5H4.5a.5.5 0 0 1 0 1H1.732l4.096 4.096a.5.5 0 0 1 0 .707z\"\/>\r\n            <\/svg>\r\n        \r\n            <svg id=\"closeBtn\" class=\"model-icon\" width=\"34px\" height=\"34px\" viewBox=\"0 0 24 24\" xmlns=\"http:\/\/www.w3.org\/2000\/svg\">\r\n                <path fill=\"none\" stroke=\"#f2f2f2\" stroke-width=\"2\" d=\"M7,7 L17,17 M7,17 L17,7\"\/>\r\n            <\/svg>\r\n        \r\n        <\/div>\r\n        <\/div> \r\n\r\n        <!-- Model Viewer Style -->\r\n        <style>\r\n            \r\n            .wrapper_19979 .bp_model_parent, #bp_model_id_19979 {\r\n                width: 1150px;\r\n                max-width: 100%;\r\n                                            }\r\n            #bp_model_id_19979 {\r\n                height:700px;\r\n                background-color: #f2f2f2;\r\n            }\r\n            .fullscreen #bp_model_id_19979{\r\n            height: 100%;\r\n            width: 100%;\r\n            }\r\n            .wrapper_19979 .bp_model_parent{\r\n                justify-content: start            }\r\n            model-viewer.model {\r\n                --poster-color: transparent;\r\n            }\r\n        <\/style>\r\n        \r\n        \n<h2>TAM Y\u00dcKSEK TURN\u0130KE S\u0130NGAPUR 2 y\u0131l garantili ve dayan\u0131kl\u0131 bak\u0131m ve onar\u0131m deste\u011fi ta\u015f\u0131r.<\/h2>\n<p>OEM ve ODM hizmetleri sa\u011flayabiliriz. \u0130htiya\u00e7lar\u0131n\u0131zdan herhangi birine g\u00f6re derin \u00f6zelle\u015ftirmeyi tamamlayabilen deneyimli tasar\u0131mc\u0131lar\u0131m\u0131z var. 3D render, boyutlu \u00e7izimler gibi bir dizi malzemeyi en k\u0131sa s\u00fcrede sa\u011flayaca\u011f\u0131z. Ayr\u0131ca \u015f\u0131k g\u00f6r\u00fcn\u00fcml\u00fc ve sa\u011flam yap\u0131ya sahip yeni bir tam boy turnike serisi ba\u015flatt\u0131k. L\u00fctfen kontrol edin:<a href=\"https:\/\/mairsturnstile.com\/full-height-series-turnstile\" target=\"_blank\" rel=\"noopener\"> tam boy turnike serisi<\/a> <\/p>\n<p>IC\/ID kart okuyucular\u0131, parmak izi taray\u0131c\u0131lar\u0131, QR kodu taray\u0131c\u0131lar\u0131, y\u00fcz tan\u0131ma kameralar\u0131 vb. gibi biyometrik cihazlar da sa\u011fl\u0131yoruz. Tam boy turnike kap\u0131lar\u0131n\u0131 Singapur&#8217;a uygun fiyata ihra\u00e7 ediyoruz. Bu cihazlar\u0131 turnike kap\u0131s\u0131na entegre etmek istiyorsan\u0131z veya sorular\u0131n\u0131z varsa l\u00fctfen bizimle ileti\u015fime ge\u00e7in.<\/p>\n<p>Tam boy turnike Singapur, sa\u011flam <a href=\"https:\/\/en.wikipedia.org\/wiki\/Access_control\" target=\"_blank\" rel=\"noopener\">eri\u015fim kontrol\u00fc<\/a> i\u00e7in uygundur ve futbol stadyumlar\u0131nda, spor tesislerinde ve y\u00fcksek riskli alanlarda d\u0131\u015f ve i\u00e7 kullan\u0131m i\u00e7in \u00e7ok uygundur. Bu tam y\u00fckseklikte turnike kap\u0131lar\u0131 \u00fcr\u00fcn grubu hem i\u00e7 hem de d\u0131\u015f mekan eri\u015fim kontrol\u00fc uygulamalar\u0131 sunar. Mairs, Singapur&#8217;a uygun fiyata <a href=\"https:\/\/mairsturnstile.com\/full-height-turnstiles.html\" target=\"_blank\" rel=\"noopener\">tam boy turnikeler<\/a> ihra\u00e7 ediyor.<\/p>\n<p>Turnike kap\u0131s\u0131 serimiz, y\u00fcksek kaliteli, korozyon \u00f6nleyici bir y\u00fczeye sahiptir ve zorlu d\u0131\u015f mekan ko\u015fullar\u0131nda g\u00fcvenilir \u00e7al\u0131\u015fmay\u0131 garanti eder.<\/p>\n\n        \t\n\t<style type=\"text\/css\">\n\t\t.slider-info-20004.bafg-slider-info .bafg-slider-title {\n\t\t\t\t\t\tfont-size: 22px;\n\t\t\t\t\t\t\n\t\t\t\n\t\t\t\t\t}\n\n\t\t.slider-info-20004.bafg-slider-info .bafg-slider-description {\n\t\t\t\n\t\t\t\n\t\t\t\t\t}\n\n\t\t.slider-info-20004.bafg-slider-info .bafg_slider_readmore_button {\n\t\t\t\n\t\t\t\n\t\t\t\n\t\t\t\n\t\t\t\n\t\t\ttext-align: center;\n\n\t\t\t\n\t\t\t\n\t\t\t\n\t\t\t\n\t\t\t\n\t\t\t\n\t\t\t\t\t}\n\n\t\t.slider-info-20004.bafg-slider-info .bafg_slider_readmore_button:hover {\n\n\t\t\t\n\t\t\t\n\t\t\t\t\t}\n\n\t<\/style>\n\t\n        <div class=\"bafg-twentytwenty-container slider-20004 \" bafg-orientation=\"horizontal\" bafg-default-offset=\"0.5\" bafg-before-label=\"Before\" bafg-after-label=\"After\" bafg-overlay=\"yes\" bafg-move-slider-on-hover=\"yes\" bafg-click-to-move=\"no\">\n              \n            <img decoding=\"async\" class=\"skip-lazy\" src=\"http:\/\/mairsturnstile.com\/wp-content\/uploads\/2024\/10\/full-height-turnstile-singapore-1.jpg\" alt=\"full height turnstile singapore\" data-skip-lazy title=\"\">\n            <img decoding=\"async\" class=\"skip-lazy\" src=\"http:\/\/mairsturnstile.com\/wp-content\/uploads\/2024\/10\/full-height-turnstile-singapore.jpg\" alt=\"full height turnstile singapore\" data-skip-lazy title=\"\">\n           \n        <\/div>\n\n        \t<div class=\"bafg-slider-info-wraper\">\n\t\t<div style=\"\" class=\"slider-info-20004 bafg-slider-info\">\n\t\t\t\t\t<\/div>\n\t<\/div>\n\t\n        <style type=\"text\/css\">\n            \n        <\/style>\n        \n<p>Ger\u00e7ek senaryonuza g\u00f6re birka\u00e7 dakika i\u00e7inde sizin i\u00e7in bir render da olu\u015fturabiliriz. Ayr\u0131ca ayr\u0131nt\u0131l\u0131 yerle\u015fim ve \u00e7izimlerin yan\u0131 s\u0131ra kurulum \u00e7izimleri de sa\u011fl\u0131yoruz.<\/p>\n<ul>\n<li>Tam boy turnike Singapur, genellikle y\u00fcksek g\u00fcvenlikli eri\u015fim kontrol\u00fc \u00e7\u00f6z\u00fcmleri i\u00e7in kullan\u0131l\u0131r.<\/li>\n<li>Kasa, sa\u011flam, sert, paslanmaya kar\u015f\u0131 dayan\u0131kl\u0131 ve dayan\u0131kl\u0131 y\u00fcksek kaliteli 304 paslanmaz \u00e7elikten yap\u0131lm\u0131\u015ft\u0131r.<\/li>\n<li>Tam boy turnike Singapur a\u00e7\u0131k havada ve i\u00e7 mekanlarda kullan\u0131labilir.<\/li>\n<li>Tam boy turnike kap\u0131s\u0131 di\u011fer turnike kap\u0131lar\u0131 ile kar\u015f\u0131la\u015ft\u0131r\u0131ld\u0131\u011f\u0131nda en y\u00fcksek g\u00fcvenlik \u00e7\u00f6z\u00fcm\u00fcd\u00fcr<\/li>\n<li>Acil durum kontrol gereksinimlerini kar\u015f\u0131lamak i\u00e7in, elektrik kesildi\u011finde turnike kap\u0131s\u0131 otomatik olarak a\u00e7\u0131lacakt\u0131r.<\/li>\n<li>T\u00fcm sistem, uzun \u00f6m\u00fcrl\u00fc performans, y\u00fcksek \u00e7al\u0131\u015fma g\u00fcvenilirli\u011fi ve h\u0131zl\u0131 tepki ile sorunsuz bir \u015fekilde \u00e7al\u0131\u015f\u0131r.<\/li>\n<li>Mekanizma y\u00fcksek kaliteli bir hidrolik amortis\u00f6r ile donat\u0131lm\u0131\u015ft\u0131r. Bu cihazla \u00e7al\u0131\u015f\u0131rken \u00e7ok d\u00fc\u015f\u00fck ses \u00e7\u0131kar ve daha d\u00fczg\u00fcn \u00e7al\u0131\u015f\u0131r.<\/li>\n<li>Kendi kendine test fonksiyonu, g\u00fc\u00e7 a\u00e7\u0131ld\u0131\u011f\u0131nda kap\u0131 otomatik olarak eski durumuna d\u00f6necektir.<\/li>\n<li>Her t\u00fcrl\u00fc 3. parti ge\u00e7i\u015f kontrol sistemlerine (RFID, Parmak \u0130zi, Y\u00fcz Tan\u0131ma, Barkod, IR termometre) kolayl\u0131kla entegre edilebilecek standart r\u00f6le \u00e7\u0131k\u0131\u015f\u0131na sahiptir.<\/li>\n<li>Sat\u0131l\u0131k en iyi tam boy turnike Singapur.<\/li>\n<li>Makul tasar\u0131m ve y\u00fcksek konfig\u00fcrasyon, kap\u0131lar\u0131n h\u0131zl\u0131 ve do\u011fru, istikrarl\u0131 ve sessiz bir \u015fekilde hareket etmesini sa\u011flamak i\u00e7indir; D\u00fc\u015f\u00fck g\u00fc\u00e7 t\u00fcketimi, enerji tasarrufu ve \u00e7evre koruma ile.<\/li>\n<li>\u00c7ift yatakl\u0131 cihazlar, harici bir kuvvet oldu\u011funda kap\u0131y\u0131 dengede tutar.<\/li>\n<li>Tam boy turnikenin tasar\u0131m\u0131 ayn\u0131 anda yaln\u0131zca bir ki\u015finin ge\u00e7mesini sa\u011flar.<\/li>\n<li>Mekanizman\u0131n g\u00fcvenilirli\u011fi: 5 milyon, hatas\u0131z<\/li>\n<li>Tam boy turnike y\u00fcksek g\u00fcvenlikli alanlar i\u00e7in uygundur (\u00f6rn. El\u00e7ilik, Stadyum, Banka, Hapishane, Petrol Sahas\u0131, \u015eantiye, \u0130stasyon)<\/li>\n<li>Uzaktan kumanda ile kontrol edilebilir ve do\u011frudan bilgisayar taraf\u0131ndan y\u00f6netilebilir.<\/li>\n<li>Tam boy turnike m\u00fc\u015fterinin ihtiyac\u0131na g\u00f6re tek y\u00f6nl\u00fc ve \u00e7ift y\u00f6nl\u00fc olarak \u00e7al\u0131\u015fabilmektedir.<\/li>\n<li>Kap\u0131n\u0131n boyutu\/tasar\u0131m\u0131 m\u00fc\u015fterinin \u00e7izimine g\u00f6re \u00f6zelle\u015ftirilebilir.<\/li>\n<li>Boyut, farkl\u0131 yerlerdeki gereksinimleri kar\u015f\u0131layacak \u015fekilde ayarlanabilir.<\/li>\n<\/ul>\n<p><iframe title=\"YouTube video oynat\u0131c\u0131\" src=\"https:\/\/www.youtube.com\/embed\/XyxFKnS3Br0\" width=\"1150\" height=\"650\" frameborder=\"0\" allowfullscreen=\"allowfullscreen\"><span data-mce-type=\"bookmark\" style=\"display: inline-block; width: 0px; overflow: hidden; line-height: 0;\" class=\"mce_SELRES_start\"><\/span><\/iframe><\/p>\n","protected":false},"excerpt":{"rendered":"<p>1. Boyut: 2400*1500*2310 mm (\u00f6zelle\u015ftirilebilir)<\/p>\n<p>2. \u015eerit Geni\u015fli\u011fi: 650 mm (\u00f6zelle\u015ftirilebilir)<\/p>\n<p>3. G\u00f6vde Malzemesi: 304 paslanmaz \u00e7elik veya 316 paslanmaz \u00e7elik<\/p>\n<p>4. Ge\u00e7i\u015f h\u0131z\u0131: 30 ki\u015fi\/dakika<\/p>\n<p>5. G\u00fc\u00e7 kayna\u011f\u0131: 110 V\/220 V 50\/60 Hz<\/p>\n<p>6. Tam y\u00fckseklikte \u00e7ift turnike Solenoid: DC24V<\/p>\n<p>7. Kap\u0131 A\u00e7\u0131k Sinyali: Kuru Kontak\/R\u00f6le<\/p>\n<p>8. Mant\u0131k Gerilimi: DC24V<\/p>\n<p>9. D\u00f6n\u00fc\u015f y\u00f6n\u00fc: \u00c7ift Y\u00f6nl\u00fc\/Tek Y\u00f6nl\u00fc<\/p>\n<p><strong><a title=\"Mairs CE Belgeli Tam Boy Turnike\" href=\"http:\/\/mairsturnstile.com\/wp-content\/uploads\/2022\/09\/Mairs-CE-Certificate-Full-Height-Turnstile.pdf\" target=\"_blank\" rel=\"noopener noreferrer\">CE Belgeli,<\/a> <a title=\"Mairs ISO9001 Sertifikas\u0131\" href=\"http:\/\/mairsturnstile.com\/wp-content\/uploads\/2022\/09\/Mairs-Registration-Certificate-ISO9001.pdf\" target=\"_blank\" rel=\"noopener noreferrer\">ISO9001 Sertifikal\u0131.<\/a><\/strong><\/p>\n<p><a title=\"\u00c7ift Tam Boy Turnike Bro\u015f\u00fcr\u00fc\" href=\"http:\/\/mairsturnstile.com\/wp-content\/uploads\/2023\/12\/MT402-2-brochure.pdf\" target=\"_blank\" rel=\"noopener noreferrer\"><img decoding=\"async\" class=\"alignnone size-full wp-image-11034\" src=\"http:\/\/mairsturnstile.com\/wp-content\/uploads\/2022\/09\/pdf-MairsTurnstile.png\" alt=\"\" width=\"32\" height=\"32\"><span style=\"color: #0000ff;\"><strong>MT402-2 \u00c7iftli Tam Boy Turnike Bro\u015f\u00fcr\u00fc<\/strong><\/span><\/a><\/p>\n<p><a title=\"Tam Boy Turnike Kurulum K\u0131lavuzu\" href=\"http:\/\/mairsturnstile.com\/wp-content\/uploads\/2023\/09\/Full-height-turnstile-installation-manual.pdf\" target=\"_blank\" rel=\"noopener noreferrer\"><img decoding=\"async\" class=\"alignnone size-full wp-image-11034\" src=\"http:\/\/mairsturnstile.com\/wp-content\/uploads\/2022\/09\/pdf-MairsTurnstile.png\" alt=\"\" width=\"32\" height=\"32\"><strong><span style=\"color: #0000ff;\"> Tam Boy Turnike Kullan\u0131m ve Kurulum K\u0131lavuzu<\/span><\/strong><\/a><\/p>\n","protected":false},"featured_media":29975,"comment_status":"closed","ping_status":"closed","template":"","meta":{"neve_meta_sidebar":"","neve_meta_container":"","neve_meta_enable_content_width":"off","neve_meta_content_width":0,"neve_meta_title_alignment":"","neve_meta_author_avatar":"","neve_post_elements_order":"","neve_meta_disable_header":"","neve_meta_disable_footer":"","neve_meta_disable_title":"","_ti_tpc_template_sync":false,"_ti_tpc_template_id":""},"product_cat":[1916,1973],"product_tag":[2569,2584,2239,2588,2573,2561],"class_list":["post-34359","product","type-product","status-publish","has-post-thumbnail","hentry","product_cat-guvenlik-turnikeleri","product_cat-tam-boy-turnikeler","product_tag-cift-tam-boy-turnike","product_tag-endustriyel-turnikeler","product_tag-tam-boy-turnike","product_tag-tam-boy-turnike-singapur","product_tag-tam-yukseklikte-endustriyel-turnikeler","product_tag-turnike-kapisi-singapur"],"_links":{"self":[{"href":"https:\/\/mairsturnstile.com\/tr\/wp-json\/wp\/v2\/product\/34359","targetHints":{"allow":["GET"]}}],"collection":[{"href":"https:\/\/mairsturnstile.com\/tr\/wp-json\/wp\/v2\/product"}],"about":[{"href":"https:\/\/mairsturnstile.com\/tr\/wp-json\/wp\/v2\/types\/product"}],"replies":[{"embeddable":true,"href":"https:\/\/mairsturnstile.com\/tr\/wp-json\/wp\/v2\/comments?post=34359"}],"version-history":[{"count":0,"href":"https:\/\/mairsturnstile.com\/tr\/wp-json\/wp\/v2\/product\/34359\/revisions"}],"wp:featuredmedia":[{"embeddable":true,"href":"https:\/\/mairsturnstile.com\/tr\/wp-json\/wp\/v2\/media\/29975"}],"wp:attachment":[{"href":"https:\/\/mairsturnstile.com\/tr\/wp-json\/wp\/v2\/media?parent=34359"}],"wp:term":[{"taxonomy":"product_cat","embeddable":true,"href":"https:\/\/mairsturnstile.com\/tr\/wp-json\/wp\/v2\/product_cat?post=34359"},{"taxonomy":"product_tag","embeddable":true,"href":"https:\/\/mairsturnstile.com\/tr\/wp-json\/wp\/v2\/product_tag?post=34359"}],"curies":[{"name":"wp","href":"https:\/\/api.w.org\/{rel}","templated":true}]}}