{"id":34360,"date":"2020-09-12T18:37:24","date_gmt":"2020-09-12T10:37:24","guid":{"rendered":"https:\/\/mairsturnstile.com\/product\/tam-yuksek-turnike-kapisi-mt404"},"modified":"2023-11-02T11:27:13","modified_gmt":"2023-11-02T03:27:13","slug":"turnikeler-avustralya","status":"publish","type":"product","link":"https:\/\/mairsturnstile.com\/tr\/urun\/turnikeler-avustralya","title":{"rendered":"TAM Y\u00dcKSEK TURN\u0130KE KAPISI MT404"},"content":{"rendered":"        <!-- 3D Model html -->\r\n        <div class=\"bp_grand wrapper_19986\">   \r\n        <div class=\"bp_model_parent\">\r\n            <model-viewer class=\"model\" id=\"bp_model_id_19986\" src=\"http:\/\/mairsturnstile.com\/wp-content\/uploads\/2023\/06\/MT404.glb\" alt=\"MT404\" camera-controls  loading=\"auto\" auto-rotate                        >\r\n            <\/model-viewer>\r\n        \r\n            <!-- Button -->\r\n            <svg id=\"openBtn\" width=\"30px\" height=\"30px\" viewBox=\"0 0 16 16\" xmlns=\"http:\/\/www.w3.org\/2000\/svg\" fill=\"#f2f2f2\" class=\"bi bi-arrows-fullscreen model-icon\">\r\n                <path fill-rule=\"evenodd\" d=\"M5.828 10.172a.5.5 0 0 0-.707 0l-4.096 4.096V11.5a.5.5 0 0 0-1 0v3.975a.5.5 0 0 0 .5.5H4.5a.5.5 0 0 0 0-1H1.732l4.096-4.096a.5.5 0 0 0 0-.707zm4.344 0a.5.5 0 0 1 .707 0l4.096 4.096V11.5a.5.5 0 1 1 1 0v3.975a.5.5 0 0 1-.5.5H11.5a.5.5 0 0 1 0-1h2.768l-4.096-4.096a.5.5 0 0 1 0-.707zm0-4.344a.5.5 0 0 0 .707 0l4.096-4.096V4.5a.5.5 0 1 0 1 0V.525a.5.5 0 0 0-.5-.5H11.5a.5.5 0 0 0 0 1h2.768l-4.096 4.096a.5.5 0 0 0 0 .707zm-4.344 0a.5.5 0 0 1-.707 0L1.025 1.732V4.5a.5.5 0 0 1-1 0V.525a.5.5 0 0 1 .5-.5H4.5a.5.5 0 0 1 0 1H1.732l4.096 4.096a.5.5 0 0 1 0 .707z\"\/>\r\n            <\/svg>\r\n        \r\n            <svg id=\"closeBtn\" class=\"model-icon\" width=\"34px\" height=\"34px\" viewBox=\"0 0 24 24\" xmlns=\"http:\/\/www.w3.org\/2000\/svg\">\r\n                <path fill=\"none\" stroke=\"#f2f2f2\" stroke-width=\"2\" d=\"M7,7 L17,17 M7,17 L17,7\"\/>\r\n            <\/svg>\r\n        \r\n        <\/div>\r\n        <\/div> \r\n\r\n        <!-- Model Viewer Style -->\r\n        <style>\r\n            \r\n            .wrapper_19986 .bp_model_parent, #bp_model_id_19986 {\r\n                width: 1150px;\r\n                max-width: 100%;\r\n                                            }\r\n            #bp_model_id_19986 {\r\n                height:700px;\r\n                background-color: #f2f2f2;\r\n            }\r\n            .fullscreen #bp_model_id_19986{\r\n            height: 100%;\r\n            width: 100%;\r\n            }\r\n            .wrapper_19986 .bp_model_parent{\r\n                justify-content: start            }\r\n            model-viewer.model {\r\n                --poster-color: transparent;\r\n            }\r\n        <\/style>\r\n        \r\n        \n<p>\u0130htiya\u00e7lar\u0131n\u0131zdan herhangi birine g\u00f6re derin \u00f6zelle\u015ftirmeyi tamamlayabilen deneyimli tasar\u0131mc\u0131lar\u0131m\u0131z var. 3D render, boyutlu \u00e7izimler gibi bir dizi malzemeyi en k\u0131sa s\u00fcrede sa\u011flayaca\u011f\u0131z.<\/p>\n<h4>TAM Y\u00dcKSEKL\u0130KTE TURN\u0130KELER AVUSTRALYA MT404 iki y\u0131l garantilidir ve dayan\u0131kl\u0131 bak\u0131m ve onar\u0131m deste\u011fine sahiptir.<\/h4>\n<p>OEM ve ODM hizmetleri sa\u011flayabiliriz. IC\/ID kart okuyucular\u0131, parmak izi taray\u0131c\u0131lar\u0131, QR kodu taray\u0131c\u0131lar\u0131, y\u00fcz tan\u0131ma kameralar\u0131 vb. gibi biyometrik cihazlar da sa\u011fl\u0131yoruz. Bu cihazlar\u0131 tam boy turnike kap\u0131s\u0131na entegre etmeniz gerekiyorsa veya herhangi bir sorunuz varsa, l\u00fctfen <a href=\"https:\/\/mairsturnstile.com\/contact\">bizimle ileti\u015fime ge\u00e7in.<\/a><\/p>\n<p><strong>Tam boy turnikeler<\/strong>, turnikelerin y\u00fcksek g\u00fcvenlikli bir versiyonudur. Elektronik kumandal\u0131 \u00e7ift y\u00f6nl\u00fc g\u00fcvenlik turnikesidir. 90\u00b0 a\u00e7\u0131kl\u0131klar yayalar i\u00e7in sorunsuz, kolay ve g\u00fcvenli <a href=\"https:\/\/en.wikipedia.org\/wiki\/Access_control\" target=\"_blank\" rel=\"noopener\">eri\u015fim kontrol\u00fc<\/a> sa\u011flar. <a href=\"https:\/\/mairsturnstile.com\/full-height-turnstiles.html\">Tam boy turnikeler<\/a> h\u00fck\u00fcmet, parklar, hapishaneler, stadyumlar, apartmanlar, spor salonlar\u0131, m\u00fczeler, istasyonlar, k\u00fct\u00fcphaneler, fabrikalar vb. uygulamalar i\u00e7in yayg\u0131n olarak kullan\u0131lmaktad\u0131r. Tam boy turnikeler avustralya, bir binan\u0131n her alan\u0131na yaln\u0131zca yetkili ki\u015filerin eri\u015fmesine izin verilmesini sa\u011flamak i\u00e7in g\u00fcvenilir ve etkili bir yol sa\u011flar.<\/p>\n<p><span data-spm-anchor-id=\"a2700.details.pronpeci14.i2.7635dcd1UidUpx\">Bu tam y\u00fckseklikte turnikeler avustralya, y\u00fcksek hacimli ve k\u00f6t\u00fc niyetli ko\u015fullar\u0131 kolayca idare etme kapasitesine sahiptir. <\/span>\u00dcnite, \u00e7ok \u015feritli bir kurulum olu\u015fturmay\u0131 kolayla\u015ft\u0131r\u0131rken, basit renkler, bu turnikeyi konumunuza m\u00fckemmel \u015fekilde e\u015fle\u015ftirmenize olanak tan\u0131r. Tam boy turnikeleri uygun fiyata Avustralya&#8217;ya ihra\u00e7 ediyoruz.<\/p>\n<p data-spm-anchor-id=\"a2700.details.pronpeci14.i0.54a03579UBfc8K\"><span data-spm-anchor-id=\"a2700.details.pronpeci14.i2.7635dcd1UidUpx\">IC kartlar\u0131, kimlik kartlar\u0131, barkodlar, parmak izleri vb. ile iyi \u00e7al\u0131\u015fan bu kart okuyucu tan\u0131mlama ekipmanlar\u0131, insanlara uygar ve s\u0131ral\u0131 bir ge\u00e7i\u015f yolu sa\u011flar ve \u015firketlerin \u00e7al\u0131\u015fanlar\u0131n\u0131 etkili bir \u015fekilde y\u00f6netmelerine de yard\u0131mc\u0131 olur.<\/span><\/p>\n<p data-spm-anchor-id=\"a2700.details.pronpeci14.i0.54a03579UBfc8K\">\n        \t\n\t<style type=\"text\/css\">\n\t\t.slider-info-19993.bafg-slider-info .bafg-slider-title {\n\t\t\t\t\t\tfont-size: 22px;\n\t\t\t\t\t\t\n\t\t\t\n\t\t\t\t\t}\n\n\t\t.slider-info-19993.bafg-slider-info .bafg-slider-description {\n\t\t\t\n\t\t\t\n\t\t\t\t\t}\n\n\t\t.slider-info-19993.bafg-slider-info .bafg_slider_readmore_button {\n\t\t\t\n\t\t\t\n\t\t\t\n\t\t\t\n\t\t\t\n\t\t\ttext-align: center;\n\n\t\t\t\n\t\t\t\n\t\t\t\n\t\t\t\n\t\t\t\n\t\t\t\n\t\t\t\t\t}\n\n\t\t.slider-info-19993.bafg-slider-info .bafg_slider_readmore_button:hover {\n\n\t\t\t\n\t\t\t\n\t\t\t\t\t}\n\n\t<\/style>\n\t\n        <div class=\"bafg-twentytwenty-container slider-19993 \" bafg-orientation=\"horizontal\" bafg-default-offset=\"0.5\" bafg-before-label=\"Before\" bafg-after-label=\"After\" bafg-overlay=\"yes\" bafg-move-slider-on-hover=\"yes\" bafg-click-to-move=\"no\">\n              \n            <img decoding=\"async\" class=\"skip-lazy\" src=\"http:\/\/mairsturnstile.com\/wp-content\/uploads\/2020\/09\/turnstile-gate-australia-6.jpg\" alt=\"turnstile gate australia\" data-skip-lazy title=\"\">\n            <img decoding=\"async\" class=\"skip-lazy\" src=\"http:\/\/mairsturnstile.com\/wp-content\/uploads\/2020\/09\/turnstile-gate-australia-5.jpg\" alt=\"turnstile gate australia\" data-skip-lazy title=\"\">\n           \n        <\/div>\n\n        \t<div class=\"bafg-slider-info-wraper\">\n\t\t<div style=\"\" class=\"slider-info-19993 bafg-slider-info\">\n\t\t\t\t\t<\/div>\n\t<\/div>\n\t\n        <style type=\"text\/css\">\n            \n        <\/style>\n        <\/p>\n<p>Ger\u00e7ek senaryonuza g\u00f6re birka\u00e7 dakika i\u00e7inde sizin i\u00e7in bir render da olu\u015fturabiliriz. Ayr\u0131ca ayr\u0131nt\u0131l\u0131 yerle\u015fim ve \u00e7izimlerin yan\u0131 s\u0131ra kurulum \u00e7izimleri de sa\u011fl\u0131yoruz.<\/p>\n<ul>\n<li>Tam boy turnikeler avustralya genellikle y\u00fcksek g\u00fcvenlikli eri\u015fim kontrol\u00fc \u00e7\u00f6z\u00fcmleri i\u00e7in kullan\u0131l\u0131r.<\/li>\n<li>G\u00f6vde, sert, paslanmaya kar\u015f\u0131 sa\u011flam ve dayan\u0131kl\u0131 olan f\u0131r\u00e7alanm\u0131\u015f 304 paslanmaz \u00e7elikten yap\u0131lm\u0131\u015ft\u0131r.<\/li>\n<li>Tam y\u00fckseklikte turnikeler avustralya hem i\u00e7 hem de d\u0131\u015f mekan ayarlar\u0131 i\u00e7in uygundur.<\/li>\n<li>Geri d\u00f6nmeyi \u00f6nleme i\u015fleviyle ters y\u00f6n\u00fc durdurun.<\/li>\n<li>Acil durum kontrol gereksinimlerini kar\u015f\u0131lamak i\u00e7in, elektrik kesildi\u011finde turnike kap\u0131s\u0131 otomatik olarak a\u00e7\u0131lacakt\u0131r.<\/li>\n<li>T\u00fcm sistem, uzun \u00f6m\u00fcrl\u00fc performans, y\u00fcksek \u00e7al\u0131\u015fma g\u00fcvenilirli\u011fi ve h\u0131zl\u0131 tepki ile sorunsuz bir \u015fekilde \u00e7al\u0131\u015f\u0131r.<\/li>\n<li>Tek y\u00f6nl\u00fc veya \u00e7ift y\u00f6nl\u00fc olabilir.<\/li>\n<li>Mekanizman\u0131n g\u00fcvenilirli\u011fi: 5 milyon, hatas\u0131z<\/li>\n<li>Kendi kendine test fonksiyonu, g\u00fc\u00e7 a\u00e7\u0131ld\u0131\u011f\u0131nda sistem otomatik olarak eski durumuna d\u00f6necektir.<\/li>\n<li>\u00c7ift yatakl\u0131 cihazlar, d\u0131\u015far\u0131dan bir kuvvet geldi\u011finde kap\u0131y\u0131 dengede tutar.<\/li>\n<li>Tek y\u00f6nl\u00fc veya \u00c7ift y\u00f6nl\u00fc se\u00e7ilebilir.<\/li>\n<li>LED g\u00f6sterge \u0131\u015f\u0131\u011f\u0131 ile.<\/li>\n<li>Uzaktan kumanda ile kontrol edilebilir ve do\u011frudan bilgisayar taraf\u0131ndan y\u00f6netilebilir.<\/li>\n<li>Elektrik kesildi\u011finde, yang\u0131n g\u00fcvenli\u011fi gerekliliklerine uygun olarak turnike \u015feridinden ge\u00e7i\u015f serbest olacakt\u0131r.<\/li>\n<li>Ana bilgisayar\u0131n boyutu\/tasar\u0131m\u0131 \u00f6zelle\u015ftirilebilir.<\/li>\n<li>Turnikelerin avustralya boyutu farkl\u0131 yerlerdeki gereksinimleri kar\u015f\u0131layacak \u015fekilde ayarlanabilir.<\/li>\n<\/ul>\n<p><iframe title=\"Biyometrik tam boy turnike, Y\u00fcz tan\u0131mal\u0131 tam boy turnike - MairsTurnstile\" src=\"https:\/\/www.youtube.com\/embed\/cy4ZzmrIfx0\" width=\"1150\" height=\"650\" frameborder=\"0\" allowfullscreen=\"allowfullscreen\"><\/iframe><\/p>\n","protected":false},"excerpt":{"rendered":"<p>1. Boyut: 1450*1450*2300 mm (\u00f6zelle\u015ftirilebilir)<\/p>\n<p>2. \u015eerit Geni\u015fli\u011fi: 650 mm (\u00f6zelle\u015ftirilebilir)<\/p>\n<p>3. G\u00f6vde Malzemesi: 304 paslanmaz \u00e7elik veya 316 paslanmaz \u00e7elik<\/p>\n<p>4. Ge\u00e7i\u015f h\u0131z\u0131: 30 ki\u015fi\/dakika<\/p>\n<p>5. G\u00fc\u00e7 kayna\u011f\u0131: 110 V\/220 V 50\/60 Hz<\/p>\n<p>6. Tam y\u00fckseklikte turnike kap\u0131s\u0131 Solenoid: DC24V<\/p>\n<p>7. Kap\u0131 A\u00e7\u0131k Sinyali: Kuru Kontak\/R\u00f6le<\/p>\n<p>8. Mant\u0131k Gerilimi: DC24V<\/p>\n<p>9. Tahrik: Yar\u0131 Otomatik Kumandal\u0131<\/p>\n<p><strong><a title=\"Mairs CE Belgeli Tam Boy Turnike\" href=\"http:\/\/mairsturnstile.com\/wp-content\/uploads\/2022\/09\/Mairs-CE-Certificate-Full-Height-Turnstile.pdf\" target=\"_blank\" rel=\"noopener noreferrer\">CE Belgeli,<\/a> <a title=\"Mairs ISO9001 Sertifikas\u0131\" href=\"http:\/\/mairsturnstile.com\/wp-content\/uploads\/2022\/09\/Mairs-Registration-Certificate-ISO9001.pdf\" target=\"_blank\" rel=\"noopener noreferrer\">ISO9001 Sertifikal\u0131.<\/a><\/strong><\/p>\n<p><a title=\"Tam Boy Turnike Bro\u015f\u00fcr\u00fc\" href=\"http:\/\/mairsturnstile.com\/wp-content\/uploads\/2022\/09\/MT404-Full-Height-Turnstiles-Brochure.pdf\" target=\"_blank\" rel=\"noopener noreferrer\"><img decoding=\"async\" class=\"alignnone size-full wp-image-11034\" src=\"http:\/\/mairsturnstile.com\/wp-content\/uploads\/2022\/09\/pdf-MairsTurnstile.png\" alt=\"\" width=\"32\" height=\"32\"><span style=\"color: #0000ff;\"><strong>MT404 Tam Boy Turnike Bro\u015f\u00fcr\u00fc<\/strong><\/span><\/a><\/p>\n<p><a title=\"Tam Boy Turnike Kurulum K\u0131lavuzu\" href=\"http:\/\/mairsturnstile.com\/wp-content\/uploads\/2023\/09\/Full-height-turnstile-installation-manual.pdf\" target=\"_blank\" rel=\"noopener noreferrer\"><img decoding=\"async\" class=\"alignnone size-full wp-image-11034\" src=\"http:\/\/mairsturnstile.com\/wp-content\/uploads\/2022\/09\/pdf-MairsTurnstile.png\" alt=\"\" width=\"32\" height=\"32\"><strong><span style=\"color: #0000ff;\"> Tam Boy Turnike Kullan\u0131m ve Kurulum K\u0131lavuzu<\/span><\/strong><\/a><\/p>\n","protected":false},"featured_media":58233,"comment_status":"closed","ping_status":"closed","template":"","meta":{"neve_meta_sidebar":"","neve_meta_container":"","neve_meta_enable_content_width":"off","neve_meta_content_width":0,"neve_meta_title_alignment":"","neve_meta_author_avatar":"","neve_post_elements_order":"","neve_meta_disable_header":"","neve_meta_disable_footer":"","neve_meta_disable_title":"","_ti_tpc_template_sync":false,"_ti_tpc_template_id":""},"product_cat":[1916,1973],"product_tag":[2240,1974,1975,2590,2323,2589],"class_list":["post-34360","product","type-product","status-publish","has-post-thumbnail","hentry","product_cat-guvenlik-turnikeleri","product_cat-tam-boy-turnikeler","product_tag-full-height-turnstile-with-card-reader-tr","product_tag-tam-boy-turnike-kapisi","product_tag-tam-boy-turnikeler","product_tag-tam-yukseklikte-turnikeler-avustralya","product_tag-tek-tam-yukseklikte-turnike","product_tag-turnike-ureticileri-avustralya"],"_links":{"self":[{"href":"https:\/\/mairsturnstile.com\/tr\/wp-json\/wp\/v2\/product\/34360","targetHints":{"allow":["GET"]}}],"collection":[{"href":"https:\/\/mairsturnstile.com\/tr\/wp-json\/wp\/v2\/product"}],"about":[{"href":"https:\/\/mairsturnstile.com\/tr\/wp-json\/wp\/v2\/types\/product"}],"replies":[{"embeddable":true,"href":"https:\/\/mairsturnstile.com\/tr\/wp-json\/wp\/v2\/comments?post=34360"}],"version-history":[{"count":0,"href":"https:\/\/mairsturnstile.com\/tr\/wp-json\/wp\/v2\/product\/34360\/revisions"}],"wp:featuredmedia":[{"embeddable":true,"href":"https:\/\/mairsturnstile.com\/tr\/wp-json\/wp\/v2\/media\/58233"}],"wp:attachment":[{"href":"https:\/\/mairsturnstile.com\/tr\/wp-json\/wp\/v2\/media?parent=34360"}],"wp:term":[{"taxonomy":"product_cat","embeddable":true,"href":"https:\/\/mairsturnstile.com\/tr\/wp-json\/wp\/v2\/product_cat?post=34360"},{"taxonomy":"product_tag","embeddable":true,"href":"https:\/\/mairsturnstile.com\/tr\/wp-json\/wp\/v2\/product_tag?post=34360"}],"curies":[{"name":"wp","href":"https:\/\/api.w.org\/{rel}","templated":true}]}}