{"id":34362,"date":"2020-09-12T18:17:59","date_gmt":"2020-09-12T10:17:59","guid":{"rendered":"https:\/\/mairsturnstile.com\/product\/tam-yukseklik-yaya-turnikeleri-mt402"},"modified":"2023-11-02T11:28:07","modified_gmt":"2023-11-02T03:28:07","slug":"tam-yukseklikte-yaya-turnikeleri","status":"publish","type":"product","link":"https:\/\/mairsturnstile.com\/tr\/urun\/tam-yukseklikte-yaya-turnikeleri","title":{"rendered":"TAM Y\u00dcKSEKL\u0130K YAYA TURN\u0130KELER\u0130 MT402"},"content":{"rendered":"        <!-- 3D Model html -->\r\n        <div class=\"bp_grand wrapper_19978\">   \r\n        <div class=\"bp_model_parent\">\r\n            <model-viewer class=\"model\" id=\"bp_model_id_19978\" src=\"http:\/\/mairsturnstile.com\/wp-content\/uploads\/2023\/07\/MT402.glb\" alt=\"MT402\" camera-controls  loading=\"auto\" auto-rotate                        >\r\n            <\/model-viewer>\r\n        \r\n            <!-- Button -->\r\n            <svg id=\"openBtn\" width=\"30px\" height=\"30px\" viewBox=\"0 0 16 16\" xmlns=\"http:\/\/www.w3.org\/2000\/svg\" fill=\"#f2f2f2\" class=\"bi bi-arrows-fullscreen model-icon\">\r\n                <path fill-rule=\"evenodd\" d=\"M5.828 10.172a.5.5 0 0 0-.707 0l-4.096 4.096V11.5a.5.5 0 0 0-1 0v3.975a.5.5 0 0 0 .5.5H4.5a.5.5 0 0 0 0-1H1.732l4.096-4.096a.5.5 0 0 0 0-.707zm4.344 0a.5.5 0 0 1 .707 0l4.096 4.096V11.5a.5.5 0 1 1 1 0v3.975a.5.5 0 0 1-.5.5H11.5a.5.5 0 0 1 0-1h2.768l-4.096-4.096a.5.5 0 0 1 0-.707zm0-4.344a.5.5 0 0 0 .707 0l4.096-4.096V4.5a.5.5 0 1 0 1 0V.525a.5.5 0 0 0-.5-.5H11.5a.5.5 0 0 0 0 1h2.768l-4.096 4.096a.5.5 0 0 0 0 .707zm-4.344 0a.5.5 0 0 1-.707 0L1.025 1.732V4.5a.5.5 0 0 1-1 0V.525a.5.5 0 0 1 .5-.5H4.5a.5.5 0 0 1 0 1H1.732l4.096 4.096a.5.5 0 0 1 0 .707z\"\/>\r\n            <\/svg>\r\n        \r\n            <svg id=\"closeBtn\" class=\"model-icon\" width=\"34px\" height=\"34px\" viewBox=\"0 0 24 24\" xmlns=\"http:\/\/www.w3.org\/2000\/svg\">\r\n                <path fill=\"none\" stroke=\"#f2f2f2\" stroke-width=\"2\" d=\"M7,7 L17,17 M7,17 L17,7\"\/>\r\n            <\/svg>\r\n        \r\n        <\/div>\r\n        <\/div> \r\n\r\n        <!-- Model Viewer Style -->\r\n        <style>\r\n            \r\n            .wrapper_19978 .bp_model_parent, #bp_model_id_19978 {\r\n                width: 1150px;\r\n                max-width: 100%;\r\n                                            }\r\n            #bp_model_id_19978 {\r\n                height:700px;\r\n                background-color: #f2f2f2;\r\n            }\r\n            .fullscreen #bp_model_id_19978{\r\n            height: 100%;\r\n            width: 100%;\r\n            }\r\n            .wrapper_19978 .bp_model_parent{\r\n                justify-content: start            }\r\n            model-viewer.model {\r\n                --poster-color: transparent;\r\n            }\r\n        <\/style>\r\n        \r\n        \n<h2>Tam boy yaya turnikeleri 2 y\u0131l garantilidir ve uzun s\u00fcreli bak\u0131m ve onar\u0131m deste\u011fine sahiptir.<\/h2>\n<p>OEM ve ODM hizmetleri sa\u011flayabiliriz. IC\/ID kart okuyucular\u0131, parmak izi taray\u0131c\u0131lar\u0131, QR kodu taray\u0131c\u0131lar\u0131, y\u00fcz tan\u0131ma kameralar\u0131 vb. gibi biyometrik cihazlar da sa\u011fl\u0131yoruz.<\/p>\n<p><strong>Tam y\u00fckseklikte turnike, s\u0131radan bir turnike kap\u0131s\u0131ndan \u00e7ok daha y\u00fcksek ve daha geni\u015f olan ve bariz g\u00fcvenlik avantajlar\u0131na sahip olan, en iyi g\u00fcvenlik performans\u0131na sahip geleneksel yaya turnike kap\u0131lar\u0131n\u0131n y\u00fckseltilmi\u015f bir \u00fcr\u00fcn\u00fcd\u00fcr. <\/strong>Tam boy turnikeler kapal\u0131 ge\u00e7i\u015f alan\u0131 olu\u015fturabilmekte, kart okutarak ve di\u011fer y\u00f6ntemlerle personel d\u00fczenli ge\u00e7i\u015f yapabilmektedir. Tam boy turnikeler g\u00f6zetimsiz olabilir ve s\u0131k\u0131 g\u00fcvenlik \u00f6nlemlerinin oldu\u011fu baz\u0131 yerlerde y\u00fcksek uygulama de\u011ferine sahiptir. \u015easi ve 3 veya 4 s\u0131ra d\u00f6ner \u00e7ubuklardan olu\u015fur. Tam boy turnikeler, <a href=\"https:\/\/mairsturnstile.com\/product\/tripod-security-gate\">tripod turnike kap\u0131s\u0131<\/a> temelinde geli\u015ftirilmi\u015ftir. Her seferinde 120\u00b0 veya 90\u00b0 d\u00f6nd\u00fcr\u00fclerek cayd\u0131r\u0131labilir veya serbest b\u0131rak\u0131labilir.<\/p>\n<p><strong>Tam boy yaya turnikeleri, i\u00e7 ve d\u0131\u015f mekan kullan\u0131m\u0131na uygun, yayalar\u0131n giri\u015f ve \u00e7\u0131k\u0131\u015flar\u0131n\u0131 kontrol etmek i\u00e7in tasarlanm\u0131\u015ft\u0131r.<\/strong><\/p>\n<p>Genel olarak tam boy turnikeler tek \u015feritli veya \u00e7ift \u015feritlidir. M\u00fc\u015fteri ihtiya\u00e7lar\u0131na g\u00f6re \u00fc\u00e7 \u015ferit ve d\u00f6rt \u015ferit \u00f6zelle\u015ftirilebilir. Tam boy yaya turnikeleri her t\u00fcrl\u00fc bina ortam\u0131nda kullan\u0131labilir ve yaya giri\u015f ve \u00e7\u0131k\u0131\u015f ge\u00e7i\u015flerindeki t\u00fcm kontrol sorunlar\u0131n\u0131 \u00e7\u00f6zebilir, kap\u0131n\u0131n herhangi bir zamanda kilitli olup olmad\u0131\u011f\u0131n\u0131 kontrol edebilir ve kullan\u0131c\u0131lar\u0131n \u00f6zel geni\u015flemelerini kolayla\u015ft\u0131rmak i\u00e7in 20&#8217;ye kadar sinyal aray\u00fcz\u00fc i\u015flevler.<\/p>\n<p>Tam boy turnikeler SUS304 <a class=\"rank-math-link\" href=\"https:\/\/simple.wikipedia.org\/wiki\/Stainless_steel\" target=\"_blank\" rel=\"noopener noreferrer\">paslanmaz \u00e7elik<\/a> veya 316 paslanmaz \u00e7elikten imal edilmi\u015ftir. Ak\u0131ll\u0131 yaya eri\u015fim kontrol sistemleri i\u00e7in modern binalar\u0131n farkl\u0131 tarzlar\u0131n\u0131n \u00e7e\u015fitli gereksinimlerini kar\u015f\u0131lamak \u00fczere tasar\u0131m\u0131 geni\u015f bir yelpazede de\u011fi\u015ftirebilen en geli\u015fmi\u015f s\u00fcr\u00fc\u015f kontrol teknolojisini benimser.<\/p>\n<p>Tam y\u00fckseklikte turnike, g\u00f6zetimsiz ve y\u00fcksek g\u00fcvenlik gereksinimlerinin yan\u0131 s\u0131ra zorlu ortamlara sahip baz\u0131 d\u0131\u015f mekan durumlar\u0131 i\u00e7in de uygundur. Tam boy turnikeler genellikle askeri y\u00f6netim alanlar\u0131, kimya tesisleri, \u015fantiyeler, hapishaneler, bankalar, birlikler ve di\u011fer eyaletlerin son derece gizli yerleri gibi daha s\u0131k\u0131 kontrol alanlar\u0131nda y\u00fcz tan\u0131ma ve kar\u015f\u0131la\u015ft\u0131rma yoluyla kullan\u0131l\u0131r. Ayr\u0131ca elektronik Yakalama sistemi, ger\u00e7ekten ve Etkili bir yaya ge\u00e7i\u015fi kayd\u0131, g\u00fcvenlik fakt\u00f6r\u00fcn\u00fc art\u0131r\u0131r.<\/p>\n<p>\u0130stasyondaki baz\u0131 \u00f6zel ge\u00e7itler gibi belirli yerlerde veya cezaevleri veya spor salonlar\u0131 gibi s\u0131k\u0131 g\u00fcvenlik gereksinimleri olan yerlerde, genel turnike kap\u0131lar\u0131 g\u00fcvenlik gereksinimlerini kar\u015f\u0131layamaz. \u015eu anda eri\u015fim kontrol y\u00f6netimi i\u00e7in tam y\u00fckseklikte yaya turnikeleri kullan\u0131lacakt\u0131r, \u00e7\u00fcnk\u00fc tam y\u00fckseklikte yaya turnikeleri en dayan\u0131kl\u0131, sa\u011flam ve \u00fcst d\u00fczey g\u00fcvenlik eri\u015fim kontrol ekipman\u0131 oldu\u011fundan, y\u00fcksek g\u00fcvenlik gereksinimleri olan g\u00f6zetimsiz yerler i\u00e7in uygundur. zorlu ortamlara sahip baz\u0131 d\u0131\u015f mekanlar\u0131n yan\u0131 s\u0131ra.<\/p>\n<p>Ger\u00e7ek senaryonuza g\u00f6re birka\u00e7 dakika i\u00e7inde sizin i\u00e7in bir render da olu\u015fturabiliriz. Ayr\u0131ca ayr\u0131nt\u0131l\u0131 yerle\u015fim ve \u00e7izimlerin yan\u0131 s\u0131ra kurulum \u00e7izimleri de sa\u011fl\u0131yoruz.<\/p>\n\n        \t\n\t<style type=\"text\/css\">\n\t\t.slider-info-19704.bafg-slider-info .bafg-slider-title {\n\t\t\t\t\t\tfont-size: 22px;\n\t\t\t\t\t\t\n\t\t\t\n\t\t\t\t\t}\n\n\t\t.slider-info-19704.bafg-slider-info .bafg-slider-description {\n\t\t\t\n\t\t\t\n\t\t\t\t\t}\n\n\t\t.slider-info-19704.bafg-slider-info .bafg_slider_readmore_button {\n\t\t\t\n\t\t\t\n\t\t\t\n\t\t\t\n\t\t\t\n\t\t\ttext-align: center;\n\n\t\t\t\n\t\t\t\n\t\t\t\n\t\t\t\n\t\t\t\n\t\t\t\n\t\t\t\t\t}\n\n\t\t.slider-info-19704.bafg-slider-info .bafg_slider_readmore_button:hover {\n\n\t\t\t\n\t\t\t\n\t\t\t\t\t}\n\n\t<\/style>\n\t\n        <div class=\"bafg-twentytwenty-container slider-19704 \" bafg-orientation=\"horizontal\" bafg-default-offset=\"0.5\" bafg-before-label=\"Before\" bafg-after-label=\"After\" bafg-overlay=\"yes\" bafg-move-slider-on-hover=\"yes\" bafg-click-to-move=\"yes\">\n              \n            <img decoding=\"async\" class=\"skip-lazy\" src=\"http:\/\/mairsturnstile.com\/wp-content\/uploads\/2023\/07\/full-height-pedestrian-turnstiles_4.jpg\" alt=\"\" data-skip-lazy title=\"\">\n            <img decoding=\"async\" class=\"skip-lazy\" src=\"http:\/\/mairsturnstile.com\/wp-content\/uploads\/2023\/07\/full-height-pedestrian-turnstiles_5.jpg\" alt=\"\" data-skip-lazy title=\"\">\n           \n        <\/div>\n\n        \t<div class=\"bafg-slider-info-wraper\">\n\t\t<div style=\"\" class=\"slider-info-19704 bafg-slider-info\">\n\t\t\t\t\t<\/div>\n\t<\/div>\n\t\n        <style type=\"text\/css\">\n            \n        <\/style>\n        \n<p><span style=\"font-weight: 400;\">Standart elektrik aray\u00fcz\u00fcn\u00fc kullanarak, kimlik\/IC kart\u0131, parmak izi, <a href=\"https:\/\/en.wikipedia.org\/wiki\/Facial_recognition\" target=\"_blank\" rel=\"noopener\">y\u00fcz tan\u0131ma<\/a>, k\u0131z\u0131l\u00f6tesi dedekt\u00f6r, s\u0131cakl\u0131k kontrol\u00f6r\u00fc, Barkod\/QR kodu, telefon uygulamas\u0131, ESD sistemi, ziyaret\u00e7i sistemi vb. ile uyumludur. <\/span><\/p>\n<p><span style=\"font-weight: 400;\">Tam y\u00fckseklikte turnike, ak\u0131\u015f kontrol\u00fcne ak\u0131ll\u0131 kontrol ve y\u00f6netim sa\u011flamak i\u00e7in IC, ID, barkod, parmak izi okuyucu vb. ile uyumlu bir mekanizma, elektrik ve mikro denetleyici ve \u00e7e\u015fitli tan\u0131mlama teknolojileri ile entegre edilmi\u015ftir. <\/span><\/p>\n<ul>\n<li style=\"list-style-type: none;\">\n<ul>\n<li>Tam Boy Yaya Turnikeleri genellikle y\u00fcksek g\u00fcvenlikli eri\u015fim kontrol \u00e7\u00f6z\u00fcmleri i\u00e7in kullan\u0131l\u0131r.<\/li>\n<li>Tam y\u00fckseklikte yaya turnikeleri paslanmaya kar\u015f\u0131 dayan\u0131kl\u0131, sa\u011flam ve sert 304 paslanmaz \u00e7elikten yap\u0131lm\u0131\u015ft\u0131r.<\/li>\n<li>Tam Boy Yaya Turnikeleri hem i\u00e7 hem de d\u0131\u015f mekan ayarlar\u0131 i\u00e7in idealdir.<\/li>\n<li>Tam boy g\u00fcvenlik turnikeleri her t\u00fcrl\u00fc eri\u015fim kontrol sistemi (\u00f6rne\u011fin: RFID cihaz\u0131, Parmak \u0130zi ve Biyometrik cihaz) ile entegre edilebilir.<\/li>\n<li data-spm-anchor-id=\"a2700.details.pronpeci14.i0.58226f8fLZmm5D\">The turnstile gate will open automatically when the power is off, It is very safe, to meet fire-control passage requirements.<\/li>\n<li>Geri d\u00f6nmeyi \u00f6nleme i\u015fleviyle ters y\u00f6n\u00fc durdurun.<\/li>\n<li>Mekanizma, otomatik olarak d\u00fczenlenen bir hidrolik tampon cihaz\u0131 ile donat\u0131lm\u0131\u015ft\u0131r. \u00c7al\u0131\u015f\u0131rken g\u00fcr\u00fclt\u00fc ve darbe yok.<\/li>\n<li>Kendini geri y\u00fckleme i\u015flevi, g\u00fc\u00e7 a\u00e7\u0131ld\u0131\u011f\u0131nda sistem otomatik olarak yeniden ba\u015flat\u0131lacakt\u0131r.<\/li>\n<li>Mekanizman\u0131n g\u00fcvenilirli\u011fi: 5 milyon, hatas\u0131z<\/li>\n<li>\u00c7ift yatakl\u0131 cihazlar, d\u0131\u015far\u0131dan bir kuvvet geldi\u011finde kap\u0131y\u0131 dengede tutar.<\/li>\n<li>Tek y\u00f6nl\u00fc veya \u00c7ift y\u00f6nl\u00fc iste\u011fe ba\u011fl\u0131d\u0131r.<\/li>\n<li>LED g\u00f6sterge \u0131\u015f\u0131\u011f\u0131 ile.<\/li>\n<li>Tam y\u00fckseklikte g\u00fcvenlik turnikeleri, farkl\u0131 yerler i\u00e7in farkl\u0131 gereksinimleri kar\u015f\u0131layacak \u015fekilde \u00f6zelle\u015ftirilebilir.<\/li>\n<li>\u00c7al\u0131\u015fma durumunu y\u00f6netmek i\u00e7in programlanabilir cihazlara sahip kontrol panosunun yerle\u015fik k\u00fc\u00e7\u00fck klavyesi arac\u0131l\u0131\u011f\u0131yla.<\/li>\n<\/ul>\n<\/li>\n<\/ul>\n<p><a href=\"https:\/\/mairsturnstile.com\/full-height-turnstiles.html\">Tam boy turnikeler<\/a> i\u00e7 ve d\u0131\u015f mekanlarda kullan\u0131labilir. \u0130yi su ge\u00e7irmezlik performans\u0131na sahiptir. <strong>Malezya&#8217;daki en iyi tam boy turnike<\/strong> olarak, tren istasyonlar\u0131, okul k\u00fct\u00fcphaneleri, devlet tesisleri, e\u011flence parklar\u0131, hapishaneler, futbol stadyumlar\u0131, apartmanlar, m\u00fczeler ve fabrika vb. i\u00e7in yayg\u0131n olarak kullan\u0131lmaktad\u0131r.<\/p>\n<p>Bu tam y\u00fckseklikte turnike, tek bir tam y\u00fckseklikte turnikedir, <strong>tek tam boy turnike nedir? <a href=\"https:\/\/mairsturnstile.com\/product\/full-height-double-turnstile\">\u00c7ift tam boy turnikeden<\/a> farkl\u0131 olarak, tek tam boy turnike tek bir kontrol mekanizmas\u0131 ve tek bir kanala sahip paslanmaz \u00e7elik engelleme \u00e7ubu\u011fundan olu\u015fur. <\/strong>T\u00fcm g\u00fcvenlik eri\u015fim kontrol\u00fc \u00e7\u00f6z\u00fcm\u00fcn\u00fc sa\u011flayabiliriz, l\u00fctfen videoyu kontrol edin:<\/p>\n<p><iframe title=\"YouTube video oynat\u0131c\u0131\" src=\"https:\/\/www.youtube.com\/embed\/cy4ZzmrIfx0\" width=\"1150\" height=\"650\" frameborder=\"0\" allowfullscreen=\"allowfullscreen\"><span data-mce-type=\"bookmark\" style=\"display: inline-block; width: 0px; overflow: hidden; line-height: 0;\" class=\"mce_SELRES_start\"><\/span><\/iframe><\/p>\n","protected":false},"excerpt":{"rendered":"<p>1. Boyut: 1630*1500*2310 mm (\u00f6zelle\u015ftirilebilir)<\/p>\n<p>2. \u015eerit Geni\u015fli\u011fi: 650 mm (\u00f6zelle\u015ftirilebilir)<\/p>\n<p>3. G\u00f6vde Malzemesi: 304 paslanmaz \u00e7elik veya 316 paslanmaz \u00e7elik<\/p>\n<p>4. Ge\u00e7i\u015f h\u0131z\u0131: 30 ki\u015fi\/dakika<\/p>\n<p>5. G\u00fc\u00e7 kayna\u011f\u0131: 110 V\/220 V 50\/60 Hz<\/p>\n<p>6. Tam Boy Yaya Turnike Solenoid: DC24V<\/p>\n<p>7. Kap\u0131 A\u00e7\u0131k Giri\u015fi: Kuru Kontak\/R\u00f6le<\/p>\n<p>8. Mant\u0131k Gerilimi: DC24V<\/p>\n<p>9. Tahrik: Yar\u0131 Otomatik Kumandal\u0131<\/p>\n<p><strong><a title=\"Mairs CE Belgeli Tam Boy Turnike\" href=\"http:\/\/mairsturnstile.com\/wp-content\/uploads\/2022\/09\/Mairs-CE-Certificate-Full-Height-Turnstile.pdf\" target=\"_blank\" rel=\"noopener noreferrer\">CE Belgeli,<\/a> <a title=\"Mairs ISO9001 Sertifikas\u0131\" href=\"http:\/\/mairsturnstile.com\/wp-content\/uploads\/2022\/09\/Mairs-Registration-Certificate-ISO9001.pdf\" target=\"_blank\" rel=\"noopener noreferrer\">ISO9001 Sertifikal\u0131.<\/a><\/strong><\/p>\n<p><a title=\"Tam Boy Yaya Turnikeleri Bro\u015f\u00fcr\u00fc\" href=\"http:\/\/mairsturnstile.com\/wp-content\/uploads\/2022\/09\/MT402-Full-Height-Pedestrian-Turnstiles-Brochure.pdf\" target=\"_blank\" rel=\"noopener noreferrer\"><img decoding=\"async\" class=\"alignnone size-full wp-image-11034\" src=\"http:\/\/mairsturnstile.com\/wp-content\/uploads\/2022\/09\/pdf-MairsTurnstile.png\" alt=\"\" width=\"32\" height=\"32\"><strong><span style=\"color: #0000ff;\">MT402 Tam Boy Yaya Turnikesi Bro\u015f\u00fcr\u00fc<\/span><\/strong><br \/>\n<\/a><\/p>\n<p><a title=\"Tam Boy Turnike Kurulum K\u0131lavuzu\" href=\"http:\/\/mairsturnstile.com\/wp-content\/uploads\/2023\/09\/Full-height-turnstile-installation-manual.pdf\" target=\"_blank\" rel=\"noopener noreferrer\"><img decoding=\"async\" class=\"alignnone size-full wp-image-11034\" src=\"http:\/\/mairsturnstile.com\/wp-content\/uploads\/2022\/09\/pdf-MairsTurnstile.png\" alt=\"\" width=\"32\" height=\"32\"><strong><span style=\"color: #0000ff;\"> Tam Boy Turnike Kullan\u0131m ve Kurulum K\u0131lavuzu<\/span><\/strong><\/a><\/p>\n","protected":false},"featured_media":57311,"comment_status":"closed","ping_status":"closed","template":"","meta":{"neve_meta_sidebar":"","neve_meta_container":"","neve_meta_enable_content_width":"off","neve_meta_content_width":0,"neve_meta_title_alignment":"","neve_meta_author_avatar":"","neve_post_elements_order":"","neve_meta_disable_header":"","neve_meta_disable_footer":"","neve_meta_disable_title":"","_ti_tpc_template_sync":false,"_ti_tpc_template_id":""},"product_cat":[1916,1973],"product_tag":[2320,2239,2593,2594,2592,2299],"class_list":["post-34362","product","type-product","status-publish","has-post-thumbnail","hentry","product_cat-guvenlik-turnikeleri","product_cat-tam-boy-turnikeler","product_tag-qr-kodlu-turnike","product_tag-tam-boy-turnike","product_tag-tam-boy-turnike-malezya","product_tag-tam-yukseklikte-guvenlik-turnikeleri","product_tag-tam-yukseklikte-yaya-turnikeleri","product_tag-turnike-kapisi-malezya"],"_links":{"self":[{"href":"https:\/\/mairsturnstile.com\/tr\/wp-json\/wp\/v2\/product\/34362","targetHints":{"allow":["GET"]}}],"collection":[{"href":"https:\/\/mairsturnstile.com\/tr\/wp-json\/wp\/v2\/product"}],"about":[{"href":"https:\/\/mairsturnstile.com\/tr\/wp-json\/wp\/v2\/types\/product"}],"replies":[{"embeddable":true,"href":"https:\/\/mairsturnstile.com\/tr\/wp-json\/wp\/v2\/comments?post=34362"}],"version-history":[{"count":0,"href":"https:\/\/mairsturnstile.com\/tr\/wp-json\/wp\/v2\/product\/34362\/revisions"}],"wp:featuredmedia":[{"embeddable":true,"href":"https:\/\/mairsturnstile.com\/tr\/wp-json\/wp\/v2\/media\/57311"}],"wp:attachment":[{"href":"https:\/\/mairsturnstile.com\/tr\/wp-json\/wp\/v2\/media?parent=34362"}],"wp:term":[{"taxonomy":"product_cat","embeddable":true,"href":"https:\/\/mairsturnstile.com\/tr\/wp-json\/wp\/v2\/product_cat?post=34362"},{"taxonomy":"product_tag","embeddable":true,"href":"https:\/\/mairsturnstile.com\/tr\/wp-json\/wp\/v2\/product_tag?post=34362"}],"curies":[{"name":"wp","href":"https:\/\/api.w.org\/{rel}","templated":true}]}}