{"id":34363,"date":"2020-09-11T11:45:00","date_gmt":"2020-09-11T03:45:00","guid":{"rendered":"https:\/\/mairsturnstile.com\/product\/toz-kaplamali-tam-yuksek-guvenlik-turnikesi-mt402-b"},"modified":"2023-11-02T11:21:48","modified_gmt":"2023-11-02T03:21:48","slug":"tam-boy-turnikeler-uk","status":"publish","type":"product","link":"https:\/\/mairsturnstile.com\/tr\/urun\/tam-boy-turnikeler-uk","title":{"rendered":"TOZ KAPLAMALI TAM Y\u00dcKSEK G\u00dcVENL\u0130K TURN\u0130KES\u0130 MT402-B"},"content":{"rendered":"        <!-- 3D Model html -->\r\n        <div class=\"bp_grand wrapper_19982\">   \r\n        <div class=\"bp_model_parent\">\r\n            <model-viewer class=\"model\" id=\"bp_model_id_19982\" src=\"http:\/\/mairsturnstile.com\/wp-content\/uploads\/2023\/07\/MT402-B.glb\" alt=\"MT402-B\" camera-controls  loading=\"auto\" auto-rotate                        >\r\n            <\/model-viewer>\r\n        \r\n            <!-- Button -->\r\n            <svg id=\"openBtn\" width=\"30px\" height=\"30px\" viewBox=\"0 0 16 16\" xmlns=\"http:\/\/www.w3.org\/2000\/svg\" fill=\"#f2f2f2\" class=\"bi bi-arrows-fullscreen model-icon\">\r\n                <path fill-rule=\"evenodd\" d=\"M5.828 10.172a.5.5 0 0 0-.707 0l-4.096 4.096V11.5a.5.5 0 0 0-1 0v3.975a.5.5 0 0 0 .5.5H4.5a.5.5 0 0 0 0-1H1.732l4.096-4.096a.5.5 0 0 0 0-.707zm4.344 0a.5.5 0 0 1 .707 0l4.096 4.096V11.5a.5.5 0 1 1 1 0v3.975a.5.5 0 0 1-.5.5H11.5a.5.5 0 0 1 0-1h2.768l-4.096-4.096a.5.5 0 0 1 0-.707zm0-4.344a.5.5 0 0 0 .707 0l4.096-4.096V4.5a.5.5 0 1 0 1 0V.525a.5.5 0 0 0-.5-.5H11.5a.5.5 0 0 0 0 1h2.768l-4.096 4.096a.5.5 0 0 0 0 .707zm-4.344 0a.5.5 0 0 1-.707 0L1.025 1.732V4.5a.5.5 0 0 1-1 0V.525a.5.5 0 0 1 .5-.5H4.5a.5.5 0 0 1 0 1H1.732l4.096 4.096a.5.5 0 0 1 0 .707z\"\/>\r\n            <\/svg>\r\n        \r\n            <svg id=\"closeBtn\" class=\"model-icon\" width=\"34px\" height=\"34px\" viewBox=\"0 0 24 24\" xmlns=\"http:\/\/www.w3.org\/2000\/svg\">\r\n                <path fill=\"none\" stroke=\"#f2f2f2\" stroke-width=\"2\" d=\"M7,7 L17,17 M7,17 L17,7\"\/>\r\n            <\/svg>\r\n        \r\n        <\/div>\r\n        <\/div> \r\n\r\n        <!-- Model Viewer Style -->\r\n        <style>\r\n            \r\n            .wrapper_19982 .bp_model_parent, #bp_model_id_19982 {\r\n                width: 1150px;\r\n                max-width: 100%;\r\n                                            }\r\n            #bp_model_id_19982 {\r\n                height:700px;\r\n                background-color: #f2f2f2;\r\n            }\r\n            .fullscreen #bp_model_id_19982{\r\n            height: 100%;\r\n            width: 100%;\r\n            }\r\n            .wrapper_19982 .bp_model_parent{\r\n                justify-content: start            }\r\n            model-viewer.model {\r\n                --poster-color: transparent;\r\n            }\r\n        <\/style>\r\n        \r\n        \n<h2>TAM Y\u00dcKSEKL\u0130KTE TURN\u0130KELER \u0130ngiltere 2 y\u0131l garantilidir ve dayan\u0131kl\u0131 bak\u0131m ve onar\u0131m deste\u011fine sahiptir.<\/h2>\n<p>OEM ve ODM hizmetleri sa\u011flayabiliriz. \u0130htiya\u00e7lar\u0131n\u0131zdan herhangi birine g\u00f6re derin \u00f6zelle\u015ftirmeyi tamamlayabilen deneyimli tasar\u0131mc\u0131lar\u0131m\u0131z var. 3D render, boyutlu \u00e7izimler gibi bir dizi malzemeyi en k\u0131sa s\u00fcrede sa\u011flayaca\u011f\u0131z. IC\/ID kart okuyucular\u0131, parmak izi taray\u0131c\u0131lar\u0131, QR kodu taray\u0131c\u0131lar\u0131, y\u00fcz tan\u0131ma kameralar\u0131 vb. gibi biyometrik cihazlar da sa\u011fl\u0131yoruz.<\/p>\n<p style=\"font-weight: 400;\"><span style=\"font-style: inherit; font-weight: inherit;\"><strong><a href=\"https:\/\/mairsturnstile.com\/full-height-turnstiles.html\">Tam Boy Turnikeler<\/a> \u0130ngiltere<\/strong> Kap\u0131s\u0131 Eri\u015fim Kontrol\u00fc Turnike RFID Sistemi Kap\u0131s\u0131.<\/span><\/p>\n<p style=\"font-weight: 400;\"><strong>Tam boy g\u00fcvenlik turnikesi<\/strong>, y\u00fcksek s\u0131cakl\u0131\u011fa ve korozyona dayan\u0131kl\u0131, dayan\u0131kl\u0131 toz ge\u00e7irmez ve ya\u011fmur ge\u00e7irmez tasar\u0131ma sahip 304 f\u0131r\u00e7alanm\u0131\u015f <a href=\"https:\/\/en.wikipedia.org\/wiki\/Stainless_steel\" target=\"_blank\" rel=\"noopener\">paslanmaz \u00e7elikten<\/a> yap\u0131lm\u0131\u015ft\u0131r. Genellikle y\u00fcksek g\u00fcvenlikli eri\u015fim kontrol\u00fc \u00e7\u00f6z\u00fcmleri i\u00e7in kullan\u0131l\u0131r. Tam boy turnikeler \u0130ngiltere hem i\u00e7 hem de d\u0131\u015f mekanlarda kullan\u0131labilir. Tren istasyonu, h\u00fck\u00fcmet, e\u011flence parklar\u0131, cezaevleri, futbol stadyumlar\u0131, park sistemi alanlar\u0131, apartmanlar, spor salonlar\u0131, m\u00fczeler, istasyonlar, k\u00fct\u00fcphaneler, fabrikalar vb. i\u00e7in yayg\u0131n olarak kullan\u0131labilir. Kimlik\/IC kart\u0131, parmak izi, y\u00fcz tan\u0131ma, k\u0131z\u0131l\u00f6tesi dedekt\u00f6r, s\u0131cakl\u0131k kontrol cihaz\u0131, Barkod\/QR kodu, telefon uygulamas\u0131, ESD sistemi, ziyaret\u00e7i sistemi vb. ile uyumlu standart elektrik aray\u00fcz\u00fcn\u00fc kullanma<\/p>\n<p>Ger\u00e7ek senaryonuza g\u00f6re birka\u00e7 dakika i\u00e7inde sizin i\u00e7in bir render da olu\u015fturabiliriz. Ayr\u0131ca ayr\u0131nt\u0131l\u0131 yerle\u015fim ve \u00e7izimlerin yan\u0131 s\u0131ra kurulum \u00e7izimleri de sa\u011fl\u0131yoruz.<br \/>\n\n        \t\n\t<style type=\"text\/css\">\n\t\t.slider-info-19995.bafg-slider-info .bafg-slider-title {\n\t\t\t\t\t\tfont-size: 22px;\n\t\t\t\t\t\t\n\t\t\t\n\t\t\t\t\t}\n\n\t\t.slider-info-19995.bafg-slider-info .bafg-slider-description {\n\t\t\t\n\t\t\t\n\t\t\t\t\t}\n\n\t\t.slider-info-19995.bafg-slider-info .bafg_slider_readmore_button {\n\t\t\t\n\t\t\t\n\t\t\t\n\t\t\t\n\t\t\t\n\t\t\ttext-align: center;\n\n\t\t\t\n\t\t\t\n\t\t\t\n\t\t\t\n\t\t\t\n\t\t\t\n\t\t\t\t\t}\n\n\t\t.slider-info-19995.bafg-slider-info .bafg_slider_readmore_button:hover {\n\n\t\t\t\n\t\t\t\n\t\t\t\t\t}\n\n\t<\/style>\n\t\n        <div class=\"bafg-twentytwenty-container slider-19995 \" bafg-orientation=\"horizontal\" bafg-default-offset=\"0.5\" bafg-before-label=\"Before\" bafg-after-label=\"After\" bafg-overlay=\"yes\" bafg-move-slider-on-hover=\"yes\" bafg-click-to-move=\"no\">\n              \n            <img decoding=\"async\" class=\"skip-lazy\" src=\"http:\/\/mairsturnstile.com\/wp-content\/uploads\/2024\/10\/full-height-turnstiles-uk-1.jpg\" alt=\"full height turnstiles uk\" data-skip-lazy title=\"\">\n            <img decoding=\"async\" class=\"skip-lazy\" src=\"http:\/\/mairsturnstile.com\/wp-content\/uploads\/2024\/10\/full-height-turnstiles-uk.jpg\" alt=\"full height turnstiles uk\" data-skip-lazy title=\"\">\n           \n        <\/div>\n\n        \t<div class=\"bafg-slider-info-wraper\">\n\t\t<div style=\"\" class=\"slider-info-19995 bafg-slider-info\">\n\t\t\t\t\t<\/div>\n\t<\/div>\n\t\n        <style type=\"text\/css\">\n            \n        <\/style>\n        <\/p>\n<ul>\n<li>Tam Boy Turnikeler \u0130ngiltere genellikle y\u00fcksek g\u00fcvenlikli eri\u015fim kontrol \u00e7\u00f6z\u00fcmleri i\u00e7in kullan\u0131l\u0131r.<\/li>\n<li>G\u00f6vde malzemesi paslanmaya kar\u015f\u0131 dayan\u0131kl\u0131, dayan\u0131kl\u0131 ve y\u00fcksek dirence sahip 304 paslanmaz \u00e7eliktir.<\/li>\n<li>Tam Boy Yaya Turnikeleri hem i\u00e7 hem de d\u0131\u015f mekan ayarlar\u0131 i\u00e7in idealdir.<\/li>\n<li data-spm-anchor-id=\"a2700.details.pronpeci14.i0.58226f8fLZmm5D\">Turnike kap\u0131s\u0131, g\u00fc\u00e7 kapat\u0131ld\u0131\u011f\u0131nda otomatik olarak a\u00e7\u0131lacakt\u0131r, Yang\u0131n kontroll\u00fc ge\u00e7i\u015f gereksinimlerini kar\u015f\u0131lamak i\u00e7in \u00e7ok g\u00fcvenlidir.<\/li>\n<li>Geri d\u00f6nmeyi \u00f6nleme i\u015fleviyle ters y\u00f6n\u00fc durdurun.<\/li>\n<li>Mekanizma y\u00fcksek kaliteli bir hidrolik amortis\u00f6r ile donat\u0131lm\u0131\u015ft\u0131r. Bu cihazla \u00e7al\u0131\u015f\u0131rken \u00e7ok d\u00fc\u015f\u00fck ses \u00e7\u0131kar ve daha d\u00fczg\u00fcn \u00e7al\u0131\u015f\u0131r.<\/li>\n<li>Kendi kendine test fonksiyonu, g\u00fc\u00e7 a\u00e7\u0131ld\u0131\u011f\u0131nda kap\u0131 sistemi otomatik olarak eski durumuna d\u00f6necektir.<\/li>\n<li>Y\u00fcksek g\u00fcvenlikli cihaz, Tam boy turnikeler \u0130ngiltere, di\u011fer turnike t\u00fcrleriyle kar\u015f\u0131la\u015ft\u0131r\u0131ld\u0131\u011f\u0131nda y\u00fcksek g\u00fcvenlikli kap\u0131d\u0131r.<\/li>\n<li>Tek y\u00f6nl\u00fc veya \u00c7ift y\u00f6nl\u00fc iste\u011fe ba\u011fl\u0131d\u0131r.<\/li>\n<li>Hem giri\u015fte hem de \u00e7\u0131k\u0131\u015fta LED y\u00f6nl\u00fc g\u00f6sterge \u0131\u015f\u0131\u011f\u0131 bulunur.<\/li>\n<li>T\u00fcm \u00fc\u00e7\u00fcnc\u00fc taraf eri\u015fim kontrol sistemleriyle uyumludur.<\/li>\n<li>Kap\u0131n\u0131n boyutu\/tasar\u0131m\u0131 m\u00fc\u015fterinin \u00e7izimine g\u00f6re \u00f6zelle\u015ftirilebilir.<\/li>\n<li>\u0130ste\u011fe ba\u011fl\u0131 i\u015flev Eri\u015fim kontrol sistemiyle birlikte gelmesi durumunda, uzaktan kumandayla kontrol edilebilir ve do\u011frudan bilgisayar taraf\u0131ndan y\u00f6netilebilir.<\/li>\n<li>Turnike \u015feridi, yang\u0131n g\u00fcvenli\u011fi gerekliliklerine uygun olarak kapat\u0131ld\u0131\u011f\u0131nda ge\u00e7i\u015fe serbest olacakt\u0131r.<\/li>\n<li>Farkl\u0131 yerlerdeki gereksinimleri kar\u015f\u0131layacak \u015fekilde ayarlanabilir.<\/li>\n<\/ul>\n<p>T\u00fcm g\u00fcvenlik eri\u015fim kontrol\u00fc \u00e7\u00f6z\u00fcm\u00fcn\u00fc sa\u011flayabiliriz. Kendi ge\u00e7i\u015f kontrol sisteminiz varsa, do\u011frudan turnike kap\u0131m\u0131z\u0131 kullanabilirsiniz. E\u011fer elinizde yoksa, eksiksiz bir g\u00fcvenlik eri\u015fim kontrol\u00fc \u00e7\u00f6z\u00fcm\u00fc de sunuyoruz. Ayr\u0131nt\u0131lar i\u00e7in l\u00fctfen a\u015fa\u011f\u0131daki videoya bak\u0131n.<\/p>\n<p><iframe title=\"Biyometrik tam boy turnike, Y\u00fcz tan\u0131mal\u0131 tam boy turnike - MairsTurnstile\" src=\"https:\/\/www.youtube.com\/embed\/cy4ZzmrIfx0\" width=\"1150\" height=\"650\" frameborder=\"0\" allowfullscreen=\"allowfullscreen\"><\/iframe><\/p>\n","protected":false},"excerpt":{"rendered":"<p>1. Boyut: 1630*1500*2310 mm (\u00f6zelle\u015ftirilebilir)<\/p>\n<p>2. \u015eerit Geni\u015fli\u011fi: 650 mm (\u00f6zelle\u015ftirilebilir)<\/p>\n<p>3. G\u00f6vde Malzemesi: 304 paslanmaz \u00e7elik veya 316 paslanmaz \u00e7elik<\/p>\n<p>4. Ge\u00e7i\u015f h\u0131z\u0131: 30 ki\u015fi\/dakika<\/p>\n<p>5. G\u00fc\u00e7 kayna\u011f\u0131: 110 V\/220 V 50\/60 Hz<\/p>\n<p>6. Tam Boy G\u00fcvenlik Turnike Solenoidi: DC24V<\/p>\n<p>7. Kap\u0131 A\u00e7\u0131k Sinyali: Kuru Kontak\/ R\u00f6le<\/p>\n<p>8. Mant\u0131k Gerilimi: DC24V<\/p>\n<p>9. Mekanizman\u0131n g\u00fcvenilirli\u011fi: 5 milyon, hatas\u0131z<\/p>\n<p><span style=\"color: #0000ff;\"><strong><a style=\"color: #0000ff;\" title=\"Mairs CE Belgeli Tam Boy Turnike\" href=\"http:\/\/mairsturnstile.com\/wp-content\/uploads\/2022\/09\/Mairs-CE-Certificate-Full-Height-Turnstile.pdf\" target=\"_blank\" rel=\"noopener noreferrer\">CE Belgeli,<\/a> <a style=\"color: #0000ff;\" title=\"Mairs ISO9001 Sertifikas\u0131\" href=\"http:\/\/mairsturnstile.com\/wp-content\/uploads\/2022\/09\/Mairs-Registration-Certificate-ISO9001.pdf\" target=\"_blank\" rel=\"noopener noreferrer\">ISO9001 Sertifikal\u0131.<\/a><\/strong><\/span><\/p>\n<p><a title=\"Tam Boy Turnike Bro\u015f\u00fcr\u00fc\" href=\"http:\/\/mairsturnstile.com\/wp-content\/uploads\/2022\/09\/MT402-B-Full-Height-Turnstile-Brochure.pdf\" target=\"_blank\" rel=\"noopener noreferrer\"><img decoding=\"async\" class=\"alignnone size-full wp-image-11034\" src=\"http:\/\/mairsturnstile.com\/wp-content\/uploads\/2022\/09\/pdf-MairsTurnstile.png\" alt=\"\" width=\"32\" height=\"32\"><strong><span style=\"color: #0000ff;\">MT402-B Tam Boy Turnike Bro\u015f\u00fcr\u00fc<\/span><\/strong><\/a><\/p>\n<p><a title=\"Tam Boy Turnike Kurulum K\u0131lavuzu\" href=\"http:\/\/mairsturnstile.com\/wp-content\/uploads\/2023\/09\/Full-height-turnstile-installation-manual.pdf\" target=\"_blank\" rel=\"noopener noreferrer\"><img decoding=\"async\" class=\"alignnone size-full wp-image-11034\" src=\"http:\/\/mairsturnstile.com\/wp-content\/uploads\/2022\/09\/pdf-MairsTurnstile.png\" alt=\"\" width=\"32\" height=\"32\"><strong><span style=\"color: #0000ff;\"> Tam Boy Turnike Kullan\u0131m ve Kurulum K\u0131lavuzu<\/span><\/strong><\/a><\/p>\n","protected":false},"featured_media":29297,"comment_status":"closed","ping_status":"closed","template":"","meta":{"neve_meta_sidebar":"","neve_meta_container":"","neve_meta_enable_content_width":"off","neve_meta_content_width":0,"neve_meta_title_alignment":"","neve_meta_author_avatar":"","neve_post_elements_order":"","neve_meta_disable_header":"","neve_meta_disable_footer":"","neve_meta_disable_title":"","_ti_tpc_template_sync":false,"_ti_tpc_template_id":""},"product_cat":[1916,1973],"product_tag":[2585,2239,1975,2595,2323,2596],"class_list":["post-34363","product","type-product","status-publish","has-post-thumbnail","hentry","product_cat-guvenlik-turnikeleri","product_cat-tam-boy-turnikeler","product_tag-satilik-tam-boy-turnike","product_tag-tam-boy-turnike","product_tag-tam-boy-turnikeler","product_tag-tam-yukseklikte-turnikeler-ingiltere","product_tag-tek-tam-yukseklikte-turnike","product_tag-turnike-kapisi-ingiltere"],"_links":{"self":[{"href":"https:\/\/mairsturnstile.com\/tr\/wp-json\/wp\/v2\/product\/34363","targetHints":{"allow":["GET"]}}],"collection":[{"href":"https:\/\/mairsturnstile.com\/tr\/wp-json\/wp\/v2\/product"}],"about":[{"href":"https:\/\/mairsturnstile.com\/tr\/wp-json\/wp\/v2\/types\/product"}],"replies":[{"embeddable":true,"href":"https:\/\/mairsturnstile.com\/tr\/wp-json\/wp\/v2\/comments?post=34363"}],"version-history":[{"count":0,"href":"https:\/\/mairsturnstile.com\/tr\/wp-json\/wp\/v2\/product\/34363\/revisions"}],"wp:featuredmedia":[{"embeddable":true,"href":"https:\/\/mairsturnstile.com\/tr\/wp-json\/wp\/v2\/media\/29297"}],"wp:attachment":[{"href":"https:\/\/mairsturnstile.com\/tr\/wp-json\/wp\/v2\/media?parent=34363"}],"wp:term":[{"taxonomy":"product_cat","embeddable":true,"href":"https:\/\/mairsturnstile.com\/tr\/wp-json\/wp\/v2\/product_cat?post=34363"},{"taxonomy":"product_tag","embeddable":true,"href":"https:\/\/mairsturnstile.com\/tr\/wp-json\/wp\/v2\/product_tag?post=34363"}],"curies":[{"name":"wp","href":"https:\/\/api.w.org\/{rel}","templated":true}]}}