{"id":34721,"date":"2021-04-27T15:44:16","date_gmt":"2021-04-27T07:44:16","guid":{"rendered":"https:\/\/mairsturnstile.com\/product\/satilik-tripod-turnike-mekanizmasi-mt146"},"modified":"2023-11-14T09:11:40","modified_gmt":"2023-11-14T01:11:40","slug":"tripod-turnike-mekanizmasi","status":"publish","type":"product","link":"https:\/\/mairsturnstile.com\/tr\/urun\/tripod-turnike-mekanizmasi","title":{"rendered":"SATILIK TR\u0130POD TURN\u0130KE MEKAN\u0130ZMASI MT146"},"content":{"rendered":"<h2><strong>Tripod turnike mekanizmas\u0131, Otomatik tripod turnike mekanizmas\u0131<\/strong><\/h2>\n<h3>Dayan\u0131kl\u0131 \u00f6zelle\u015ftirilmi\u015f otomatik <strong>tripod turnike kap\u0131s\u0131 mekanizmas\u0131<\/strong><\/h3>\n<p>Poliketid sentaz\u0131n montaj hatt\u0131nda, ara maddelerin e\u015fzamanl\u0131 i\u015flenmesi i\u00e7in bir turnike kap\u0131s\u0131 mekanizmas\u0131 belirlendi. Zincirin uzamas\u0131 mod\u00fcl\u00fcn kapanmas\u0131na ve zincirin bir sonraki mod\u00fcle kayd\u0131r\u0131larak turnikenin yeniden a\u00e7\u0131lmas\u0131na neden olur.<\/p>\n<p><strong>Tripod <a href=\"https:\/\/mairsturnstile.com\/turnstile-mechanism.html\" target=\"_blank\" rel=\"noopener\">turnike mekanizmas\u0131<\/a><\/strong>, <a href=\"https:\/\/mairsturnstile.com\/product\/tripod-security-gate\">tripod turnike<\/a> kap\u0131s\u0131n\u0131n temel bile\u015fenlerinden biridir ve turnike mekanizmas\u0131, kanat kolunun sal\u0131n\u0131m\u0131n\u0131 kontrol ederek tripod turnike kap\u0131s\u0131n\u0131 kontrol eder. Tripod turnike mekanizmas\u0131n\u0131n \u00e7al\u0131\u015fma kalitesi, tripod turnike kap\u0131s\u0131n\u0131n kalitesini belirler ancak tripod turnike kap\u0131s\u0131n\u0131n ar\u0131zalanmas\u0131 ayn\u0131 zamanda tripod turnike mekanizmas\u0131yla da ilgilidir.<\/p>\n<p><strong>\u00d6zellikler:<\/strong><\/p>\n<ol>\n<li>Kabuk, 1,5 mm kal\u0131nl\u0131\u011f\u0131nda 304 <a href=\"https:\/\/en.wikipedia.org\/wiki\/Stainless_steel\" target=\"_blank\" rel=\"noopener\">paslanmaz \u00e7elikten<\/a> yap\u0131lm\u0131\u015ft\u0131r;<\/li>\n<li>Mekatronik yap\u0131 tasar\u0131m\u0131, \u00f6zel proses d\u00f6ner tablas\u0131, sa\u011flam ve g\u00fcvenilir mekanik kendinden kilitleme mekanizmas\u0131<\/li>\n<li>\u0130ki y\u00f6nl\u00fc eri\u015fim (\u00c7ift Y\u00f6nl\u00fc Kol)<\/li>\n<li>Kap\u0131 a\u00e7ma sinyali g\u00f6nderildikten sonra 5 saniye i\u00e7erisinde ge\u00e7ilmezse tekrar kilitlenecektir.<\/li>\n<li>G\u00fc\u00e7 otomatik olarak kesildi\u011finde kol d\u00fc\u015fer (kol d\u00fc\u015f\u00fcrme fonksiyonu ile), A\u00e7\u0131ld\u0131\u011f\u0131nda kolu manuel olarak serbest b\u0131rakmak ve sal\u0131n\u0131m kolunu s\u0131f\u0131rlamak gerekir (iste\u011fe ba\u011fl\u0131)<\/li>\n<li>Bu y\u00f6nde ge\u00e7en ki\u015fi say\u0131s\u0131n\u0131 g\u00f6r\u00fcnt\u00fclemek i\u00e7in harici \u00e7ift y\u00f6nl\u00fc ak\u0131\u015f sayac\u0131na ba\u011flanabilir. \u0130nsanlar ge\u00e7ti\u011finde, kar\u015f\u0131l\u0131k gelen sayma portu yakla\u015f\u0131k 200 geni\u015flikte bir darbe geni\u015fli\u011fi sinyali \u00fcretir. Personel kap\u0131y\u0131 ge\u00e7emezse ilgili say\u0131m portu 200 ms i\u00e7inde \u00e7\u0131k\u0131\u015f yapmayacakt\u0131r.<\/li>\n<li>Geri d\u00f6n\u00fc\u015f\u00fc \u00f6nleyici personel (ba\u015fkalar\u0131n\u0131n takip etmesini engelleyin)<\/li>\n<li>DC12V elektromekanik motor, ayn\u0131 anda tek ki\u015fi pozitif kilitleme i\u015flemi; Geri d\u00f6n\u00fc\u015f\u00fc \u00f6nleyin.<\/li>\n<li>Acil durum s\u00fcresi ve elektrik kesintisi s\u00fcresi: Tahliye ge\u00e7i\u015f yolunun t\u0131kanmamas\u0131n\u0131 sa\u011flamak i\u00e7in kol otomatik olarak al\u00e7alacakt\u0131r.<\/li>\n<li>Biyometrik kart okuyucular, RFID kart okuyucular, taramal\u0131 kart okuyucular, butonlar vb. gibi eri\u015fim kontrol sistemlerinin aray\u00fcz\u00fc i\u00e7in kullan\u0131labilir.<\/li>\n<li>Durum \u0131\u015f\u0131\u011f\u0131 g\u00f6stergesi mevcuttur.<\/li>\n<li>Yolcu sayac\u0131 bulunmaktad\u0131r.<\/li>\n<\/ol>\n<p>&nbsp;<\/p>\n","protected":false},"excerpt":{"rendered":"<p>1. G\u00fc\u00e7: AC220C\u00b110V,50HZ<\/p>\n<p>2. \u00c7al\u0131\u015fma: S\u0131cakl\u0131k -15\u00b0C-60\u00b0C<\/p>\n<p>3. Ba\u011f\u0131l Nem: \u2264%95, His Yok<\/p>\n<p>4. Eri\u015fim Geni\u015fli\u011fi: \u2264600mm<\/p>\n<p>5. Ge\u00e7i\u015f H\u0131z\u0131: 30 ki\u015fi \/ dak (IC Kart)<\/p>\n<p>6. Giri\u015f Ba\u011flant\u0131s\u0131: +12V Seviye Sinyal veya Darbe Geni\u015f&gt;100ms DC12V<\/p>\n<p>7. Haberle\u015fme Ba\u011flant\u0131s\u0131: RS485 Haberle\u015fme Mod\u00fcl\u00fc Standard\u0131.<\/p>\n<p>8. Malzeme: SUS304, kal\u0131nl\u0131k 1,5 mm&#8217;den az de\u011fildir<\/p>\n<p>9. Koruma S\u0131n\u0131f\u0131: IP54<\/p>\n","protected":false},"featured_media":35647,"comment_status":"closed","ping_status":"closed","template":"","meta":{"neve_meta_sidebar":"","neve_meta_container":"","neve_meta_enable_content_width":"on","neve_meta_content_width":100,"neve_meta_title_alignment":"","neve_meta_author_avatar":"","neve_post_elements_order":"","neve_meta_disable_header":"","neve_meta_disable_footer":"","neve_meta_disable_title":"","_ti_tpc_template_sync":false,"_ti_tpc_template_id":""},"product_cat":[1916,1942],"product_tag":[2903,2902,2901,2335,2332],"class_list":["post-34721","product","type-product","status-publish","has-post-thumbnail","hentry","product_cat-guvenlik-turnikeleri","product_cat-tripod-turnike","product_tag-satilik-tripod-turnike-mekanizmasi","product_tag-tripod-turnike-kapisi-mekanizmasi","product_tag-tripod-turnike-mekanizmasi","product_tag-turnike-bilesenleri","product_tag-turnike-mekanizmasi"],"_links":{"self":[{"href":"https:\/\/mairsturnstile.com\/tr\/wp-json\/wp\/v2\/product\/34721","targetHints":{"allow":["GET"]}}],"collection":[{"href":"https:\/\/mairsturnstile.com\/tr\/wp-json\/wp\/v2\/product"}],"about":[{"href":"https:\/\/mairsturnstile.com\/tr\/wp-json\/wp\/v2\/types\/product"}],"replies":[{"embeddable":true,"href":"https:\/\/mairsturnstile.com\/tr\/wp-json\/wp\/v2\/comments?post=34721"}],"version-history":[{"count":0,"href":"https:\/\/mairsturnstile.com\/tr\/wp-json\/wp\/v2\/product\/34721\/revisions"}],"wp:featuredmedia":[{"embeddable":true,"href":"https:\/\/mairsturnstile.com\/tr\/wp-json\/wp\/v2\/media\/35647"}],"wp:attachment":[{"href":"https:\/\/mairsturnstile.com\/tr\/wp-json\/wp\/v2\/media?parent=34721"}],"wp:term":[{"taxonomy":"product_cat","embeddable":true,"href":"https:\/\/mairsturnstile.com\/tr\/wp-json\/wp\/v2\/product_cat?post=34721"},{"taxonomy":"product_tag","embeddable":true,"href":"https:\/\/mairsturnstile.com\/tr\/wp-json\/wp\/v2\/product_tag?post=34721"}],"curies":[{"name":"wp","href":"https:\/\/api.w.org\/{rel}","templated":true}]}}