{"id":34722,"date":"2021-04-27T16:38:55","date_gmt":"2021-04-27T08:38:55","guid":{"rendered":"https:\/\/mairsturnstile.com\/product\/satilik-tam-yuksek-turnike-mekanizmasi-mt601"},"modified":"2024-10-28T17:32:34","modified_gmt":"2024-10-28T09:32:34","slug":"tam-boy-turnike-mekanizmasi","status":"publish","type":"product","link":"https:\/\/mairsturnstile.com\/tr\/urun\/tam-boy-turnike-mekanizmasi","title":{"rendered":"TAM Y\u00dcKSEK TURN\u0130KE MEKAN\u0130ZMASI MT601"},"content":{"rendered":"<p><iframe title=\"YouTube video oynat\u0131c\u0131\" src=\"https:\/\/www.youtube.com\/embed\/Su17joHCYgU\" width=\"560\" height=\"315\" frameborder=\"0\" allowfullscreen=\"allowfullscreen\"><\/iframe><\/p>\n<h2>Tam boy turnike mekanizmas\u0131, <strong><b>Yar\u0131-Otomatik tam boy turnike mekanizmas\u0131 <\/b><\/strong> <\/h2>\n<p>Tam y\u00fckseklikte <a href=\"https:\/\/mairsturnstile.com\/turnstile-mechanism.html\" target=\"_blank\" rel=\"noopener\">turnike mekanizmas\u0131<\/a>, turnike kap\u0131s\u0131n\u0131n temel bile\u015fenlerinden biridir ve tam y\u00fckseklikte turnike mekanizmas\u0131, kanat kolunun sal\u0131n\u0131m\u0131n\u0131 kontrol ederek turnike kap\u0131s\u0131n\u0131 kontrol eder. Bu tam y\u00fckseklikte turnike mekanizmas\u0131 120 derece veya 90 derece d\u00f6nebilen tam y\u00fckseklikte turnikeler i\u00e7indir.<\/p>\n<p>Tam y\u00fckseklikte turnike kap\u0131s\u0131n\u0131n <a href=\"https:\/\/en.wikipedia.org\/wiki\/Mechanism\" target=\"_blank\" rel=\"noopener\">mekanizmas\u0131<\/a>, t\u00fcm tam y\u00fckseklikte turnike kap\u0131s\u0131n\u0131n \u00e7ekirde\u011fidir.<\/p>\n<p>Mekanizman\u0131n \u00e7al\u0131\u015fma <a href=\"https:\/\/mairsturnstile.com\/product\/full-height-turnstile-gate-mt402-2-b\">kalitesi tam boy turnike<\/a> kap\u0131s\u0131n\u0131n kalitesini belirler, ancak tam boy turnike kap\u0131s\u0131n\u0131n ar\u0131zalanmas\u0131 da mekanizma ile ilgilidir. Sadece do\u011fru kullan\u0131m y\u00f6ntemi ve uygun bak\u0131m, turnike kap\u0131s\u0131n\u0131n hizmet \u00f6mr\u00fcn\u00fc sa\u011flaman\u0131n anahtar\u0131d\u0131r. Bu ayn\u0131 zamanda turnike kap\u0131s\u0131n\u0131n genel hizmet \u00f6mr\u00fcn\u00fc art\u0131rmaya y\u00f6nelik bir y\u00f6ntemdir; Maers, tam y\u00fckseklikte bir turnike kap\u0131s\u0131 i\u00e7in en kaliteli mekanizmay\u0131 sunar.<\/p>\n<p><strong>\u00d6zellikler:<\/strong><\/p>\n<ol>\n<li>Kararl\u0131 \u00e7al\u0131\u015fma, g\u00fcr\u00fclt\u00fc yok ve mekanik etki<\/li>\n<li>Yolcu say\u0131s\u0131 ayarlanabilir<\/li>\n<li>Se\u00e7ebilece\u011finiz \u00e7e\u015fitli kal\u0131p i\u015fleme y\u00f6ntemleri<\/li>\n<li>\u00c7ift y\u00f6nl\u00fc, tek y\u00f6ne izin verilir, biri yasakt\u0131r veya tek y\u00f6nde \u015farj edilir, biri \u00fccretsizdir. T\u00fcm \u00e7al\u0131\u015fma kal\u0131plar\u0131 ana kontrol panosundaki d\u00fc\u011fmelerle ayarlan\u0131r<\/li>\n<li>D\u00fc\u015fen kiri\u015f ve as\u0131l\u0131 kiri\u015f, kullan\u0131c\u0131lar\u0131n \u00f6zel gereksinimlerini ve yang\u0131ndan korunma gereksinimlerini kar\u015f\u0131lamak i\u00e7in uzun mesafelerde kontrol edilebilir.<\/li>\n<li>Y\u00f6n g\u00f6sterge \u0131\u015f\u0131\u011f\u0131 turnikede gidece\u011finiz y\u00f6n\u00fc g\u00f6sterir<\/li>\n<li>\u00c7e\u015fitli okuma ve yazma cihazlar\u0131yla ba\u011flant\u0131l\u0131 standart elektrik aray\u00fcz\u00fc, RS485 ileti\u015fim aray\u00fcz\u00fc, r\u00f6le aray\u00fcz\u00fc ve seviye aray\u00fcz\u00fc<\/li>\n<li>T\u00fcm i\u015flevler, bir bilgisayar taraf\u0131ndan uzaktan kontrol edilen ve y\u00f6netilen tek bir hepsi bir arada bilgisayarda ger\u00e7ekle\u015ftirilir<\/li>\n<li>Yoldan ge\u00e7enlerin say\u0131s\u0131n\u0131 otomatik olarak sayabilir, LED ekran<\/li>\n<li>Kiri\u015fi kald\u0131rmak i\u00e7in g\u00fc\u00e7 kayna\u011f\u0131n\u0131 kesin. G\u00fc\u00e7 a\u00e7\u0131kken kol otomatik olarak y\u00fckselecek ve engellerle kar\u015f\u0131la\u015ft\u0131\u011f\u0131nda duracakt\u0131r.<\/li>\n<li>Kart okuyucu haf\u0131zal\u0131 veya haf\u0131zas\u0131z fonksiyon ihtiya\u00e7lar\u0131n\u0131za g\u00f6re ayarlanabilir.<\/li>\n<li>Alarm\u0131n kendi kendine kontrol edilmesi i\u015flemi<\/li>\n<\/ol>\n","protected":false},"excerpt":{"rendered":"<p>1. G\u00fc\u00e7: AC220C\u00b110V,50\/60HZ;<\/p>\n<p>2. Makine \u00e7ekirde\u011fi: Yar\u0131 otomatik<\/p>\n<p>3. \u00c7al\u0131\u015fma S\u0131cakl\u0131\u011f\u0131: -45\u00b0C-60\u00b0C<\/p>\n<p>4. Ge\u00e7i\u015f H\u0131z\u0131: 30 ki\u015fi \/ dak (IC Kart)<\/p>\n<p>5. Ba\u011f\u0131l Nem: \u2264%95, Yo\u011fu\u015fma Yok<\/p>\n<p>6. Ge\u00e7i\u015f Geni\u015fli\u011fi: \u2264600mm<\/p>\n<p>7. \u0130leti\u015fim Ba\u011flant\u0131s\u0131: RS485 \u0130leti\u015fimi<\/p>\n<p>8. Malzeme: Paslanmaz \u00e7elik 304, kal\u0131nl\u0131k 1,3 mm&#8217;den az de\u011fildir<\/p>\n<p>9. \u0130leti\u015fim Mesafesi: 1200M<\/p>\n<p>10. \u00c7al\u0131\u015fma \u00f6mr\u00fc: 3 Milyon (S\u00fcrekli A\u00e7ma ve Kapama \u0130\u015flemi)<\/p>\n<p>11. Koruma seviyesi: IP54<\/p>\n","protected":false},"featured_media":35792,"comment_status":"closed","ping_status":"closed","template":"","meta":{"neve_meta_sidebar":"","neve_meta_container":"","neve_meta_enable_content_width":"off","neve_meta_content_width":0,"neve_meta_title_alignment":"","neve_meta_author_avatar":"","neve_post_elements_order":"","neve_meta_disable_header":"","neve_meta_disable_footer":"","neve_meta_disable_title":"","_ti_tpc_template_sync":false,"_ti_tpc_template_id":""},"product_cat":[1916,1973],"product_tag":[2904,2905,2335,2333,2332],"class_list":["post-34722","product","type-product","status-publish","has-post-thumbnail","hentry","product_cat-guvenlik-turnikeleri","product_cat-tam-boy-turnikeler","product_tag-tam-boy-turnike-mekanizmasi","product_tag-tam-yukseklikte-turnike-kapisi-mekanizmasi","product_tag-turnike-bilesenleri","product_tag-turnike-kapisi-mekanizmasi","product_tag-turnike-mekanizmasi"],"_links":{"self":[{"href":"https:\/\/mairsturnstile.com\/tr\/wp-json\/wp\/v2\/product\/34722","targetHints":{"allow":["GET"]}}],"collection":[{"href":"https:\/\/mairsturnstile.com\/tr\/wp-json\/wp\/v2\/product"}],"about":[{"href":"https:\/\/mairsturnstile.com\/tr\/wp-json\/wp\/v2\/types\/product"}],"replies":[{"embeddable":true,"href":"https:\/\/mairsturnstile.com\/tr\/wp-json\/wp\/v2\/comments?post=34722"}],"version-history":[{"count":0,"href":"https:\/\/mairsturnstile.com\/tr\/wp-json\/wp\/v2\/product\/34722\/revisions"}],"wp:featuredmedia":[{"embeddable":true,"href":"https:\/\/mairsturnstile.com\/tr\/wp-json\/wp\/v2\/media\/35792"}],"wp:attachment":[{"href":"https:\/\/mairsturnstile.com\/tr\/wp-json\/wp\/v2\/media?parent=34722"}],"wp:term":[{"taxonomy":"product_cat","embeddable":true,"href":"https:\/\/mairsturnstile.com\/tr\/wp-json\/wp\/v2\/product_cat?post=34722"},{"taxonomy":"product_tag","embeddable":true,"href":"https:\/\/mairsturnstile.com\/tr\/wp-json\/wp\/v2\/product_tag?post=34722"}],"curies":[{"name":"wp","href":"https:\/\/api.w.org\/{rel}","templated":true}]}}